{"id":30,"date":"2021-12-16T16:37:30","date_gmt":"2021-12-16T15:37:30","guid":{"rendered":"https:\/\/landhaus-lellichow.de\/?page_id=30"},"modified":"2025-08-28T10:02:17","modified_gmt":"2025-08-28T08:02:17","slug":"premium-zimmer","status":"publish","type":"page","link":"https:\/\/landhaus-lellichow.de\/en\/premium-zimmer\/","title":{"rendered":"Premium double room"},"content":{"rendered":"<div data-elementor-type=\"wp-page\" data-elementor-id=\"30\" class=\"elementor elementor-30\" data-elementor-post-type=\"page\">\n\t\t\t\t\t\t<section class=\"elementor-section elementor-top-section elementor-element elementor-element-7199ce4 elementor-section-full_width elementor-section-height-default elementor-section-height-default\" data-id=\"7199ce4\" data-element_type=\"section\" data-e-type=\"section\">\n\t\t\t\t\t\t<div class=\"elementor-container elementor-column-gap-no\">\n\t\t\t\t\t<div class=\"elementor-column elementor-col-100 elementor-top-column elementor-element elementor-element-53d201c\" data-id=\"53d201c\" data-element_type=\"column\" data-e-type=\"column\">\n\t\t\t<div class=\"elementor-widget-wrap elementor-element-populated\">\n\t\t\t\t\t\t<div class=\"elementor-element elementor-element-b1a5732 elementor--h-position-center elementor--v-position-middle elementor-widget elementor-widget-slides\" data-id=\"b1a5732\" data-element_type=\"widget\" data-e-type=\"widget\" data-settings=\"{&quot;navigation&quot;:&quot;none&quot;,&quot;_animation&quot;:&quot;none&quot;,&quot;autoplay&quot;:&quot;yes&quot;,&quot;pause_on_hover&quot;:&quot;yes&quot;,&quot;pause_on_interaction&quot;:&quot;yes&quot;,&quot;autoplay_speed&quot;:5000,&quot;infinite&quot;:&quot;yes&quot;,&quot;transition&quot;:&quot;slide&quot;,&quot;transition_speed&quot;:500}\" data-widget_type=\"slides.default\">\n\t\t\t\t<div class=\"elementor-widget-container\">\n\t\t\t\t\t\t\t\t\t<div class=\"elementor-swiper\">\n\t\t\t\t\t<div class=\"elementor-slides-wrapper elementor-main-swiper swiper\" role=\"region\" aria-roledescription=\"carousel\" aria-label=\"Slider\" dir=\"ltr\" data-animation=\"fadeInUp\">\n\t\t\t\t<div class=\"swiper-wrapper elementor-slides\">\n\t\t\t\t\t\t\t\t\t\t<div class=\"elementor-repeater-item-e1b5d4e swiper-slide\" role=\"group\" aria-roledescription=\"slide\"><div class=\"swiper-slide-bg\" role=\"img\" aria-label=\"Ger\u00e4umiges Premium-Doppelzimmer mit einem gro\u00dfen Bett, einem Schaffell-\u00dcberwurf und einem Berggem\u00e4lde \u00fcber dem Kopfteil.\"><\/div><div class=\"elementor-background-overlay\"><\/div><div class=\"swiper-slide-inner\" ><div class=\"swiper-slide-contents\"><div class=\"elementor-slide-heading\">Rooms<\/div><div class=\"elementor-slide-description\">Premium double room<\/div><a href=\"#scroll\" target=\"_blank\" class=\"elementor-button elementor-slide-button elementor-size-sm\">Learn more<\/a><\/div><\/div><\/div>\t\t\t\t<\/div>\n\t\t\t\t\t\t\t<\/div>\n\t\t\t\t<\/div>\n\t\t\t\t\t\t\t\t<\/div>\n\t\t\t\t<\/div>\n\t\t\t\t\t<\/div>\n\t\t<\/div>\n\t\t\t\t\t<\/div>\n\t\t<\/section>\n\t\t\t\t<section class=\"elementor-section elementor-top-section elementor-element elementor-element-5b4daa0 elementor-section-boxed elementor-section-height-default elementor-section-height-default\" data-id=\"5b4daa0\" data-element_type=\"section\" data-e-type=\"section\">\n\t\t\t\t\t\t<div class=\"elementor-container elementor-column-gap-default\">\n\t\t\t\t\t<div class=\"elementor-column elementor-col-100 elementor-top-column elementor-element elementor-element-9a8b7ca\" data-id=\"9a8b7ca\" data-element_type=\"column\" data-e-type=\"column\">\n\t\t\t<div class=\"elementor-widget-wrap elementor-element-populated\">\n\t\t\t\t\t\t<div class=\"elementor-element elementor-element-f4d1b06 elementor-widget elementor-widget-spacer\" data-id=\"f4d1b06\" data-element_type=\"widget\" data-e-type=\"widget\" data-widget_type=\"spacer.default\">\n\t\t\t\t<div class=\"elementor-widget-container\">\n\t\t\t\t\t\t\t<div class=\"elementor-spacer\">\n\t\t\t<div class=\"elementor-spacer-inner\"><\/div>\n\t\t<\/div>\n\t\t\t\t\t\t<\/div>\n\t\t\t\t<\/div>\n\t\t\t\t\t<\/div>\n\t\t<\/div>\n\t\t\t\t\t<\/div>\n\t\t<\/section>\n\t\t\t\t<section class=\"elementor-section elementor-top-section elementor-element elementor-element-ccc506c elementor-section-boxed elementor-section-height-default elementor-section-height-default\" data-id=\"ccc506c\" data-element_type=\"section\" data-e-type=\"section\" id=\"scroll\">\n\t\t\t\t\t\t<div class=\"elementor-container elementor-column-gap-default\">\n\t\t\t\t\t<div class=\"elementor-column elementor-col-100 elementor-top-column elementor-element elementor-element-44aa7af\" data-id=\"44aa7af\" data-element_type=\"column\" data-e-type=\"column\">\n\t\t\t<div class=\"elementor-widget-wrap elementor-element-populated\">\n\t\t\t\t\t\t<div class=\"elementor-element elementor-element-4314839 elementor-widget elementor-widget-heading\" data-id=\"4314839\" data-element_type=\"widget\" data-e-type=\"widget\" data-widget_type=\"heading.default\">\n\t\t\t\t<div class=\"elementor-widget-container\">\n\t\t\t\t\t<h2 class=\"elementor-heading-title elementor-size-default\">Generous<\/h2>\t\t\t\t<\/div>\n\t\t\t\t<\/div>\n\t\t\t\t<div class=\"elementor-element elementor-element-3181a86 elementor-widget elementor-widget-heading\" data-id=\"3181a86\" data-element_type=\"widget\" data-e-type=\"widget\" data-widget_type=\"heading.default\">\n\t\t\t\t<div class=\"elementor-widget-container\">\n\t\t\t\t\t<h2 class=\"elementor-heading-title elementor-size-default\">Room, in a rural flair.<\/h2>\t\t\t\t<\/div>\n\t\t\t\t<\/div>\n\t\t\t\t<div class=\"elementor-element elementor-element-84fae1e elementor-widget elementor-widget-heading\" data-id=\"84fae1e\" data-element_type=\"widget\" data-e-type=\"widget\" data-widget_type=\"heading.default\">\n\t\t\t\t<div class=\"elementor-widget-container\">\n\t\t\t\t\t<h2 class=\"elementor-heading-title elementor-size-default\">119 \u20ac pro Nacht \/ zur Einzelnutzung: 119 \u20ac exklusive Fr\u00fchst\u00fcck vom Buffet 16 \u20ac pro Person<\/h2>\t\t\t\t<\/div>\n\t\t\t\t<\/div>\n\t\t\t\t<div class=\"elementor-element elementor-element-6bffa9b elementor--star-style-star_unicode elementor-widget elementor-widget-star-rating\" data-id=\"6bffa9b\" data-element_type=\"widget\" data-e-type=\"widget\" data-widget_type=\"star-rating.default\">\n\t\t\t\t<div class=\"elementor-widget-container\">\n\t\t\t\t\t\t\t<div class=\"elementor-star-rating__wrapper\">\n\t\t\t\t\t\t<div class=\"elementor-star-rating\" itemtype=\"http:\/\/schema.org\/Rating\" itemscope=\"\" itemprop=\"reviewRating\">\n\t\t\t\t<i class=\"elementor-star-full\" aria-hidden=\"true\">&#9733;<\/i><i class=\"elementor-star-full\" aria-hidden=\"true\">&#9733;<\/i><i class=\"elementor-star-full\" aria-hidden=\"true\">&#9733;<\/i><i class=\"elementor-star-full\" aria-hidden=\"true\">&#9733;<\/i><i class=\"elementor-star-full\" aria-hidden=\"true\">&#9733;<\/i>\t\t\t\t<span itemprop=\"ratingValue\" class=\"elementor-screen-only\">Bewertet mit 5 von 5<\/span>\n\t\t\t<\/div>\n\t\t<\/div>\n\t\t\t\t\t\t<\/div>\n\t\t\t\t<\/div>\n\t\t\t\t\t<\/div>\n\t\t<\/div>\n\t\t\t\t\t<\/div>\n\t\t<\/section>\n\t\t\t\t<section class=\"elementor-section elementor-top-section elementor-element elementor-element-99ca2fd elementor-section-boxed elementor-section-height-default elementor-section-height-default\" data-id=\"99ca2fd\" data-element_type=\"section\" data-e-type=\"section\">\n\t\t\t\t\t\t<div class=\"elementor-container elementor-column-gap-default\">\n\t\t\t\t\t<div class=\"elementor-column elementor-col-100 elementor-top-column elementor-element elementor-element-8b7d364\" data-id=\"8b7d364\" data-element_type=\"column\" data-e-type=\"column\">\n\t\t\t<div class=\"elementor-widget-wrap elementor-element-populated\">\n\t\t\t\t\t\t<div class=\"elementor-element elementor-element-17a8e00 elementor--h-position-center elementor--v-position-middle elementor-arrows-position-inside elementor-widget elementor-widget-slides\" data-id=\"17a8e00\" data-element_type=\"widget\" data-e-type=\"widget\" data-settings=\"{&quot;navigation&quot;:&quot;arrows&quot;,&quot;transition&quot;:&quot;fade&quot;,&quot;autoplay&quot;:&quot;yes&quot;,&quot;pause_on_hover&quot;:&quot;yes&quot;,&quot;pause_on_interaction&quot;:&quot;yes&quot;,&quot;autoplay_speed&quot;:5000,&quot;infinite&quot;:&quot;yes&quot;,&quot;transition_speed&quot;:500}\" data-widget_type=\"slides.default\">\n\t\t\t\t<div class=\"elementor-widget-container\">\n\t\t\t\t\t\t\t\t\t<div class=\"elementor-swiper\">\n\t\t\t\t\t<div class=\"elementor-slides-wrapper elementor-main-swiper swiper\" role=\"region\" aria-roledescription=\"carousel\" aria-label=\"Slider\" dir=\"ltr\" data-animation=\"fadeInUp\">\n\t\t\t\t<div class=\"swiper-wrapper elementor-slides\">\n\t\t\t\t\t\t\t\t\t\t<div class=\"elementor-repeater-item-a87937b swiper-slide\" role=\"group\" aria-roledescription=\"slide\"><div class=\"swiper-slide-bg\" role=\"img\" aria-label=\"Hotel_Lellichow_Premiumzimmer_01-1-1160x774\"><\/div><div class=\"swiper-slide-inner\" ><div class=\"swiper-slide-contents\"><\/div><\/div><\/div><div class=\"elementor-repeater-item-ada8cb1 swiper-slide\" role=\"group\" aria-roledescription=\"slide\"><div class=\"swiper-slide-bg\" role=\"img\" aria-label=\"Modernes Badezimmer-Waschbecken mit einer Chrom-Armatur auf einer Granitplatte.\"><\/div><div class=\"swiper-slide-inner\" ><div class=\"swiper-slide-contents\"><\/div><\/div><\/div>\t\t\t\t<\/div>\n\t\t\t\t\t\t\t\t\t\t\t\t\t\t\t<div class=\"elementor-swiper-button elementor-swiper-button-prev\" role=\"button\" tabindex=\"0\" aria-label=\"Vorheriger Slide\">\n\t\t\t\t\t\t\t<i aria-hidden=\"true\" class=\"eicon-chevron-left\"><\/i>\t\t\t\t\t\t<\/div>\n\t\t\t\t\t\t<div class=\"elementor-swiper-button elementor-swiper-button-next\" role=\"button\" tabindex=\"0\" aria-label=\"N\u00e4chster Slide\">\n\t\t\t\t\t\t\t<i aria-hidden=\"true\" class=\"eicon-chevron-right\"><\/i>\t\t\t\t\t\t<\/div>\n\t\t\t\t\t\t\t\t\t\t\t\t\t\t\t\t\t<\/div>\n\t\t\t\t<\/div>\n\t\t\t\t\t\t\t\t<\/div>\n\t\t\t\t<\/div>\n\t\t\t\t\t<\/div>\n\t\t<\/div>\n\t\t\t\t\t<\/div>\n\t\t<\/section>\n\t\t\t\t<section class=\"elementor-section elementor-top-section elementor-element elementor-element-7c5a53e elementor-section-boxed elementor-section-height-default elementor-section-height-default\" data-id=\"7c5a53e\" data-element_type=\"section\" data-e-type=\"section\">\n\t\t\t\t\t\t<div class=\"elementor-container elementor-column-gap-default\">\n\t\t\t\t\t<div class=\"elementor-column elementor-col-100 elementor-top-column elementor-element elementor-element-579cf36\" data-id=\"579cf36\" data-element_type=\"column\" data-e-type=\"column\">\n\t\t\t<div class=\"elementor-widget-wrap elementor-element-populated\">\n\t\t\t\t\t\t<div class=\"elementor-element elementor-element-2ad1500 elementor-widget elementor-widget-spacer\" data-id=\"2ad1500\" data-element_type=\"widget\" data-e-type=\"widget\" data-widget_type=\"spacer.default\">\n\t\t\t\t<div class=\"elementor-widget-container\">\n\t\t\t\t\t\t\t<div class=\"elementor-spacer\">\n\t\t\t<div class=\"elementor-spacer-inner\"><\/div>\n\t\t<\/div>\n\t\t\t\t\t\t<\/div>\n\t\t\t\t<\/div>\n\t\t\t\t\t<\/div>\n\t\t<\/div>\n\t\t\t\t\t<\/div>\n\t\t<\/section>\n\t\t\t\t<section class=\"elementor-section elementor-top-section elementor-element elementor-element-54b2d27 elementor-section-boxed elementor-section-height-default elementor-section-height-default\" data-id=\"54b2d27\" data-element_type=\"section\" data-e-type=\"section\">\n\t\t\t\t\t\t<div class=\"elementor-container elementor-column-gap-default\">\n\t\t\t\t\t<div class=\"elementor-column elementor-col-100 elementor-top-column elementor-element elementor-element-45cee2a\" data-id=\"45cee2a\" data-element_type=\"column\" data-e-type=\"column\">\n\t\t\t<div class=\"elementor-widget-wrap elementor-element-populated\">\n\t\t\t\t\t\t<div class=\"elementor-element elementor-element-8f96cf0 elementor-invisible elementor-widget elementor-widget-text-editor\" data-id=\"8f96cf0\" data-element_type=\"widget\" data-e-type=\"widget\" data-settings=\"{&quot;_animation&quot;:&quot;fadeInUp&quot;}\" data-widget_type=\"text-editor.default\">\n\t\t\t\t<div class=\"elementor-widget-container\">\n\t\t\t\t\t\t\t\t\t<p class=\"translation-block\">The premium rooms with double bed, air conditioning, bedside telephone, flat screen TV, Smart TV, Netflix and co, internal radio stations, WiFi, minibar, wake-up service, room safe, desk and waffle safe offer you an atmosphere in country house style that will make you feel at home straight away. Radio, WiFi, minibar, wake-up service, room safe, desk and gun safe. A cozy seating area should be emphasized. The bathroom with underfloor heating is equipped with a double washbasin, shower, toilet, make-up mirror and hairdryer.<\/p><ul id=\"cmsmasters_icon_list_items_9tj8ppmy4\" class=\"cmsmasters_icon_list_items cmsmasters_icon_list_type_list\"><li id=\"cmsmasters_icon_list_item_ee4c771gkp\" class=\"cmsmasters_icon_list_item cmsmasters-icon-custom-restoraunt\">Restaurant, from 5-9 pm<\/li><li id=\"cmsmasters_icon_list_item_8wm6j11693\" class=\"cmsmasters_icon_list_item cmsmasters-icon-custom-minibar\">Hotel bar<\/li><li id=\"cmsmasters_icon_list_item_fb1kgm6m6f\" class=\"cmsmasters_icon_list_item cmsmasters-icon-custom-bed\">Baby crib available<\/li><li id=\"cmsmasters_icon_list_item_dg2w8oj5y\" class=\"cmsmasters_icon_list_item cmsmasters-icon-custom-reception\">16 hours reception<\/li><li id=\"cmsmasters_icon_list_item_pmndefzwsl\" class=\"cmsmasters_icon_list_item cmsmasters-icon-custom-health-club\">Bicycle rental<\/li><li id=\"cmsmasters_icon_list_item_u8dx8mxoz\" class=\"cmsmasters_icon_list_item cmsmasters-icon-custom-housekeeping\">Room service from 5-9 pm<\/li><li id=\"cmsmasters_icon_list_item_49m0z47dv8\" class=\"cmsmasters_icon_list_item cmsmasters-icon-custom-beach\">Garden area<\/li><li id=\"cmsmasters_icon_list_item_799musn9tm\" class=\"cmsmasters_icon_list_item cmsmasters-icon-custom-laundry\">Washing service<\/li><li id=\"cmsmasters_icon_list_item_3366pg4zw\" class=\"cmsmasters_icon_list_item cmsmasters-icon-custom-exchange\">Currency exchange possible<\/li><li id=\"cmsmasters_icon_list_item_q4hiv09ktd\" class=\"cmsmasters_icon_list_item cmsmasters-icon-custom-phone\">Wake up call possible<\/li><\/ul>\t\t\t\t\t\t\t\t<\/div>\n\t\t\t\t<\/div>\n\t\t\t\t\t<\/div>\n\t\t<\/div>\n\t\t\t\t\t<\/div>\n\t\t<\/section>\n\t\t\t\t<section class=\"elementor-section elementor-top-section elementor-element elementor-element-2722d08 elementor-section-boxed elementor-section-height-default elementor-section-height-default\" data-id=\"2722d08\" data-element_type=\"section\" data-e-type=\"section\">\n\t\t\t\t\t\t<div class=\"elementor-container elementor-column-gap-default\">\n\t\t\t\t\t<div class=\"elementor-column elementor-col-100 elementor-top-column elementor-element elementor-element-d81958f\" data-id=\"d81958f\" data-element_type=\"column\" data-e-type=\"column\">\n\t\t\t<div class=\"elementor-widget-wrap elementor-element-populated\">\n\t\t\t\t\t\t<div class=\"elementor-element elementor-element-75d9583 elementor-widget elementor-widget-button\" data-id=\"75d9583\" data-element_type=\"widget\" data-e-type=\"widget\" data-widget_type=\"button.default\">\n\t\t\t\t<div class=\"elementor-widget-container\">\n\t\t\t\t\t\t\t\t\t<div class=\"elementor-button-wrapper\">\n\t\t\t\t\t<a class=\"elementor-button elementor-button-link elementor-size-md\" href=\"https:\/\/landhaus-lellichow.de\/en\/buchen\/\">\n\t\t\t\t\t\t<span class=\"elementor-button-content-wrapper\">\n\t\t\t\t\t\t\t\t\t<span class=\"elementor-button-text\">Reserve now<\/span>\n\t\t\t\t\t<\/span>\n\t\t\t\t\t<\/a>\n\t\t\t\t<\/div>\n\t\t\t\t\t\t\t\t<\/div>\n\t\t\t\t<\/div>\n\t\t\t\t<div class=\"elementor-element elementor-element-6eff10d elementor-widget elementor-widget-spacer\" data-id=\"6eff10d\" data-element_type=\"widget\" data-e-type=\"widget\" data-widget_type=\"spacer.default\">\n\t\t\t\t<div class=\"elementor-widget-container\">\n\t\t\t\t\t\t\t<div class=\"elementor-spacer\">\n\t\t\t<div class=\"elementor-spacer-inner\"><\/div>\n\t\t<\/div>\n\t\t\t\t\t\t<\/div>\n\t\t\t\t<\/div>\n\t\t\t\t\t<\/div>\n\t\t<\/div>\n\t\t\t\t\t<\/div>\n\t\t<\/section>\n\t\t\t\t<\/div>","protected":false},"excerpt":{"rendered":"<p>ZimmerPremium DoppelzimmerMehr erfahren Gro\u00dfz\u00fcgiges Zimmer, im l\u00e4ndlichen Flair. 119 \u20ac pro Nacht \/ zur Einzelnutzung: 119 \u20ac exklusive Fr\u00fchst\u00fcck vom Buffet 16 \u20ac pro Person &#9733;&#9733;&#9733;&#9733;&#9733; 5\/5 Eine Atmosph\u00e4re im Landhausstil, in der Sie sich auf Anhieb wohl f\u00fchlen werden, bieten Ihnen die Premium Zimmer (20 m2 bis 23 m2) mit Doppelbett, Klimaanlage, Telefon am [&hellip;]<\/p>\n","protected":false},"author":2,"featured_media":0,"parent":0,"menu_order":0,"comment_status":"closed","ping_status":"closed","template":"elementor_header_footer","meta":{"footnotes":""},"class_list":["post-30","page","type-page","status-publish","hentry"],"yoast_head":"<!-- This site is optimized with the Yoast SEO plugin v27.3 - https:\/\/yoast.com\/product\/yoast-seo-wordpress\/ -->\n<title>Hotelzimmer buchen - Premium Zimmer im Landhaus Lellichow<\/title>\n<meta name=\"description\" content=\"Unsere Hotelzimmer bieten Ihnen eine Atmosph\u00e4re zum Wohlf\u00fchlen. Ganz besonders unsere gro\u00dfz\u00fcgigen Premium Zimmer mit bis 23 m2\" \/>\n<meta name=\"robots\" content=\"index, follow, max-snippet:-1, max-image-preview:large, max-video-preview:-1\" \/>\n<link rel=\"canonical\" href=\"https:\/\/landhaus-lellichow.de\/en\/premium-zimmer\/\" \/>\n<meta property=\"og:locale\" content=\"en_GB\" \/>\n<meta property=\"og:type\" content=\"article\" \/>\n<meta property=\"og:title\" content=\"Hotelzimmer buchen - Premium Zimmer im Landhaus Lellichow\" \/>\n<meta property=\"og:description\" content=\"Unsere Hotelzimmer bieten Ihnen eine Atmosph\u00e4re zum Wohlf\u00fchlen. Ganz besonders unsere gro\u00dfz\u00fcgigen Premium Zimmer mit bis 23 m2\" \/>\n<meta property=\"og:url\" content=\"https:\/\/landhaus-lellichow.de\/en\/premium-zimmer\/\" \/>\n<meta property=\"og:site_name\" content=\"Landhaus Lellichow\" \/>\n<meta property=\"article:modified_time\" content=\"2025-08-28T08:02:17+00:00\" \/>\n<meta name=\"twitter:card\" content=\"summary_large_image\" \/>\n<meta name=\"twitter:label1\" content=\"Estimated reading time\" \/>\n\t<meta name=\"twitter:data1\" content=\"1 minute\" \/>\n<script type=\"application\/ld+json\" class=\"yoast-schema-graph\">{\"@context\":\"https:\\\/\\\/schema.org\",\"@graph\":[{\"@type\":\"WebPage\",\"@id\":\"https:\\\/\\\/landhaus-lellichow.de\\\/premium-zimmer\\\/\",\"url\":\"https:\\\/\\\/landhaus-lellichow.de\\\/premium-zimmer\\\/\",\"name\":\"Hotelzimmer buchen - Premium Zimmer im Landhaus Lellichow\",\"isPartOf\":{\"@id\":\"https:\\\/\\\/landhaus-lellichow.de\\\/#website\"},\"datePublished\":\"2021-12-16T15:37:30+00:00\",\"dateModified\":\"2025-08-28T08:02:17+00:00\",\"description\":\"Unsere Hotelzimmer bieten Ihnen eine Atmosph\u00e4re zum Wohlf\u00fchlen. Ganz besonders unsere gro\u00dfz\u00fcgigen Premium Zimmer mit bis 23 m2\",\"breadcrumb\":{\"@id\":\"https:\\\/\\\/landhaus-lellichow.de\\\/premium-zimmer\\\/#breadcrumb\"},\"inLanguage\":\"en-GB\",\"potentialAction\":[{\"@type\":\"ReadAction\",\"target\":[\"https:\\\/\\\/landhaus-lellichow.de\\\/premium-zimmer\\\/\"]}]},{\"@type\":\"BreadcrumbList\",\"@id\":\"https:\\\/\\\/landhaus-lellichow.de\\\/premium-zimmer\\\/#breadcrumb\",\"itemListElement\":[{\"@type\":\"ListItem\",\"position\":1,\"name\":\"Startseite\",\"item\":\"https:\\\/\\\/landhaus-lellichow.de\\\/\"},{\"@type\":\"ListItem\",\"position\":2,\"name\":\"Premium Doppelzimmer\"}]},{\"@type\":\"WebSite\",\"@id\":\"https:\\\/\\\/landhaus-lellichow.de\\\/#website\",\"url\":\"https:\\\/\\\/landhaus-lellichow.de\\\/\",\"name\":\"Landhaus Lellichow\",\"description\":\"Ihr Hotel im Herzen Brandenburgs.\",\"publisher\":{\"@id\":\"https:\\\/\\\/landhaus-lellichow.de\\\/#organization\"},\"potentialAction\":[{\"@type\":\"SearchAction\",\"target\":{\"@type\":\"EntryPoint\",\"urlTemplate\":\"https:\\\/\\\/landhaus-lellichow.de\\\/?s={search_term_string}\"},\"query-input\":{\"@type\":\"PropertyValueSpecification\",\"valueRequired\":true,\"valueName\":\"search_term_string\"}}],\"inLanguage\":\"en-GB\"},{\"@type\":\"Organization\",\"@id\":\"https:\\\/\\\/landhaus-lellichow.de\\\/#organization\",\"name\":\"Landhaus Lellichow\",\"url\":\"https:\\\/\\\/landhaus-lellichow.de\\\/\",\"logo\":{\"@type\":\"ImageObject\",\"inLanguage\":\"en-GB\",\"@id\":\"https:\\\/\\\/landhaus-lellichow.de\\\/#\\\/schema\\\/logo\\\/image\\\/\",\"url\":\"https:\\\/\\\/landhaus-lellichow.de\\\/wp-content\\\/uploads\\\/2021\\\/12\\\/cropped-Hotel-Landhaus_Lellichow_Logo_gross.png\",\"contentUrl\":\"https:\\\/\\\/landhaus-lellichow.de\\\/wp-content\\\/uploads\\\/2021\\\/12\\\/cropped-Hotel-Landhaus_Lellichow_Logo_gross.png\",\"width\":400,\"height\":140,\"caption\":\"Landhaus Lellichow\"},\"image\":{\"@id\":\"https:\\\/\\\/landhaus-lellichow.de\\\/#\\\/schema\\\/logo\\\/image\\\/\"}}]}<\/script>\n<!-- \/ Yoast SEO plugin. -->","yoast_head_json":{"title":"Hotelzimmer buchen - Premium Zimmer im Landhaus Lellichow","description":"Unsere Hotelzimmer bieten Ihnen eine Atmosph\u00e4re zum Wohlf\u00fchlen. Ganz besonders unsere gro\u00dfz\u00fcgigen Premium Zimmer mit bis 23 m2","robots":{"index":"index","follow":"follow","max-snippet":"max-snippet:-1","max-image-preview":"max-image-preview:large","max-video-preview":"max-video-preview:-1"},"canonical":"https:\/\/landhaus-lellichow.de\/en\/premium-zimmer\/","og_locale":"en_GB","og_type":"article","og_title":"Hotelzimmer buchen - Premium Zimmer im Landhaus Lellichow","og_description":"Unsere Hotelzimmer bieten Ihnen eine Atmosph\u00e4re zum Wohlf\u00fchlen. Ganz besonders unsere gro\u00dfz\u00fcgigen Premium Zimmer mit bis 23 m2","og_url":"https:\/\/landhaus-lellichow.de\/en\/premium-zimmer\/","og_site_name":"Landhaus Lellichow","article_modified_time":"2025-08-28T08:02:17+00:00","twitter_card":"summary_large_image","twitter_misc":{"Estimated reading time":"1 minute"},"schema":{"@context":"https:\/\/schema.org","@graph":[{"@type":"WebPage","@id":"https:\/\/landhaus-lellichow.de\/premium-zimmer\/","url":"https:\/\/landhaus-lellichow.de\/premium-zimmer\/","name":"Hotelzimmer buchen - Premium Zimmer im Landhaus Lellichow","isPartOf":{"@id":"https:\/\/landhaus-lellichow.de\/#website"},"datePublished":"2021-12-16T15:37:30+00:00","dateModified":"2025-08-28T08:02:17+00:00","description":"Unsere Hotelzimmer bieten Ihnen eine Atmosph\u00e4re zum Wohlf\u00fchlen. Ganz besonders unsere gro\u00dfz\u00fcgigen Premium Zimmer mit bis 23 m2","breadcrumb":{"@id":"https:\/\/landhaus-lellichow.de\/premium-zimmer\/#breadcrumb"},"inLanguage":"en-GB","potentialAction":[{"@type":"ReadAction","target":["https:\/\/landhaus-lellichow.de\/premium-zimmer\/"]}]},{"@type":"BreadcrumbList","@id":"https:\/\/landhaus-lellichow.de\/premium-zimmer\/#breadcrumb","itemListElement":[{"@type":"ListItem","position":1,"name":"Startseite","item":"https:\/\/landhaus-lellichow.de\/"},{"@type":"ListItem","position":2,"name":"Premium Doppelzimmer"}]},{"@type":"WebSite","@id":"https:\/\/landhaus-lellichow.de\/#website","url":"https:\/\/landhaus-lellichow.de\/","name":"Landhaus Lellichow","description":"Ihr Hotel im Herzen Brandenburgs.","publisher":{"@id":"https:\/\/landhaus-lellichow.de\/#organization"},"potentialAction":[{"@type":"SearchAction","target":{"@type":"EntryPoint","urlTemplate":"https:\/\/landhaus-lellichow.de\/?s={search_term_string}"},"query-input":{"@type":"PropertyValueSpecification","valueRequired":true,"valueName":"search_term_string"}}],"inLanguage":"en-GB"},{"@type":"Organization","@id":"https:\/\/landhaus-lellichow.de\/#organization","name":"Landhaus Lellichow","url":"https:\/\/landhaus-lellichow.de\/","logo":{"@type":"ImageObject","inLanguage":"en-GB","@id":"https:\/\/landhaus-lellichow.de\/#\/schema\/logo\/image\/","url":"https:\/\/landhaus-lellichow.de\/wp-content\/uploads\/2021\/12\/cropped-Hotel-Landhaus_Lellichow_Logo_gross.png","contentUrl":"https:\/\/landhaus-lellichow.de\/wp-content\/uploads\/2021\/12\/cropped-Hotel-Landhaus_Lellichow_Logo_gross.png","width":400,"height":140,"caption":"Landhaus Lellichow"},"image":{"@id":"https:\/\/landhaus-lellichow.de\/#\/schema\/logo\/image\/"}}]}},"_links":{"self":[{"href":"https:\/\/landhaus-lellichow.de\/en\/wp-json\/wp\/v2\/pages\/30","targetHints":{"allow":["GET"]}}],"collection":[{"href":"https:\/\/landhaus-lellichow.de\/en\/wp-json\/wp\/v2\/pages"}],"about":[{"href":"https:\/\/landhaus-lellichow.de\/en\/wp-json\/wp\/v2\/types\/page"}],"author":[{"embeddable":true,"href":"https:\/\/landhaus-lellichow.de\/en\/wp-json\/wp\/v2\/users\/2"}],"replies":[{"embeddable":true,"href":"https:\/\/landhaus-lellichow.de\/en\/wp-json\/wp\/v2\/comments?post=30"}],"version-history":[{"count":69,"href":"https:\/\/landhaus-lellichow.de\/en\/wp-json\/wp\/v2\/pages\/30\/revisions"}],"predecessor-version":[{"id":5439,"href":"https:\/\/landhaus-lellichow.de\/en\/wp-json\/wp\/v2\/pages\/30\/revisions\/5439"}],"wp:attachment":[{"href":"https:\/\/landhaus-lellichow.de\/en\/wp-json\/wp\/v2\/media?parent=30"}],"curies":[{"name":"wp","href":"https:\/\/api.w.org\/{rel}","templated":true}]}}