{"id":34,"date":"2021-12-16T16:38:16","date_gmt":"2021-12-16T15:38:16","guid":{"rendered":"https:\/\/landhaus-lellichow.de\/?page_id=34"},"modified":"2025-08-28T09:57:11","modified_gmt":"2025-08-28T07:57:11","slug":"standard-einzelzimmer","status":"publish","type":"page","link":"https:\/\/landhaus-lellichow.de\/en\/standard-einzelzimmer\/","title":{"rendered":"Superior single room"},"content":{"rendered":"<div data-elementor-type=\"wp-page\" data-elementor-id=\"34\" class=\"elementor elementor-34\" data-elementor-post-type=\"page\">\n\t\t\t\t\t\t<section class=\"elementor-section elementor-top-section elementor-element elementor-element-511e2cf elementor-section-full_width elementor-section-height-default elementor-section-height-default\" data-id=\"511e2cf\" data-element_type=\"section\" data-e-type=\"section\">\n\t\t\t\t\t\t<div class=\"elementor-container elementor-column-gap-no\">\n\t\t\t\t\t<div class=\"elementor-column elementor-col-100 elementor-top-column elementor-element elementor-element-ad6d07f\" data-id=\"ad6d07f\" data-element_type=\"column\" data-e-type=\"column\">\n\t\t\t<div class=\"elementor-widget-wrap elementor-element-populated\">\n\t\t\t\t\t\t<div class=\"elementor-element elementor-element-eb67be2 elementor--h-position-center elementor--v-position-middle elementor-widget elementor-widget-slides\" data-id=\"eb67be2\" data-element_type=\"widget\" data-e-type=\"widget\" data-settings=\"{&quot;navigation&quot;:&quot;none&quot;,&quot;_animation&quot;:&quot;none&quot;,&quot;autoplay&quot;:&quot;yes&quot;,&quot;pause_on_hover&quot;:&quot;yes&quot;,&quot;pause_on_interaction&quot;:&quot;yes&quot;,&quot;autoplay_speed&quot;:5000,&quot;infinite&quot;:&quot;yes&quot;,&quot;transition&quot;:&quot;slide&quot;,&quot;transition_speed&quot;:500}\" data-widget_type=\"slides.default\">\n\t\t\t\t<div class=\"elementor-widget-container\">\n\t\t\t\t\t\t\t\t\t<div class=\"elementor-swiper\">\n\t\t\t\t\t<div class=\"elementor-slides-wrapper elementor-main-swiper swiper\" role=\"region\" aria-roledescription=\"carousel\" aria-label=\"Slider\" dir=\"ltr\" data-animation=\"fadeInUp\">\n\t\t\t\t<div class=\"swiper-wrapper elementor-slides\">\n\t\t\t\t\t\t\t\t\t\t<div class=\"elementor-repeater-item-e1b5d4e swiper-slide\" role=\"group\" aria-roledescription=\"slide\"><div class=\"swiper-slide-bg\" role=\"img\" aria-label=\"Hotel_Lellichow_Zimmer_DSC3865\"><\/div><div class=\"elementor-background-overlay\"><\/div><div class=\"swiper-slide-inner\" ><div class=\"swiper-slide-contents\"><div class=\"elementor-slide-heading\">Rooms<\/div><div class=\"elementor-slide-description\">Superior  Einzelzimmer<\/div><a href=\"#scroll\" target=\"_blank\" class=\"elementor-button elementor-slide-button elementor-size-sm\">Learn more<\/a><\/div><\/div><\/div>\t\t\t\t<\/div>\n\t\t\t\t\t\t\t<\/div>\n\t\t\t\t<\/div>\n\t\t\t\t\t\t\t\t<\/div>\n\t\t\t\t<\/div>\n\t\t\t\t\t<\/div>\n\t\t<\/div>\n\t\t\t\t\t<\/div>\n\t\t<\/section>\n\t\t\t\t<section class=\"elementor-section elementor-top-section elementor-element elementor-element-f55210a elementor-section-boxed elementor-section-height-default elementor-section-height-default\" data-id=\"f55210a\" data-element_type=\"section\" data-e-type=\"section\">\n\t\t\t\t\t\t<div class=\"elementor-container elementor-column-gap-default\">\n\t\t\t\t\t<div class=\"elementor-column elementor-col-100 elementor-top-column elementor-element elementor-element-510bb8b\" data-id=\"510bb8b\" data-element_type=\"column\" data-e-type=\"column\">\n\t\t\t<div class=\"elementor-widget-wrap elementor-element-populated\">\n\t\t\t\t\t\t<div class=\"elementor-element elementor-element-abef9e1 elementor-widget elementor-widget-spacer\" data-id=\"abef9e1\" data-element_type=\"widget\" data-e-type=\"widget\" data-widget_type=\"spacer.default\">\n\t\t\t\t<div class=\"elementor-widget-container\">\n\t\t\t\t\t\t\t<div class=\"elementor-spacer\">\n\t\t\t<div class=\"elementor-spacer-inner\"><\/div>\n\t\t<\/div>\n\t\t\t\t\t\t<\/div>\n\t\t\t\t<\/div>\n\t\t\t\t\t<\/div>\n\t\t<\/div>\n\t\t\t\t\t<\/div>\n\t\t<\/section>\n\t\t\t\t<section class=\"elementor-section elementor-top-section elementor-element elementor-element-0ca1593 elementor-section-boxed elementor-section-height-default elementor-section-height-default\" data-id=\"0ca1593\" data-element_type=\"section\" data-e-type=\"section\" id=\"scroll\">\n\t\t\t\t\t\t<div class=\"elementor-container elementor-column-gap-default\">\n\t\t\t\t\t<div class=\"elementor-column elementor-col-100 elementor-top-column elementor-element elementor-element-971f60e\" data-id=\"971f60e\" data-element_type=\"column\" data-e-type=\"column\">\n\t\t\t<div class=\"elementor-widget-wrap elementor-element-populated\">\n\t\t\t\t\t\t<div class=\"elementor-element elementor-element-9d40300 elementor-widget elementor-widget-heading\" data-id=\"9d40300\" data-element_type=\"widget\" data-e-type=\"widget\" data-widget_type=\"heading.default\">\n\t\t\t\t<div class=\"elementor-widget-container\">\n\t\t\t\t\t<h2 class=\"elementor-heading-title elementor-size-default\">Practical<\/h2>\t\t\t\t<\/div>\n\t\t\t\t<\/div>\n\t\t\t\t<div class=\"elementor-element elementor-element-f96865e elementor-widget elementor-widget-heading\" data-id=\"f96865e\" data-element_type=\"widget\" data-e-type=\"widget\" data-widget_type=\"heading.default\">\n\t\t\t\t<div class=\"elementor-widget-container\">\n\t\t\t\t\t<h2 class=\"elementor-heading-title elementor-size-default\"> and comfortable - ideal for short stays<\/h2>\t\t\t\t<\/div>\n\t\t\t\t<\/div>\n\t\t\t\t<div class=\"elementor-element elementor-element-f4f1ef2 elementor-widget elementor-widget-heading\" data-id=\"f4f1ef2\" data-element_type=\"widget\" data-e-type=\"widget\" data-widget_type=\"heading.default\">\n\t\t\t\t<div class=\"elementor-widget-container\">\n\t\t\t\t\t<h2 class=\"elementor-heading-title elementor-size-default\">99 \u20ac pro Nacht exklusive 16 \u20ac Fr\u00fchst\u00fcck vom Buffet<\/h2>\t\t\t\t<\/div>\n\t\t\t\t<\/div>\n\t\t\t\t<div class=\"elementor-element elementor-element-520604b elementor--star-style-star_unicode elementor-widget elementor-widget-star-rating\" data-id=\"520604b\" data-element_type=\"widget\" data-e-type=\"widget\" data-widget_type=\"star-rating.default\">\n\t\t\t\t<div class=\"elementor-widget-container\">\n\t\t\t\t\t\t\t<div class=\"elementor-star-rating__wrapper\">\n\t\t\t\t\t\t<div class=\"elementor-star-rating\" itemtype=\"http:\/\/schema.org\/Rating\" itemscope=\"\" itemprop=\"reviewRating\">\n\t\t\t\t<i class=\"elementor-star-full\" aria-hidden=\"true\">&#9733;<\/i><i class=\"elementor-star-full\" aria-hidden=\"true\">&#9733;<\/i><i class=\"elementor-star-full\" aria-hidden=\"true\">&#9733;<\/i><i class=\"elementor-star-full\" aria-hidden=\"true\">&#9733;<\/i><i class=\"elementor-star-full\" aria-hidden=\"true\">&#9733;<\/i>\t\t\t\t<span itemprop=\"ratingValue\" class=\"elementor-screen-only\">Bewertet mit 5 von 5<\/span>\n\t\t\t<\/div>\n\t\t<\/div>\n\t\t\t\t\t\t<\/div>\n\t\t\t\t<\/div>\n\t\t\t\t\t<\/div>\n\t\t<\/div>\n\t\t\t\t\t<\/div>\n\t\t<\/section>\n\t\t\t\t<section class=\"elementor-section elementor-top-section elementor-element elementor-element-fcba059 elementor-section-boxed elementor-section-height-default elementor-section-height-default\" data-id=\"fcba059\" data-element_type=\"section\" data-e-type=\"section\">\n\t\t\t\t\t\t<div class=\"elementor-container elementor-column-gap-default\">\n\t\t\t\t\t<div class=\"elementor-column elementor-col-100 elementor-top-column elementor-element elementor-element-354e39b\" data-id=\"354e39b\" data-element_type=\"column\" data-e-type=\"column\">\n\t\t\t<div class=\"elementor-widget-wrap elementor-element-populated\">\n\t\t\t\t\t\t<div class=\"elementor-element elementor-element-4044071 elementor--h-position-center elementor--v-position-middle elementor-arrows-position-inside elementor-widget elementor-widget-slides\" data-id=\"4044071\" data-element_type=\"widget\" data-e-type=\"widget\" data-settings=\"{&quot;navigation&quot;:&quot;arrows&quot;,&quot;transition&quot;:&quot;fade&quot;,&quot;autoplay&quot;:&quot;yes&quot;,&quot;pause_on_hover&quot;:&quot;yes&quot;,&quot;pause_on_interaction&quot;:&quot;yes&quot;,&quot;autoplay_speed&quot;:5000,&quot;infinite&quot;:&quot;yes&quot;,&quot;transition_speed&quot;:500}\" data-widget_type=\"slides.default\">\n\t\t\t\t<div class=\"elementor-widget-container\">\n\t\t\t\t\t\t\t\t\t<div class=\"elementor-swiper\">\n\t\t\t\t\t<div class=\"elementor-slides-wrapper elementor-main-swiper swiper\" role=\"region\" aria-roledescription=\"carousel\" aria-label=\"Slider\" dir=\"ltr\" data-animation=\"fadeInUp\">\n\t\t\t\t<div class=\"swiper-wrapper elementor-slides\">\n\t\t\t\t\t\t\t\t\t\t<div class=\"elementor-repeater-item-a87937b swiper-slide\" role=\"group\" aria-roledescription=\"slide\"><div class=\"swiper-slide-bg\" role=\"img\" aria-label=\"Gem\u00fctlich eingerichtetes Einzelzimmer im Landhaus Lellichow mit Holzm\u00f6beln, einem Bett mit gr\u00fcner Tagesdecke und Bildern von Rosen an der Wand.\"><\/div><div class=\"swiper-slide-inner\" ><div class=\"swiper-slide-contents\"><\/div><\/div><\/div><div class=\"elementor-repeater-item-ada8cb1 swiper-slide\" role=\"group\" aria-roledescription=\"slide\"><div class=\"swiper-slide-bg\" role=\"img\" aria-label=\"Modernes Badezimmer-Waschbecken mit einer Chrom-Armatur auf einer Granitplatte.\"><\/div><div class=\"swiper-slide-inner\" ><div class=\"swiper-slide-contents\"><\/div><\/div><\/div>\t\t\t\t<\/div>\n\t\t\t\t\t\t\t\t\t\t\t\t\t\t\t<div class=\"elementor-swiper-button elementor-swiper-button-prev\" role=\"button\" tabindex=\"0\" aria-label=\"Vorheriger Slide\">\n\t\t\t\t\t\t\t<i aria-hidden=\"true\" class=\"eicon-chevron-left\"><\/i>\t\t\t\t\t\t<\/div>\n\t\t\t\t\t\t<div class=\"elementor-swiper-button elementor-swiper-button-next\" role=\"button\" tabindex=\"0\" aria-label=\"N\u00e4chster Slide\">\n\t\t\t\t\t\t\t<i aria-hidden=\"true\" class=\"eicon-chevron-right\"><\/i>\t\t\t\t\t\t<\/div>\n\t\t\t\t\t\t\t\t\t\t\t\t\t\t\t\t\t<\/div>\n\t\t\t\t<\/div>\n\t\t\t\t\t\t\t\t<\/div>\n\t\t\t\t<\/div>\n\t\t\t\t\t<\/div>\n\t\t<\/div>\n\t\t\t\t\t<\/div>\n\t\t<\/section>\n\t\t\t\t<section class=\"elementor-section elementor-top-section elementor-element elementor-element-49900fe elementor-section-boxed elementor-section-height-default elementor-section-height-default\" data-id=\"49900fe\" data-element_type=\"section\" data-e-type=\"section\">\n\t\t\t\t\t\t<div class=\"elementor-container elementor-column-gap-default\">\n\t\t\t\t\t<div class=\"elementor-column elementor-col-100 elementor-top-column elementor-element elementor-element-b26fd40\" data-id=\"b26fd40\" data-element_type=\"column\" data-e-type=\"column\">\n\t\t\t<div class=\"elementor-widget-wrap elementor-element-populated\">\n\t\t\t\t\t\t<div class=\"elementor-element elementor-element-ab26c6a elementor-widget elementor-widget-spacer\" data-id=\"ab26c6a\" data-element_type=\"widget\" data-e-type=\"widget\" data-widget_type=\"spacer.default\">\n\t\t\t\t<div class=\"elementor-widget-container\">\n\t\t\t\t\t\t\t<div class=\"elementor-spacer\">\n\t\t\t<div class=\"elementor-spacer-inner\"><\/div>\n\t\t<\/div>\n\t\t\t\t\t\t<\/div>\n\t\t\t\t<\/div>\n\t\t\t\t\t<\/div>\n\t\t<\/div>\n\t\t\t\t\t<\/div>\n\t\t<\/section>\n\t\t\t\t<section class=\"elementor-section elementor-top-section elementor-element elementor-element-3759a34 elementor-section-boxed elementor-section-height-default elementor-section-height-default\" data-id=\"3759a34\" data-element_type=\"section\" data-e-type=\"section\">\n\t\t\t\t\t\t<div class=\"elementor-container elementor-column-gap-default\">\n\t\t\t\t\t<div class=\"elementor-column elementor-col-100 elementor-top-column elementor-element elementor-element-9ccd272\" data-id=\"9ccd272\" data-element_type=\"column\" data-e-type=\"column\">\n\t\t\t<div class=\"elementor-widget-wrap elementor-element-populated\">\n\t\t\t\t\t\t<div class=\"elementor-element elementor-element-2d8df6a elementor-invisible elementor-widget elementor-widget-text-editor\" data-id=\"2d8df6a\" data-element_type=\"widget\" data-e-type=\"widget\" data-settings=\"{&quot;_animation&quot;:&quot;fadeInUp&quot;}\" data-widget_type=\"text-editor.default\">\n\t\t\t\t<div class=\"elementor-widget-container\">\n\t\t\t\t\t\t\t\t\t<p class=\"translation-block\">The superior single room offers every imaginable comfort for our guests. Each single room has a single bed, telephone, flat screen TV, digital TV and radio station, WLAN, minibar, wake-up service, room safe and desk.<\/p><ul id=\"cmsmasters_icon_list_items_9tj8ppmy4\" class=\"cmsmasters_icon_list_items cmsmasters_icon_list_type_list\"><li id=\"cmsmasters_icon_list_item_ee4c771gkp\" class=\"cmsmasters_icon_list_item cmsmasters-icon-custom-restoraunt\">Restaurant, from 5-9 pm<\/li><li id=\"cmsmasters_icon_list_item_8wm6j11693\" class=\"cmsmasters_icon_list_item cmsmasters-icon-custom-minibar\">Hotel bar<\/li><li id=\"cmsmasters_icon_list_item_fb1kgm6m6f\" class=\"cmsmasters_icon_list_item cmsmasters-icon-custom-bed\">Baby crib available<\/li><li id=\"cmsmasters_icon_list_item_dg2w8oj5y\" class=\"cmsmasters_icon_list_item cmsmasters-icon-custom-reception\">16 hours reception<\/li><li id=\"cmsmasters_icon_list_item_pmndefzwsl\" class=\"cmsmasters_icon_list_item cmsmasters-icon-custom-health-club\">Bicycle rental<\/li><li id=\"cmsmasters_icon_list_item_u8dx8mxoz\" class=\"cmsmasters_icon_list_item cmsmasters-icon-custom-housekeeping\">Room service from 5-9 pm<\/li><li id=\"cmsmasters_icon_list_item_49m0z47dv8\" class=\"cmsmasters_icon_list_item cmsmasters-icon-custom-beach\">Garden area<\/li><li id=\"cmsmasters_icon_list_item_799musn9tm\" class=\"cmsmasters_icon_list_item cmsmasters-icon-custom-laundry\">Washing service<\/li><li id=\"cmsmasters_icon_list_item_3366pg4zw\" class=\"cmsmasters_icon_list_item cmsmasters-icon-custom-exchange\">Currency exchange possible<\/li><li id=\"cmsmasters_icon_list_item_q4hiv09ktd\" class=\"cmsmasters_icon_list_item cmsmasters-icon-custom-phone\">Wake up call possible<\/li><\/ul>\t\t\t\t\t\t\t\t<\/div>\n\t\t\t\t<\/div>\n\t\t\t\t\t<\/div>\n\t\t<\/div>\n\t\t\t\t\t<\/div>\n\t\t<\/section>\n\t\t\t\t<section class=\"elementor-section elementor-top-section elementor-element elementor-element-6716bef elementor-section-boxed elementor-section-height-default elementor-section-height-default\" data-id=\"6716bef\" data-element_type=\"section\" data-e-type=\"section\">\n\t\t\t\t\t\t<div class=\"elementor-container elementor-column-gap-default\">\n\t\t\t\t\t<div class=\"elementor-column elementor-col-100 elementor-top-column elementor-element elementor-element-7d25966\" data-id=\"7d25966\" data-element_type=\"column\" data-e-type=\"column\">\n\t\t\t<div class=\"elementor-widget-wrap elementor-element-populated\">\n\t\t\t\t\t\t<div class=\"elementor-element elementor-element-48f852a elementor-widget elementor-widget-button\" data-id=\"48f852a\" data-element_type=\"widget\" data-e-type=\"widget\" data-widget_type=\"button.default\">\n\t\t\t\t<div class=\"elementor-widget-container\">\n\t\t\t\t\t\t\t\t\t<div class=\"elementor-button-wrapper\">\n\t\t\t\t\t<a class=\"elementor-button elementor-button-link elementor-size-md\" href=\"https:\/\/landhaus-lellichow.de\/en\/buchen\/\">\n\t\t\t\t\t\t<span class=\"elementor-button-content-wrapper\">\n\t\t\t\t\t\t\t\t\t<span class=\"elementor-button-text\">Reserve now<\/span>\n\t\t\t\t\t<\/span>\n\t\t\t\t\t<\/a>\n\t\t\t\t<\/div>\n\t\t\t\t\t\t\t\t<\/div>\n\t\t\t\t<\/div>\n\t\t\t\t<div class=\"elementor-element elementor-element-ad21fb3 elementor-widget elementor-widget-spacer\" data-id=\"ad21fb3\" data-element_type=\"widget\" data-e-type=\"widget\" data-widget_type=\"spacer.default\">\n\t\t\t\t<div class=\"elementor-widget-container\">\n\t\t\t\t\t\t\t<div class=\"elementor-spacer\">\n\t\t\t<div class=\"elementor-spacer-inner\"><\/div>\n\t\t<\/div>\n\t\t\t\t\t\t<\/div>\n\t\t\t\t<\/div>\n\t\t\t\t\t<\/div>\n\t\t<\/div>\n\t\t\t\t\t<\/div>\n\t\t<\/section>\n\t\t\t\t<\/div>","protected":false},"excerpt":{"rendered":"<p>ZimmerSuperior EinzelzimmerMehr erfahren Zweckm\u00e4\u00dfig und Komfortabel &#8211; ideal f\u00fcr Kurzaufenthalte 99 \u20ac pro Nacht exklusive 16 \u20ac Fr\u00fchst\u00fcck vom Buffet &#9733;&#9733;&#9733;&#9733;&#9733; 5\/5 Das Superior Einzelzimmer (18 m2 bis 20 m2) bietet jeden erdenklichen Komfort f\u00fcr unsere G\u00e4ste. Jedes Einzelzimmer verf\u00fcgt \u00fcber ein Einzelbett, Telefon, Flat Sceen TV, Digital TV und Radiosender, WLAN, Minibar, Weckdienst, Zimmersafe [&hellip;]<\/p>\n","protected":false},"author":2,"featured_media":0,"parent":0,"menu_order":0,"comment_status":"closed","ping_status":"closed","template":"elementor_header_footer","meta":{"footnotes":""},"class_list":["post-34","page","type-page","status-publish","hentry"],"yoast_head":"<!-- This site is optimized with the Yoast SEO plugin v27.3 - https:\/\/yoast.com\/product\/yoast-seo-wordpress\/ -->\n<title>Einzelzimmer buchen - Hotelzimmer im Landhaus Lellichow<\/title>\n<meta name=\"description\" content=\"Unsere Superior Einzelzimmer sind komfortabel und ideal f\u00fcr Kurzaufenthalte als Alleinreisender. Gem\u00fctlichkeit und Landhauschic vermisst man hier nicht\" \/>\n<meta name=\"robots\" content=\"index, follow, max-snippet:-1, max-image-preview:large, max-video-preview:-1\" \/>\n<link rel=\"canonical\" href=\"https:\/\/landhaus-lellichow.de\/en\/standard-einzelzimmer\/\" \/>\n<meta property=\"og:locale\" content=\"en_GB\" \/>\n<meta property=\"og:type\" content=\"article\" \/>\n<meta property=\"og:title\" content=\"Einzelzimmer buchen - Hotelzimmer im Landhaus Lellichow\" \/>\n<meta property=\"og:description\" content=\"Unsere Superior Einzelzimmer sind komfortabel und ideal f\u00fcr Kurzaufenthalte als Alleinreisender. Gem\u00fctlichkeit und Landhauschic vermisst man hier nicht\" \/>\n<meta property=\"og:url\" content=\"https:\/\/landhaus-lellichow.de\/en\/standard-einzelzimmer\/\" \/>\n<meta property=\"og:site_name\" content=\"Landhaus Lellichow\" \/>\n<meta property=\"article:modified_time\" content=\"2025-08-28T07:57:11+00:00\" \/>\n<meta name=\"twitter:card\" content=\"summary_large_image\" \/>\n<meta name=\"twitter:label1\" content=\"Estimated reading time\" \/>\n\t<meta name=\"twitter:data1\" content=\"1 minute\" \/>\n<script type=\"application\/ld+json\" class=\"yoast-schema-graph\">{\"@context\":\"https:\\\/\\\/schema.org\",\"@graph\":[{\"@type\":\"WebPage\",\"@id\":\"https:\\\/\\\/landhaus-lellichow.de\\\/standard-einzelzimmer\\\/\",\"url\":\"https:\\\/\\\/landhaus-lellichow.de\\\/standard-einzelzimmer\\\/\",\"name\":\"Einzelzimmer buchen - Hotelzimmer im Landhaus Lellichow\",\"isPartOf\":{\"@id\":\"https:\\\/\\\/landhaus-lellichow.de\\\/#website\"},\"datePublished\":\"2021-12-16T15:38:16+00:00\",\"dateModified\":\"2025-08-28T07:57:11+00:00\",\"description\":\"Unsere Superior Einzelzimmer sind komfortabel und ideal f\u00fcr Kurzaufenthalte als Alleinreisender. Gem\u00fctlichkeit und Landhauschic vermisst man hier nicht\",\"breadcrumb\":{\"@id\":\"https:\\\/\\\/landhaus-lellichow.de\\\/standard-einzelzimmer\\\/#breadcrumb\"},\"inLanguage\":\"en-GB\",\"potentialAction\":[{\"@type\":\"ReadAction\",\"target\":[\"https:\\\/\\\/landhaus-lellichow.de\\\/standard-einzelzimmer\\\/\"]}]},{\"@type\":\"BreadcrumbList\",\"@id\":\"https:\\\/\\\/landhaus-lellichow.de\\\/standard-einzelzimmer\\\/#breadcrumb\",\"itemListElement\":[{\"@type\":\"ListItem\",\"position\":1,\"name\":\"Startseite\",\"item\":\"https:\\\/\\\/landhaus-lellichow.de\\\/\"},{\"@type\":\"ListItem\",\"position\":2,\"name\":\"Superior Einzelzimmer\"}]},{\"@type\":\"WebSite\",\"@id\":\"https:\\\/\\\/landhaus-lellichow.de\\\/#website\",\"url\":\"https:\\\/\\\/landhaus-lellichow.de\\\/\",\"name\":\"Landhaus Lellichow\",\"description\":\"Ihr Hotel im Herzen Brandenburgs.\",\"publisher\":{\"@id\":\"https:\\\/\\\/landhaus-lellichow.de\\\/#organization\"},\"potentialAction\":[{\"@type\":\"SearchAction\",\"target\":{\"@type\":\"EntryPoint\",\"urlTemplate\":\"https:\\\/\\\/landhaus-lellichow.de\\\/?s={search_term_string}\"},\"query-input\":{\"@type\":\"PropertyValueSpecification\",\"valueRequired\":true,\"valueName\":\"search_term_string\"}}],\"inLanguage\":\"en-GB\"},{\"@type\":\"Organization\",\"@id\":\"https:\\\/\\\/landhaus-lellichow.de\\\/#organization\",\"name\":\"Landhaus Lellichow\",\"url\":\"https:\\\/\\\/landhaus-lellichow.de\\\/\",\"logo\":{\"@type\":\"ImageObject\",\"inLanguage\":\"en-GB\",\"@id\":\"https:\\\/\\\/landhaus-lellichow.de\\\/#\\\/schema\\\/logo\\\/image\\\/\",\"url\":\"https:\\\/\\\/landhaus-lellichow.de\\\/wp-content\\\/uploads\\\/2021\\\/12\\\/cropped-Hotel-Landhaus_Lellichow_Logo_gross.png\",\"contentUrl\":\"https:\\\/\\\/landhaus-lellichow.de\\\/wp-content\\\/uploads\\\/2021\\\/12\\\/cropped-Hotel-Landhaus_Lellichow_Logo_gross.png\",\"width\":400,\"height\":140,\"caption\":\"Landhaus Lellichow\"},\"image\":{\"@id\":\"https:\\\/\\\/landhaus-lellichow.de\\\/#\\\/schema\\\/logo\\\/image\\\/\"}}]}<\/script>\n<!-- \/ Yoast SEO plugin. -->","yoast_head_json":{"title":"Einzelzimmer buchen - Hotelzimmer im Landhaus Lellichow","description":"Unsere Superior Einzelzimmer sind komfortabel und ideal f\u00fcr Kurzaufenthalte als Alleinreisender. Gem\u00fctlichkeit und Landhauschic vermisst man hier nicht","robots":{"index":"index","follow":"follow","max-snippet":"max-snippet:-1","max-image-preview":"max-image-preview:large","max-video-preview":"max-video-preview:-1"},"canonical":"https:\/\/landhaus-lellichow.de\/en\/standard-einzelzimmer\/","og_locale":"en_GB","og_type":"article","og_title":"Einzelzimmer buchen - Hotelzimmer im Landhaus Lellichow","og_description":"Unsere Superior Einzelzimmer sind komfortabel und ideal f\u00fcr Kurzaufenthalte als Alleinreisender. Gem\u00fctlichkeit und Landhauschic vermisst man hier nicht","og_url":"https:\/\/landhaus-lellichow.de\/en\/standard-einzelzimmer\/","og_site_name":"Landhaus Lellichow","article_modified_time":"2025-08-28T07:57:11+00:00","twitter_card":"summary_large_image","twitter_misc":{"Estimated reading time":"1 minute"},"schema":{"@context":"https:\/\/schema.org","@graph":[{"@type":"WebPage","@id":"https:\/\/landhaus-lellichow.de\/standard-einzelzimmer\/","url":"https:\/\/landhaus-lellichow.de\/standard-einzelzimmer\/","name":"Einzelzimmer buchen - Hotelzimmer im Landhaus Lellichow","isPartOf":{"@id":"https:\/\/landhaus-lellichow.de\/#website"},"datePublished":"2021-12-16T15:38:16+00:00","dateModified":"2025-08-28T07:57:11+00:00","description":"Unsere Superior Einzelzimmer sind komfortabel und ideal f\u00fcr Kurzaufenthalte als Alleinreisender. Gem\u00fctlichkeit und Landhauschic vermisst man hier nicht","breadcrumb":{"@id":"https:\/\/landhaus-lellichow.de\/standard-einzelzimmer\/#breadcrumb"},"inLanguage":"en-GB","potentialAction":[{"@type":"ReadAction","target":["https:\/\/landhaus-lellichow.de\/standard-einzelzimmer\/"]}]},{"@type":"BreadcrumbList","@id":"https:\/\/landhaus-lellichow.de\/standard-einzelzimmer\/#breadcrumb","itemListElement":[{"@type":"ListItem","position":1,"name":"Startseite","item":"https:\/\/landhaus-lellichow.de\/"},{"@type":"ListItem","position":2,"name":"Superior Einzelzimmer"}]},{"@type":"WebSite","@id":"https:\/\/landhaus-lellichow.de\/#website","url":"https:\/\/landhaus-lellichow.de\/","name":"Landhaus Lellichow","description":"Ihr Hotel im Herzen Brandenburgs.","publisher":{"@id":"https:\/\/landhaus-lellichow.de\/#organization"},"potentialAction":[{"@type":"SearchAction","target":{"@type":"EntryPoint","urlTemplate":"https:\/\/landhaus-lellichow.de\/?s={search_term_string}"},"query-input":{"@type":"PropertyValueSpecification","valueRequired":true,"valueName":"search_term_string"}}],"inLanguage":"en-GB"},{"@type":"Organization","@id":"https:\/\/landhaus-lellichow.de\/#organization","name":"Landhaus Lellichow","url":"https:\/\/landhaus-lellichow.de\/","logo":{"@type":"ImageObject","inLanguage":"en-GB","@id":"https:\/\/landhaus-lellichow.de\/#\/schema\/logo\/image\/","url":"https:\/\/landhaus-lellichow.de\/wp-content\/uploads\/2021\/12\/cropped-Hotel-Landhaus_Lellichow_Logo_gross.png","contentUrl":"https:\/\/landhaus-lellichow.de\/wp-content\/uploads\/2021\/12\/cropped-Hotel-Landhaus_Lellichow_Logo_gross.png","width":400,"height":140,"caption":"Landhaus Lellichow"},"image":{"@id":"https:\/\/landhaus-lellichow.de\/#\/schema\/logo\/image\/"}}]}},"_links":{"self":[{"href":"https:\/\/landhaus-lellichow.de\/en\/wp-json\/wp\/v2\/pages\/34","targetHints":{"allow":["GET"]}}],"collection":[{"href":"https:\/\/landhaus-lellichow.de\/en\/wp-json\/wp\/v2\/pages"}],"about":[{"href":"https:\/\/landhaus-lellichow.de\/en\/wp-json\/wp\/v2\/types\/page"}],"author":[{"embeddable":true,"href":"https:\/\/landhaus-lellichow.de\/en\/wp-json\/wp\/v2\/users\/2"}],"replies":[{"embeddable":true,"href":"https:\/\/landhaus-lellichow.de\/en\/wp-json\/wp\/v2\/comments?post=34"}],"version-history":[{"count":73,"href":"https:\/\/landhaus-lellichow.de\/en\/wp-json\/wp\/v2\/pages\/34\/revisions"}],"predecessor-version":[{"id":5432,"href":"https:\/\/landhaus-lellichow.de\/en\/wp-json\/wp\/v2\/pages\/34\/revisions\/5432"}],"wp:attachment":[{"href":"https:\/\/landhaus-lellichow.de\/en\/wp-json\/wp\/v2\/media?parent=34"}],"curies":[{"name":"wp","href":"https:\/\/api.w.org\/{rel}","templated":true}]}}