{"id":3570,"date":"2024-08-08T09:05:49","date_gmt":"2024-08-08T07:05:49","guid":{"rendered":"https:\/\/landhaus-lellichow.de\/?page_id=3570"},"modified":"2025-09-03T11:22:56","modified_gmt":"2025-09-03T09:22:56","slug":"badesee","status":"publish","type":"page","link":"https:\/\/landhaus-lellichow.de\/en\/badesee\/","title":{"rendered":"Swimming lake"},"content":{"rendered":"<div data-elementor-type=\"wp-page\" data-elementor-id=\"3570\" class=\"elementor elementor-3570\" data-elementor-post-type=\"page\">\n\t\t\t\t\t\t<section class=\"elementor-section elementor-top-section elementor-element elementor-element-4bc65c9 elementor-section-full_width elementor-section-height-default elementor-section-height-default\" data-id=\"4bc65c9\" data-element_type=\"section\" data-e-type=\"section\">\n\t\t\t\t\t\t<div class=\"elementor-container elementor-column-gap-no\">\n\t\t\t\t\t<div class=\"elementor-column elementor-col-100 elementor-top-column elementor-element elementor-element-0b44203\" data-id=\"0b44203\" data-element_type=\"column\" data-e-type=\"column\">\n\t\t\t<div class=\"elementor-widget-wrap elementor-element-populated\">\n\t\t\t\t\t\t<div class=\"elementor-element elementor-element-878c4ac elementor--h-position-center elementor--v-position-middle elementor-widget elementor-widget-slides\" data-id=\"878c4ac\" data-element_type=\"widget\" data-e-type=\"widget\" data-settings=\"{&quot;navigation&quot;:&quot;none&quot;,&quot;_animation&quot;:&quot;none&quot;,&quot;autoplay&quot;:&quot;yes&quot;,&quot;pause_on_hover&quot;:&quot;yes&quot;,&quot;pause_on_interaction&quot;:&quot;yes&quot;,&quot;autoplay_speed&quot;:5000,&quot;infinite&quot;:&quot;yes&quot;,&quot;transition&quot;:&quot;slide&quot;,&quot;transition_speed&quot;:500}\" data-widget_type=\"slides.default\">\n\t\t\t\t<div class=\"elementor-widget-container\">\n\t\t\t\t\t\t\t\t\t<div class=\"elementor-swiper\">\n\t\t\t\t\t<div class=\"elementor-slides-wrapper elementor-main-swiper swiper\" role=\"region\" aria-roledescription=\"carousel\" aria-label=\"Slider\" dir=\"ltr\" data-animation=\"fadeInUp\">\n\t\t\t\t<div class=\"swiper-wrapper elementor-slides\">\n\t\t\t\t\t\t\t\t\t\t<div class=\"elementor-repeater-item-e1b5d4e swiper-slide\" role=\"group\" aria-roledescription=\"slide\"><div class=\"swiper-slide-bg\" role=\"img\" aria-label=\"Ruhiger See an einem klaren Tag mit Schilf am Ufer und bewaldeten H\u00fcgeln in der Ferne.\"><\/div><div class=\"elementor-background-overlay\"><\/div><div class=\"swiper-slide-inner\" ><div class=\"swiper-slide-contents\"><div class=\"elementor-slide-heading\">Kyritz Lake Chain<\/div><div class=\"elementor-slide-description\">Natural lakes full of magic<\/div><a href=\"#scroll\" class=\"elementor-button elementor-slide-button elementor-size-sm\">Learn more<\/a><\/div><\/div><\/div>\t\t\t\t<\/div>\n\t\t\t\t\t\t\t<\/div>\n\t\t\t\t<\/div>\n\t\t\t\t\t\t\t\t<\/div>\n\t\t\t\t<\/div>\n\t\t\t\t\t<\/div>\n\t\t<\/div>\n\t\t\t\t\t<\/div>\n\t\t<\/section>\n\t\t\t\t<section class=\"elementor-section elementor-top-section elementor-element elementor-element-4b3d174 elementor-section-boxed elementor-section-height-default elementor-section-height-default\" data-id=\"4b3d174\" data-element_type=\"section\" data-e-type=\"section\" id=\"scroll\" data-settings=\"{&quot;background_background&quot;:&quot;classic&quot;}\">\n\t\t\t\t\t\t<div class=\"elementor-container elementor-column-gap-custom\">\n\t\t\t\t\t<div class=\"elementor-column elementor-col-100 elementor-top-column elementor-element elementor-element-ea32919\" data-id=\"ea32919\" data-element_type=\"column\" data-e-type=\"column\">\n\t\t\t<div class=\"elementor-widget-wrap elementor-element-populated\">\n\t\t\t\t\t\t<div class=\"elementor-element elementor-element-147cc60 elementor-invisible elementor-widget elementor-widget-heading\" data-id=\"147cc60\" data-element_type=\"widget\" data-e-type=\"widget\" data-settings=\"{&quot;_animation&quot;:&quot;fadeInUp&quot;}\" data-widget_type=\"heading.default\">\n\t\t\t\t<div class=\"elementor-widget-container\">\n\t\t\t\t\t<h2 class=\"elementor-heading-title elementor-size-default\">Nature<\/h2>\t\t\t\t<\/div>\n\t\t\t\t<\/div>\n\t\t\t\t<div class=\"elementor-element elementor-element-f6391fa elementor-invisible elementor-widget elementor-widget-heading\" data-id=\"f6391fa\" data-element_type=\"widget\" data-e-type=\"widget\" data-settings=\"{&quot;_animation&quot;:&quot;fadeInUp&quot;}\" data-widget_type=\"heading.default\">\n\t\t\t\t<div class=\"elementor-widget-container\">\n\t\t\t\t\t<h2 class=\"elementor-heading-title elementor-size-default\">Swimming lake<\/h2>\t\t\t\t<\/div>\n\t\t\t\t<\/div>\n\t\t\t\t<div class=\"elementor-element elementor-element-9555495 elementor-invisible elementor-widget elementor-widget-text-editor\" data-id=\"9555495\" data-element_type=\"widget\" data-e-type=\"widget\" data-settings=\"{&quot;_animation&quot;:&quot;fadeInUp&quot;}\" data-widget_type=\"text-editor.default\">\n\t\t\t\t<div class=\"elementor-widget-container\">\n\t\t\t\t\t\t\t\t\t<p class=\"whitespace-pre-wrap break-words\">Our hotel offers you the perfect location to enjoy the beautiful waters of the region. The picturesque Obersee (Upper Lake) is in close proximity and invites you to take relaxing walks along its shore.<\/p><p class=\"whitespace-pre-wrap break-words\">For swimming enthusiasts, there are several idyllic bathing spots just a few minutes' walk from the hotel. Particularly close is Lake Bork, which invites you to swim and sunbathe with its clear water and sandy beach.<\/p><p class=\"whitespace-pre-wrap break-words\">\u00a0<\/p><p class=\"p1\">\u00a0<\/p>\t\t\t\t\t\t\t\t<\/div>\n\t\t\t\t<\/div>\n\t\t\t\t\t<\/div>\n\t\t<\/div>\n\t\t\t\t\t<\/div>\n\t\t<\/section>\n\t\t\t\t<section class=\"elementor-section elementor-top-section elementor-element elementor-element-8e7b784 elementor-section-boxed elementor-section-height-default elementor-section-height-default\" data-id=\"8e7b784\" data-element_type=\"section\" data-e-type=\"section\" data-settings=\"{&quot;background_background&quot;:&quot;classic&quot;}\">\n\t\t\t\t\t\t<div class=\"elementor-container elementor-column-gap-custom\">\n\t\t\t\t\t<div class=\"elementor-column elementor-col-100 elementor-top-column elementor-element elementor-element-fe292ff\" data-id=\"fe292ff\" data-element_type=\"column\" data-e-type=\"column\">\n\t\t\t<div class=\"elementor-widget-wrap elementor-element-populated\">\n\t\t\t\t\t\t<div class=\"elementor-element elementor-element-7e394e8 elementor-widget elementor-widget-image\" data-id=\"7e394e8\" data-element_type=\"widget\" data-e-type=\"widget\" data-widget_type=\"image.default\">\n\t\t\t\t<div class=\"elementor-widget-container\">\n\t\t\t\t\t\t\t\t\t\t\t\t\t\t\t<img fetchpriority=\"high\" decoding=\"async\" width=\"1920\" height=\"1282\" src=\"https:\/\/landhaus-lellichow.de\/wp-content\/uploads\/2024\/07\/jump-1663169_1920.jpg\" class=\"attachment-2048x2048 size-2048x2048 wp-image-3514\" alt=\"Ein Junge springt an einem Sommertag, von hinten gesehen, von einem Holzsteg in einen See.\" srcset=\"https:\/\/landhaus-lellichow.de\/wp-content\/uploads\/2024\/07\/jump-1663169_1920.jpg 1920w, https:\/\/landhaus-lellichow.de\/wp-content\/uploads\/2024\/07\/jump-1663169_1920-300x200.jpg 300w, https:\/\/landhaus-lellichow.de\/wp-content\/uploads\/2024\/07\/jump-1663169_1920-1024x684.jpg 1024w, https:\/\/landhaus-lellichow.de\/wp-content\/uploads\/2024\/07\/jump-1663169_1920-768x513.jpg 768w, https:\/\/landhaus-lellichow.de\/wp-content\/uploads\/2024\/07\/jump-1663169_1920-1536x1026.jpg 1536w, https:\/\/landhaus-lellichow.de\/wp-content\/uploads\/2024\/07\/jump-1663169_1920-18x12.jpg 18w\" sizes=\"(max-width: 1920px) 100vw, 1920px\" \/>\t\t\t\t\t\t\t\t\t\t\t\t\t\t\t<\/div>\n\t\t\t\t<\/div>\n\t\t\t\t\t<\/div>\n\t\t<\/div>\n\t\t\t\t\t<\/div>\n\t\t<\/section>\n\t\t\t\t<\/div>","protected":false},"excerpt":{"rendered":"<p>Kyritzer SeenketteNaturseen voller MagieMehr erfahren Natur Badesee Unser Hotel bietet Ihnen die perfekte Lage, um die wundersch\u00f6nen Gew\u00e4sser der Region zu genie\u00dfen. Der malerische Obersee liegt in unmittelbarer N\u00e4he und l\u00e4dt zu entspannten Spazierg\u00e4ngen am Ufer ein. F\u00fcr Badefreunde gibt es mehrere idyllische Badestellen nur wenige Gehminuten vom Hotel entfernt. Besonders nahe ist der Borker [&hellip;]<\/p>\n","protected":false},"author":2,"featured_media":0,"parent":0,"menu_order":0,"comment_status":"closed","ping_status":"closed","template":"elementor_header_footer","meta":{"footnotes":""},"class_list":["post-3570","page","type-page","status-publish","hentry"],"yoast_head":"<!-- This site is optimized with the Yoast SEO plugin v27.3 - https:\/\/yoast.com\/product\/yoast-seo-wordpress\/ -->\n<title>Badesee - Landhaus Lellichow<\/title>\n<meta name=\"description\" content=\"Unser Hotel bietet Ihnen die perfekte Lage, um die wundersch\u00f6nen Gew\u00e4sser der Region zu genie\u00dfen. Der malerische Obersee liegt in unmittelbarer N\u00e4he und l\u00e4dt zu entspannten Spazierg\u00e4ngen am Ufer ein.\" \/>\n<meta name=\"robots\" content=\"index, follow, max-snippet:-1, max-image-preview:large, max-video-preview:-1\" \/>\n<link rel=\"canonical\" href=\"https:\/\/landhaus-lellichow.de\/en\/badesee\/\" \/>\n<meta property=\"og:locale\" content=\"en_GB\" \/>\n<meta property=\"og:type\" content=\"article\" \/>\n<meta property=\"og:title\" content=\"Badesee - Landhaus Lellichow\" \/>\n<meta property=\"og:description\" content=\"Unser Hotel bietet Ihnen die perfekte Lage, um die wundersch\u00f6nen Gew\u00e4sser der Region zu genie\u00dfen. Der malerische Obersee liegt in unmittelbarer N\u00e4he und l\u00e4dt zu entspannten Spazierg\u00e4ngen am Ufer ein.\" \/>\n<meta property=\"og:url\" content=\"https:\/\/landhaus-lellichow.de\/en\/badesee\/\" \/>\n<meta property=\"og:site_name\" content=\"Landhaus Lellichow\" \/>\n<meta property=\"article:modified_time\" content=\"2025-09-03T09:22:56+00:00\" \/>\n<meta property=\"og:image\" content=\"https:\/\/landhaus-lellichow.de\/wp-content\/uploads\/2024\/07\/jump-1663169_1920.jpg\" \/>\n<meta name=\"twitter:card\" content=\"summary_large_image\" \/>\n<meta name=\"twitter:label1\" content=\"Estimated reading time\" \/>\n\t<meta name=\"twitter:data1\" content=\"1 minute\" \/>\n<script type=\"application\/ld+json\" class=\"yoast-schema-graph\">{\"@context\":\"https:\\\/\\\/schema.org\",\"@graph\":[{\"@type\":\"WebPage\",\"@id\":\"https:\\\/\\\/landhaus-lellichow.de\\\/badesee\\\/\",\"url\":\"https:\\\/\\\/landhaus-lellichow.de\\\/badesee\\\/\",\"name\":\"Badesee - Landhaus Lellichow\",\"isPartOf\":{\"@id\":\"https:\\\/\\\/landhaus-lellichow.de\\\/#website\"},\"primaryImageOfPage\":{\"@id\":\"https:\\\/\\\/landhaus-lellichow.de\\\/badesee\\\/#primaryimage\"},\"image\":{\"@id\":\"https:\\\/\\\/landhaus-lellichow.de\\\/badesee\\\/#primaryimage\"},\"thumbnailUrl\":\"https:\\\/\\\/landhaus-lellichow.de\\\/wp-content\\\/uploads\\\/2024\\\/07\\\/jump-1663169_1920.jpg\",\"datePublished\":\"2024-08-08T07:05:49+00:00\",\"dateModified\":\"2025-09-03T09:22:56+00:00\",\"description\":\"Unser Hotel bietet Ihnen die perfekte Lage, um die wundersch\u00f6nen Gew\u00e4sser der Region zu genie\u00dfen. Der malerische Obersee liegt in unmittelbarer N\u00e4he und l\u00e4dt zu entspannten Spazierg\u00e4ngen am Ufer ein.\",\"breadcrumb\":{\"@id\":\"https:\\\/\\\/landhaus-lellichow.de\\\/badesee\\\/#breadcrumb\"},\"inLanguage\":\"en-GB\",\"potentialAction\":[{\"@type\":\"ReadAction\",\"target\":[\"https:\\\/\\\/landhaus-lellichow.de\\\/badesee\\\/\"]}]},{\"@type\":\"ImageObject\",\"inLanguage\":\"en-GB\",\"@id\":\"https:\\\/\\\/landhaus-lellichow.de\\\/badesee\\\/#primaryimage\",\"url\":\"https:\\\/\\\/landhaus-lellichow.de\\\/wp-content\\\/uploads\\\/2024\\\/07\\\/jump-1663169_1920.jpg\",\"contentUrl\":\"https:\\\/\\\/landhaus-lellichow.de\\\/wp-content\\\/uploads\\\/2024\\\/07\\\/jump-1663169_1920.jpg\"},{\"@type\":\"BreadcrumbList\",\"@id\":\"https:\\\/\\\/landhaus-lellichow.de\\\/badesee\\\/#breadcrumb\",\"itemListElement\":[{\"@type\":\"ListItem\",\"position\":1,\"name\":\"Startseite\",\"item\":\"https:\\\/\\\/landhaus-lellichow.de\\\/\"},{\"@type\":\"ListItem\",\"position\":2,\"name\":\"Badesee\"}]},{\"@type\":\"WebSite\",\"@id\":\"https:\\\/\\\/landhaus-lellichow.de\\\/#website\",\"url\":\"https:\\\/\\\/landhaus-lellichow.de\\\/\",\"name\":\"Landhaus Lellichow\",\"description\":\"Ihr Hotel im Herzen Brandenburgs.\",\"publisher\":{\"@id\":\"https:\\\/\\\/landhaus-lellichow.de\\\/#organization\"},\"potentialAction\":[{\"@type\":\"SearchAction\",\"target\":{\"@type\":\"EntryPoint\",\"urlTemplate\":\"https:\\\/\\\/landhaus-lellichow.de\\\/?s={search_term_string}\"},\"query-input\":{\"@type\":\"PropertyValueSpecification\",\"valueRequired\":true,\"valueName\":\"search_term_string\"}}],\"inLanguage\":\"en-GB\"},{\"@type\":\"Organization\",\"@id\":\"https:\\\/\\\/landhaus-lellichow.de\\\/#organization\",\"name\":\"Landhaus Lellichow\",\"url\":\"https:\\\/\\\/landhaus-lellichow.de\\\/\",\"logo\":{\"@type\":\"ImageObject\",\"inLanguage\":\"en-GB\",\"@id\":\"https:\\\/\\\/landhaus-lellichow.de\\\/#\\\/schema\\\/logo\\\/image\\\/\",\"url\":\"https:\\\/\\\/landhaus-lellichow.de\\\/wp-content\\\/uploads\\\/2021\\\/12\\\/cropped-Hotel-Landhaus_Lellichow_Logo_gross.png\",\"contentUrl\":\"https:\\\/\\\/landhaus-lellichow.de\\\/wp-content\\\/uploads\\\/2021\\\/12\\\/cropped-Hotel-Landhaus_Lellichow_Logo_gross.png\",\"width\":400,\"height\":140,\"caption\":\"Landhaus Lellichow\"},\"image\":{\"@id\":\"https:\\\/\\\/landhaus-lellichow.de\\\/#\\\/schema\\\/logo\\\/image\\\/\"}}]}<\/script>\n<!-- \/ Yoast SEO plugin. -->","yoast_head_json":{"title":"Badesee - Landhaus Lellichow","description":"Our hotel offers you the perfect location to enjoy the beautiful waters of the region. The picturesque Obersee (Upper Lake) is in close proximity and invites you to take relaxing walks along its shore.","robots":{"index":"index","follow":"follow","max-snippet":"max-snippet:-1","max-image-preview":"max-image-preview:large","max-video-preview":"max-video-preview:-1"},"canonical":"https:\/\/landhaus-lellichow.de\/en\/badesee\/","og_locale":"en_GB","og_type":"article","og_title":"Badesee - Landhaus Lellichow","og_description":"Unser Hotel bietet Ihnen die perfekte Lage, um die wundersch\u00f6nen Gew\u00e4sser der Region zu genie\u00dfen. Der malerische Obersee liegt in unmittelbarer N\u00e4he und l\u00e4dt zu entspannten Spazierg\u00e4ngen am Ufer ein.","og_url":"https:\/\/landhaus-lellichow.de\/en\/badesee\/","og_site_name":"Landhaus Lellichow","article_modified_time":"2025-09-03T09:22:56+00:00","og_image":[{"url":"https:\/\/landhaus-lellichow.de\/wp-content\/uploads\/2024\/07\/jump-1663169_1920.jpg","type":"","width":"","height":""}],"twitter_card":"summary_large_image","twitter_misc":{"Estimated reading time":"1 minute"},"schema":{"@context":"https:\/\/schema.org","@graph":[{"@type":"WebPage","@id":"https:\/\/landhaus-lellichow.de\/badesee\/","url":"https:\/\/landhaus-lellichow.de\/badesee\/","name":"Badesee - Landhaus Lellichow","isPartOf":{"@id":"https:\/\/landhaus-lellichow.de\/#website"},"primaryImageOfPage":{"@id":"https:\/\/landhaus-lellichow.de\/badesee\/#primaryimage"},"image":{"@id":"https:\/\/landhaus-lellichow.de\/badesee\/#primaryimage"},"thumbnailUrl":"https:\/\/landhaus-lellichow.de\/wp-content\/uploads\/2024\/07\/jump-1663169_1920.jpg","datePublished":"2024-08-08T07:05:49+00:00","dateModified":"2025-09-03T09:22:56+00:00","description":"Our hotel offers you the perfect location to enjoy the beautiful waters of the region. The picturesque Obersee (Upper Lake) is in close proximity and invites you to take relaxing walks along its shore.","breadcrumb":{"@id":"https:\/\/landhaus-lellichow.de\/badesee\/#breadcrumb"},"inLanguage":"en-GB","potentialAction":[{"@type":"ReadAction","target":["https:\/\/landhaus-lellichow.de\/badesee\/"]}]},{"@type":"ImageObject","inLanguage":"en-GB","@id":"https:\/\/landhaus-lellichow.de\/badesee\/#primaryimage","url":"https:\/\/landhaus-lellichow.de\/wp-content\/uploads\/2024\/07\/jump-1663169_1920.jpg","contentUrl":"https:\/\/landhaus-lellichow.de\/wp-content\/uploads\/2024\/07\/jump-1663169_1920.jpg"},{"@type":"BreadcrumbList","@id":"https:\/\/landhaus-lellichow.de\/badesee\/#breadcrumb","itemListElement":[{"@type":"ListItem","position":1,"name":"Startseite","item":"https:\/\/landhaus-lellichow.de\/"},{"@type":"ListItem","position":2,"name":"Badesee"}]},{"@type":"WebSite","@id":"https:\/\/landhaus-lellichow.de\/#website","url":"https:\/\/landhaus-lellichow.de\/","name":"Landhaus Lellichow","description":"Ihr Hotel im Herzen Brandenburgs.","publisher":{"@id":"https:\/\/landhaus-lellichow.de\/#organization"},"potentialAction":[{"@type":"SearchAction","target":{"@type":"EntryPoint","urlTemplate":"https:\/\/landhaus-lellichow.de\/?s={search_term_string}"},"query-input":{"@type":"PropertyValueSpecification","valueRequired":true,"valueName":"search_term_string"}}],"inLanguage":"en-GB"},{"@type":"Organization","@id":"https:\/\/landhaus-lellichow.de\/#organization","name":"Landhaus Lellichow","url":"https:\/\/landhaus-lellichow.de\/","logo":{"@type":"ImageObject","inLanguage":"en-GB","@id":"https:\/\/landhaus-lellichow.de\/#\/schema\/logo\/image\/","url":"https:\/\/landhaus-lellichow.de\/wp-content\/uploads\/2021\/12\/cropped-Hotel-Landhaus_Lellichow_Logo_gross.png","contentUrl":"https:\/\/landhaus-lellichow.de\/wp-content\/uploads\/2021\/12\/cropped-Hotel-Landhaus_Lellichow_Logo_gross.png","width":400,"height":140,"caption":"Landhaus Lellichow"},"image":{"@id":"https:\/\/landhaus-lellichow.de\/#\/schema\/logo\/image\/"}}]}},"_links":{"self":[{"href":"https:\/\/landhaus-lellichow.de\/en\/wp-json\/wp\/v2\/pages\/3570","targetHints":{"allow":["GET"]}}],"collection":[{"href":"https:\/\/landhaus-lellichow.de\/en\/wp-json\/wp\/v2\/pages"}],"about":[{"href":"https:\/\/landhaus-lellichow.de\/en\/wp-json\/wp\/v2\/types\/page"}],"author":[{"embeddable":true,"href":"https:\/\/landhaus-lellichow.de\/en\/wp-json\/wp\/v2\/users\/2"}],"replies":[{"embeddable":true,"href":"https:\/\/landhaus-lellichow.de\/en\/wp-json\/wp\/v2\/comments?post=3570"}],"version-history":[{"count":38,"href":"https:\/\/landhaus-lellichow.de\/en\/wp-json\/wp\/v2\/pages\/3570\/revisions"}],"predecessor-version":[{"id":5562,"href":"https:\/\/landhaus-lellichow.de\/en\/wp-json\/wp\/v2\/pages\/3570\/revisions\/5562"}],"wp:attachment":[{"href":"https:\/\/landhaus-lellichow.de\/en\/wp-json\/wp\/v2\/media?parent=3570"}],"curies":[{"name":"wp","href":"https:\/\/api.w.org\/{rel}","templated":true}]}}