{"id":3591,"date":"2024-08-08T09:24:20","date_gmt":"2024-08-08T07:24:20","guid":{"rendered":"https:\/\/landhaus-lellichow.de\/?page_id=3591"},"modified":"2025-09-03T11:24:42","modified_gmt":"2025-09-03T09:24:42","slug":"wandern","status":"publish","type":"page","link":"https:\/\/landhaus-lellichow.de\/en\/wandern\/","title":{"rendered":"Hiking"},"content":{"rendered":"\t\t<div data-elementor-type=\"wp-page\" data-elementor-id=\"3591\" class=\"elementor elementor-3591\" data-elementor-post-type=\"page\">\n\t\t\t\t\t\t<section class=\"elementor-section elementor-top-section elementor-element elementor-element-3d6e8f3 elementor-section-full_width elementor-section-height-default elementor-section-height-default\" data-id=\"3d6e8f3\" data-element_type=\"section\" data-e-type=\"section\">\n\t\t\t\t\t\t<div class=\"elementor-container elementor-column-gap-no\">\n\t\t\t\t\t<div class=\"elementor-column elementor-col-100 elementor-top-column elementor-element elementor-element-ea8f8b4\" data-id=\"ea8f8b4\" data-element_type=\"column\" data-e-type=\"column\">\n\t\t\t<div class=\"elementor-widget-wrap elementor-element-populated\">\n\t\t\t\t\t\t<div class=\"elementor-element elementor-element-20942be elementor--h-position-center elementor--v-position-middle elementor-widget elementor-widget-slides\" data-id=\"20942be\" data-element_type=\"widget\" data-e-type=\"widget\" data-settings=\"{&quot;navigation&quot;:&quot;none&quot;,&quot;_animation&quot;:&quot;none&quot;,&quot;autoplay&quot;:&quot;yes&quot;,&quot;pause_on_hover&quot;:&quot;yes&quot;,&quot;pause_on_interaction&quot;:&quot;yes&quot;,&quot;autoplay_speed&quot;:5000,&quot;infinite&quot;:&quot;yes&quot;,&quot;transition&quot;:&quot;slide&quot;,&quot;transition_speed&quot;:500}\" data-widget_type=\"slides.default\">\n\t\t\t\t<div class=\"elementor-widget-container\">\n\t\t\t\t\t\t\t\t\t<div class=\"elementor-swiper\">\n\t\t\t\t\t<div class=\"elementor-slides-wrapper elementor-main-swiper swiper\" role=\"region\" aria-roledescription=\"carousel\" aria-label=\"Slider\" dir=\"ltr\" data-animation=\"fadeInUp\">\n\t\t\t\t<div class=\"swiper-wrapper elementor-slides\">\n\t\t\t\t\t\t\t\t\t\t<div class=\"elementor-repeater-item-e1b5d4e swiper-slide\" role=\"group\" aria-roledescription=\"slide\"><div class=\"swiper-slide-bg\" role=\"img\" aria-label=\"Nahaufnahme der F\u00fc\u00dfe von Wanderern auf einem sonnigen Waldweg, der Fokus liegt auf den Schuhen im Vordergrund.\"><\/div><div class=\"elementor-background-overlay\"><\/div><div class=\"swiper-slide-inner\" ><div class=\"swiper-slide-contents\"><div class=\"elementor-slide-heading\">Kyritzer Seenkette<\/div><div class=\"elementor-slide-description\">Das Wandern ist des ...<\/div><a href=\"#scroll\" class=\"elementor-button elementor-slide-button elementor-size-sm\">Mehr erfahren<\/a><\/div><\/div><\/div>\t\t\t\t<\/div>\n\t\t\t\t\t\t\t<\/div>\n\t\t\t\t<\/div>\n\t\t\t\t\t\t\t\t<\/div>\n\t\t\t\t<\/div>\n\t\t\t\t\t<\/div>\n\t\t<\/div>\n\t\t\t\t\t<\/div>\n\t\t<\/section>\n\t\t\t\t<section class=\"elementor-section elementor-top-section elementor-element elementor-element-cacd748 elementor-section-boxed elementor-section-height-default elementor-section-height-default\" data-id=\"cacd748\" data-element_type=\"section\" data-e-type=\"section\" id=\"scroll\" data-settings=\"{&quot;background_background&quot;:&quot;classic&quot;}\">\n\t\t\t\t\t\t<div class=\"elementor-container elementor-column-gap-custom\">\n\t\t\t\t\t<div class=\"elementor-column elementor-col-100 elementor-top-column elementor-element elementor-element-ad0d899\" data-id=\"ad0d899\" data-element_type=\"column\" data-e-type=\"column\">\n\t\t\t<div class=\"elementor-widget-wrap elementor-element-populated\">\n\t\t\t\t\t\t<div class=\"elementor-element elementor-element-0429d3b elementor-invisible elementor-widget elementor-widget-heading\" data-id=\"0429d3b\" data-element_type=\"widget\" data-e-type=\"widget\" data-settings=\"{&quot;_animation&quot;:&quot;fadeInUp&quot;}\" data-widget_type=\"heading.default\">\n\t\t\t\t<div class=\"elementor-widget-container\">\n\t\t\t\t\t<h2 class=\"elementor-heading-title elementor-size-default\">Wanderparadies<\/h2>\t\t\t\t<\/div>\n\t\t\t\t<\/div>\n\t\t\t\t<div class=\"elementor-element elementor-element-32cddca elementor-invisible elementor-widget elementor-widget-heading\" data-id=\"32cddca\" data-element_type=\"widget\" data-e-type=\"widget\" data-settings=\"{&quot;_animation&quot;:&quot;fadeInUp&quot;}\" data-widget_type=\"heading.default\">\n\t\t\t\t<div class=\"elementor-widget-container\">\n\t\t\t\t\t<h2 class=\"elementor-heading-title elementor-size-default\">Kyritz: Natur pur erleben<\/h2>\t\t\t\t<\/div>\n\t\t\t\t<\/div>\n\t\t\t\t<div class=\"elementor-element elementor-element-65cb25f elementor-invisible elementor-widget elementor-widget-text-editor\" data-id=\"65cb25f\" data-element_type=\"widget\" data-e-type=\"widget\" data-settings=\"{&quot;_animation&quot;:&quot;fadeInUp&quot;}\" data-widget_type=\"text-editor.default\">\n\t\t\t\t<div class=\"elementor-widget-container\">\n\t\t\t\t\t\t\t\t\t<p class=\"whitespace-pre-wrap break-words\">Tauchen Sie ein in die bezaubernde Landschaft der Kyritzer Seenplatte. Unsere vielf\u00e4ltigen Wanderwege bieten f\u00fcr jeden etwas &#8211; von gem\u00fctlichen Spazierg\u00e4ngen bis zu anspruchsvollen Tageswanderungen. Erkunden Sie dichte W\u00e4lder, wandern Sie entlang glitzernder Seen und genie\u00dfen Sie weite Ausblicke \u00fcber sanfte H\u00fcgel.<\/p><p class=\"whitespace-pre-wrap break-words\">Die gut ausgeschilderten Routen f\u00fchren Sie zu versteckten Natursch\u00f6nheiten und historischen Sehensw\u00fcrdigkeiten. Ob Sie die Ruhe der Natur suchen oder aktiv die Flora und Fauna entdecken m\u00f6chten &#8211; das Wanderparadies Kyritz in Brandenburg bietet unvergessliche Erlebnisse f\u00fcr Naturliebhaber jeden Alters.<\/p>\t\t\t\t\t\t\t\t<\/div>\n\t\t\t\t<\/div>\n\t\t\t\t\t<\/div>\n\t\t<\/div>\n\t\t\t\t\t<\/div>\n\t\t<\/section>\n\t\t\t\t<section class=\"elementor-section elementor-top-section elementor-element elementor-element-26ca940 elementor-section-boxed elementor-section-height-default elementor-section-height-default\" data-id=\"26ca940\" data-element_type=\"section\" data-e-type=\"section\" data-settings=\"{&quot;background_background&quot;:&quot;classic&quot;}\">\n\t\t\t\t\t\t<div class=\"elementor-container elementor-column-gap-custom\">\n\t\t\t\t\t<div class=\"elementor-column elementor-col-100 elementor-top-column elementor-element elementor-element-e2718f0\" data-id=\"e2718f0\" data-element_type=\"column\" data-e-type=\"column\" data-settings=\"{&quot;background_motion_fx_devices&quot;:[&quot;desktop&quot;,&quot;tablet&quot;,&quot;mobile&quot;]}\">\n\t\t\t<div class=\"elementor-widget-wrap elementor-element-populated\">\n\t\t\t\t\t\t<div class=\"elementor-element elementor-element-f607bdd elementor-widget elementor-widget-image\" data-id=\"f607bdd\" data-element_type=\"widget\" data-e-type=\"widget\" data-widget_type=\"image.default\">\n\t\t\t\t<div class=\"elementor-widget-container\">\n\t\t\t\t\t\t\t\t\t\t\t\t\t\t\t<img fetchpriority=\"high\" decoding=\"async\" width=\"1280\" height=\"1920\" src=\"https:\/\/landhaus-lellichow.de\/wp-content\/uploads\/2024\/08\/forest-386751_1920.jpg\" class=\"attachment-2048x2048 size-2048x2048 wp-image-3594\" alt=\"Zwei Kinder wandern mit Rucks\u00e4cken und Wanderst\u00f6cken auf einem sonnigen Waldweg.\" srcset=\"https:\/\/landhaus-lellichow.de\/wp-content\/uploads\/2024\/08\/forest-386751_1920.jpg 1280w, https:\/\/landhaus-lellichow.de\/wp-content\/uploads\/2024\/08\/forest-386751_1920-200x300.jpg 200w, https:\/\/landhaus-lellichow.de\/wp-content\/uploads\/2024\/08\/forest-386751_1920-683x1024.jpg 683w, https:\/\/landhaus-lellichow.de\/wp-content\/uploads\/2024\/08\/forest-386751_1920-768x1152.jpg 768w, https:\/\/landhaus-lellichow.de\/wp-content\/uploads\/2024\/08\/forest-386751_1920-1024x1536.jpg 1024w, https:\/\/landhaus-lellichow.de\/wp-content\/uploads\/2024\/08\/forest-386751_1920-8x12.jpg 8w\" sizes=\"(max-width: 1280px) 100vw, 1280px\" \/>\t\t\t\t\t\t\t\t\t\t\t\t\t\t\t<\/div>\n\t\t\t\t<\/div>\n\t\t\t\t\t<\/div>\n\t\t<\/div>\n\t\t\t\t\t<\/div>\n\t\t<\/section>\n\t\t\t\t<\/div>\n\t\t","protected":false},"excerpt":{"rendered":"<p>Kyritzer SeenketteDas Wandern ist des &#8230;Mehr erfahren Wanderparadies Kyritz: Natur pur erleben Tauchen Sie ein in die bezaubernde Landschaft der Kyritzer Seenplatte. Unsere vielf\u00e4ltigen Wanderwege bieten f\u00fcr jeden etwas &#8211; von gem\u00fctlichen Spazierg\u00e4ngen bis zu anspruchsvollen Tageswanderungen. Erkunden Sie dichte W\u00e4lder, wandern Sie entlang glitzernder Seen und genie\u00dfen Sie weite Ausblicke \u00fcber sanfte H\u00fcgel. Die [&hellip;]<\/p>\n","protected":false},"author":2,"featured_media":0,"parent":0,"menu_order":0,"comment_status":"closed","ping_status":"closed","template":"elementor_header_footer","meta":{"footnotes":""},"class_list":["post-3591","page","type-page","status-publish","hentry"],"yoast_head":"<!-- This site is optimized with the Yoast SEO plugin v27.3 - https:\/\/yoast.com\/product\/yoast-seo-wordpress\/ -->\n<title>Wandern - Landhaus Lellichow<\/title>\n<meta name=\"description\" content=\"Tauchen Sie ein in die bezaubernde Landschaft der Kyritzer Seenplatte. Unsere vielf\u00e4ltigen Wanderwege bieten f\u00fcr jeden etwas \u2013 von gem\u00fctlichen Spazierg\u00e4ngen bis zu anspruchsvollen Tageswanderungen.\" \/>\n<meta name=\"robots\" content=\"index, follow, max-snippet:-1, max-image-preview:large, max-video-preview:-1\" \/>\n<link rel=\"canonical\" href=\"https:\/\/landhaus-lellichow.de\/en\/wandern\/\" \/>\n<meta property=\"og:locale\" content=\"en_GB\" \/>\n<meta property=\"og:type\" content=\"article\" \/>\n<meta property=\"og:title\" content=\"Wandern - Landhaus Lellichow\" \/>\n<meta property=\"og:description\" content=\"Tauchen Sie ein in die bezaubernde Landschaft der Kyritzer Seenplatte. Unsere vielf\u00e4ltigen Wanderwege bieten f\u00fcr jeden etwas \u2013 von gem\u00fctlichen Spazierg\u00e4ngen bis zu anspruchsvollen Tageswanderungen.\" \/>\n<meta property=\"og:url\" content=\"https:\/\/landhaus-lellichow.de\/en\/wandern\/\" \/>\n<meta property=\"og:site_name\" content=\"Landhaus Lellichow\" \/>\n<meta property=\"article:modified_time\" content=\"2025-09-03T09:24:42+00:00\" \/>\n<meta property=\"og:image\" content=\"https:\/\/landhaus-lellichow.de\/wp-content\/uploads\/2024\/08\/forest-386751_1920.jpg\" \/>\n<meta name=\"twitter:card\" content=\"summary_large_image\" \/>\n<meta name=\"twitter:label1\" content=\"Estimated reading time\" \/>\n\t<meta name=\"twitter:data1\" content=\"1 minute\" \/>\n<script type=\"application\/ld+json\" class=\"yoast-schema-graph\">{\"@context\":\"https:\\\/\\\/schema.org\",\"@graph\":[{\"@type\":\"WebPage\",\"@id\":\"https:\\\/\\\/landhaus-lellichow.de\\\/wandern\\\/\",\"url\":\"https:\\\/\\\/landhaus-lellichow.de\\\/wandern\\\/\",\"name\":\"Wandern - Landhaus Lellichow\",\"isPartOf\":{\"@id\":\"https:\\\/\\\/landhaus-lellichow.de\\\/#website\"},\"primaryImageOfPage\":{\"@id\":\"https:\\\/\\\/landhaus-lellichow.de\\\/wandern\\\/#primaryimage\"},\"image\":{\"@id\":\"https:\\\/\\\/landhaus-lellichow.de\\\/wandern\\\/#primaryimage\"},\"thumbnailUrl\":\"https:\\\/\\\/landhaus-lellichow.de\\\/wp-content\\\/uploads\\\/2024\\\/08\\\/forest-386751_1920.jpg\",\"datePublished\":\"2024-08-08T07:24:20+00:00\",\"dateModified\":\"2025-09-03T09:24:42+00:00\",\"description\":\"Tauchen Sie ein in die bezaubernde Landschaft der Kyritzer Seenplatte. Unsere vielf\u00e4ltigen Wanderwege bieten f\u00fcr jeden etwas \u2013 von gem\u00fctlichen Spazierg\u00e4ngen bis zu anspruchsvollen Tageswanderungen.\",\"breadcrumb\":{\"@id\":\"https:\\\/\\\/landhaus-lellichow.de\\\/wandern\\\/#breadcrumb\"},\"inLanguage\":\"en-GB\",\"potentialAction\":[{\"@type\":\"ReadAction\",\"target\":[\"https:\\\/\\\/landhaus-lellichow.de\\\/wandern\\\/\"]}]},{\"@type\":\"ImageObject\",\"inLanguage\":\"en-GB\",\"@id\":\"https:\\\/\\\/landhaus-lellichow.de\\\/wandern\\\/#primaryimage\",\"url\":\"https:\\\/\\\/landhaus-lellichow.de\\\/wp-content\\\/uploads\\\/2024\\\/08\\\/forest-386751_1920.jpg\",\"contentUrl\":\"https:\\\/\\\/landhaus-lellichow.de\\\/wp-content\\\/uploads\\\/2024\\\/08\\\/forest-386751_1920.jpg\"},{\"@type\":\"BreadcrumbList\",\"@id\":\"https:\\\/\\\/landhaus-lellichow.de\\\/wandern\\\/#breadcrumb\",\"itemListElement\":[{\"@type\":\"ListItem\",\"position\":1,\"name\":\"Startseite\",\"item\":\"https:\\\/\\\/landhaus-lellichow.de\\\/\"},{\"@type\":\"ListItem\",\"position\":2,\"name\":\"Wandern\"}]},{\"@type\":\"WebSite\",\"@id\":\"https:\\\/\\\/landhaus-lellichow.de\\\/#website\",\"url\":\"https:\\\/\\\/landhaus-lellichow.de\\\/\",\"name\":\"Landhaus Lellichow\",\"description\":\"Ihr Hotel im Herzen Brandenburgs.\",\"publisher\":{\"@id\":\"https:\\\/\\\/landhaus-lellichow.de\\\/#organization\"},\"potentialAction\":[{\"@type\":\"SearchAction\",\"target\":{\"@type\":\"EntryPoint\",\"urlTemplate\":\"https:\\\/\\\/landhaus-lellichow.de\\\/?s={search_term_string}\"},\"query-input\":{\"@type\":\"PropertyValueSpecification\",\"valueRequired\":true,\"valueName\":\"search_term_string\"}}],\"inLanguage\":\"en-GB\"},{\"@type\":\"Organization\",\"@id\":\"https:\\\/\\\/landhaus-lellichow.de\\\/#organization\",\"name\":\"Landhaus Lellichow\",\"url\":\"https:\\\/\\\/landhaus-lellichow.de\\\/\",\"logo\":{\"@type\":\"ImageObject\",\"inLanguage\":\"en-GB\",\"@id\":\"https:\\\/\\\/landhaus-lellichow.de\\\/#\\\/schema\\\/logo\\\/image\\\/\",\"url\":\"https:\\\/\\\/landhaus-lellichow.de\\\/wp-content\\\/uploads\\\/2021\\\/12\\\/cropped-Hotel-Landhaus_Lellichow_Logo_gross.png\",\"contentUrl\":\"https:\\\/\\\/landhaus-lellichow.de\\\/wp-content\\\/uploads\\\/2021\\\/12\\\/cropped-Hotel-Landhaus_Lellichow_Logo_gross.png\",\"width\":400,\"height\":140,\"caption\":\"Landhaus Lellichow\"},\"image\":{\"@id\":\"https:\\\/\\\/landhaus-lellichow.de\\\/#\\\/schema\\\/logo\\\/image\\\/\"}}]}<\/script>\n<!-- \/ Yoast SEO plugin. -->","yoast_head_json":{"title":"Wandern - Landhaus Lellichow","description":"Tauchen Sie ein in die bezaubernde Landschaft der Kyritzer Seenplatte. Unsere vielf\u00e4ltigen Wanderwege bieten f\u00fcr jeden etwas \u2013 von gem\u00fctlichen Spazierg\u00e4ngen bis zu anspruchsvollen Tageswanderungen.","robots":{"index":"index","follow":"follow","max-snippet":"max-snippet:-1","max-image-preview":"max-image-preview:large","max-video-preview":"max-video-preview:-1"},"canonical":"https:\/\/landhaus-lellichow.de\/en\/wandern\/","og_locale":"en_GB","og_type":"article","og_title":"Wandern - Landhaus Lellichow","og_description":"Tauchen Sie ein in die bezaubernde Landschaft der Kyritzer Seenplatte. Unsere vielf\u00e4ltigen Wanderwege bieten f\u00fcr jeden etwas \u2013 von gem\u00fctlichen Spazierg\u00e4ngen bis zu anspruchsvollen Tageswanderungen.","og_url":"https:\/\/landhaus-lellichow.de\/en\/wandern\/","og_site_name":"Landhaus Lellichow","article_modified_time":"2025-09-03T09:24:42+00:00","og_image":[{"url":"https:\/\/landhaus-lellichow.de\/wp-content\/uploads\/2024\/08\/forest-386751_1920.jpg","type":"","width":"","height":""}],"twitter_card":"summary_large_image","twitter_misc":{"Estimated reading time":"1 minute"},"schema":{"@context":"https:\/\/schema.org","@graph":[{"@type":"WebPage","@id":"https:\/\/landhaus-lellichow.de\/wandern\/","url":"https:\/\/landhaus-lellichow.de\/wandern\/","name":"Wandern - Landhaus Lellichow","isPartOf":{"@id":"https:\/\/landhaus-lellichow.de\/#website"},"primaryImageOfPage":{"@id":"https:\/\/landhaus-lellichow.de\/wandern\/#primaryimage"},"image":{"@id":"https:\/\/landhaus-lellichow.de\/wandern\/#primaryimage"},"thumbnailUrl":"https:\/\/landhaus-lellichow.de\/wp-content\/uploads\/2024\/08\/forest-386751_1920.jpg","datePublished":"2024-08-08T07:24:20+00:00","dateModified":"2025-09-03T09:24:42+00:00","description":"Tauchen Sie ein in die bezaubernde Landschaft der Kyritzer Seenplatte. Unsere vielf\u00e4ltigen Wanderwege bieten f\u00fcr jeden etwas \u2013 von gem\u00fctlichen Spazierg\u00e4ngen bis zu anspruchsvollen Tageswanderungen.","breadcrumb":{"@id":"https:\/\/landhaus-lellichow.de\/wandern\/#breadcrumb"},"inLanguage":"en-GB","potentialAction":[{"@type":"ReadAction","target":["https:\/\/landhaus-lellichow.de\/wandern\/"]}]},{"@type":"ImageObject","inLanguage":"en-GB","@id":"https:\/\/landhaus-lellichow.de\/wandern\/#primaryimage","url":"https:\/\/landhaus-lellichow.de\/wp-content\/uploads\/2024\/08\/forest-386751_1920.jpg","contentUrl":"https:\/\/landhaus-lellichow.de\/wp-content\/uploads\/2024\/08\/forest-386751_1920.jpg"},{"@type":"BreadcrumbList","@id":"https:\/\/landhaus-lellichow.de\/wandern\/#breadcrumb","itemListElement":[{"@type":"ListItem","position":1,"name":"Startseite","item":"https:\/\/landhaus-lellichow.de\/"},{"@type":"ListItem","position":2,"name":"Wandern"}]},{"@type":"WebSite","@id":"https:\/\/landhaus-lellichow.de\/#website","url":"https:\/\/landhaus-lellichow.de\/","name":"Landhaus Lellichow","description":"Ihr Hotel im Herzen Brandenburgs.","publisher":{"@id":"https:\/\/landhaus-lellichow.de\/#organization"},"potentialAction":[{"@type":"SearchAction","target":{"@type":"EntryPoint","urlTemplate":"https:\/\/landhaus-lellichow.de\/?s={search_term_string}"},"query-input":{"@type":"PropertyValueSpecification","valueRequired":true,"valueName":"search_term_string"}}],"inLanguage":"en-GB"},{"@type":"Organization","@id":"https:\/\/landhaus-lellichow.de\/#organization","name":"Landhaus Lellichow","url":"https:\/\/landhaus-lellichow.de\/","logo":{"@type":"ImageObject","inLanguage":"en-GB","@id":"https:\/\/landhaus-lellichow.de\/#\/schema\/logo\/image\/","url":"https:\/\/landhaus-lellichow.de\/wp-content\/uploads\/2021\/12\/cropped-Hotel-Landhaus_Lellichow_Logo_gross.png","contentUrl":"https:\/\/landhaus-lellichow.de\/wp-content\/uploads\/2021\/12\/cropped-Hotel-Landhaus_Lellichow_Logo_gross.png","width":400,"height":140,"caption":"Landhaus Lellichow"},"image":{"@id":"https:\/\/landhaus-lellichow.de\/#\/schema\/logo\/image\/"}}]}},"_links":{"self":[{"href":"https:\/\/landhaus-lellichow.de\/en\/wp-json\/wp\/v2\/pages\/3591","targetHints":{"allow":["GET"]}}],"collection":[{"href":"https:\/\/landhaus-lellichow.de\/en\/wp-json\/wp\/v2\/pages"}],"about":[{"href":"https:\/\/landhaus-lellichow.de\/en\/wp-json\/wp\/v2\/types\/page"}],"author":[{"embeddable":true,"href":"https:\/\/landhaus-lellichow.de\/en\/wp-json\/wp\/v2\/users\/2"}],"replies":[{"embeddable":true,"href":"https:\/\/landhaus-lellichow.de\/en\/wp-json\/wp\/v2\/comments?post=3591"}],"version-history":[{"count":38,"href":"https:\/\/landhaus-lellichow.de\/en\/wp-json\/wp\/v2\/pages\/3591\/revisions"}],"predecessor-version":[{"id":5556,"href":"https:\/\/landhaus-lellichow.de\/en\/wp-json\/wp\/v2\/pages\/3591\/revisions\/5556"}],"wp:attachment":[{"href":"https:\/\/landhaus-lellichow.de\/en\/wp-json\/wp\/v2\/media?parent=3591"}],"curies":[{"name":"wp","href":"https:\/\/api.w.org\/{rel}","templated":true}]}}