{"id":3932,"date":"2024-08-15T11:46:14","date_gmt":"2024-08-15T09:46:14","guid":{"rendered":"https:\/\/landhaus-lellichow.de\/?page_id=3932"},"modified":"2025-09-03T11:24:48","modified_gmt":"2025-09-03T09:24:48","slug":"fahrradtouren","status":"publish","type":"page","link":"https:\/\/landhaus-lellichow.de\/en\/fahrradtouren\/","title":{"rendered":"Bicycle tours"},"content":{"rendered":"\t\t<div data-elementor-type=\"wp-page\" data-elementor-id=\"3932\" class=\"elementor elementor-3932\" data-elementor-post-type=\"page\">\n\t\t\t\t\t\t<section class=\"elementor-section elementor-top-section elementor-element elementor-element-f42cf14 elementor-section-full_width elementor-section-height-default elementor-section-height-default\" data-id=\"f42cf14\" data-element_type=\"section\" data-e-type=\"section\">\n\t\t\t\t\t\t<div class=\"elementor-container elementor-column-gap-no\">\n\t\t\t\t\t<div class=\"elementor-column elementor-col-100 elementor-top-column elementor-element elementor-element-902b814\" data-id=\"902b814\" data-element_type=\"column\" data-e-type=\"column\">\n\t\t\t<div class=\"elementor-widget-wrap elementor-element-populated\">\n\t\t\t\t\t\t<div class=\"elementor-element elementor-element-91df54b elementor--h-position-center elementor--v-position-middle elementor-widget elementor-widget-slides\" data-id=\"91df54b\" data-element_type=\"widget\" data-e-type=\"widget\" data-settings=\"{&quot;navigation&quot;:&quot;none&quot;,&quot;_animation&quot;:&quot;none&quot;,&quot;autoplay&quot;:&quot;yes&quot;,&quot;pause_on_hover&quot;:&quot;yes&quot;,&quot;pause_on_interaction&quot;:&quot;yes&quot;,&quot;autoplay_speed&quot;:5000,&quot;infinite&quot;:&quot;yes&quot;,&quot;transition&quot;:&quot;slide&quot;,&quot;transition_speed&quot;:500}\" data-widget_type=\"slides.default\">\n\t\t\t\t<div class=\"elementor-widget-container\">\n\t\t\t\t\t\t\t\t\t<div class=\"elementor-swiper\">\n\t\t\t\t\t<div class=\"elementor-slides-wrapper elementor-main-swiper swiper\" role=\"region\" aria-roledescription=\"carousel\" aria-label=\"Slider\" dir=\"ltr\" data-animation=\"fadeInUp\">\n\t\t\t\t<div class=\"swiper-wrapper elementor-slides\">\n\t\t\t\t\t\t\t\t\t\t<div class=\"elementor-repeater-item-e1b5d4e swiper-slide\" role=\"group\" aria-roledescription=\"slide\"><div class=\"swiper-slide-bg\" role=\"img\" aria-label=\"Eine Person f\u00e4hrt mit dem Fahrrad auf einem Waldweg, w\u00e4hrend die Sonne im Hintergrund durch die B\u00e4ume scheint.\"><\/div><div class=\"elementor-background-overlay\"><\/div><div class=\"swiper-slide-inner\" ><div class=\"swiper-slide-contents\"><div class=\"elementor-slide-heading\">Kyritzer Seenkette<\/div><div class=\"elementor-slide-description\">Fahrradtouren<\/div><a href=\"#scroll\" class=\"elementor-button elementor-slide-button elementor-size-sm\">Mehr erfahren<\/a><\/div><\/div><\/div>\t\t\t\t<\/div>\n\t\t\t\t\t\t\t<\/div>\n\t\t\t\t<\/div>\n\t\t\t\t\t\t\t\t<\/div>\n\t\t\t\t<\/div>\n\t\t\t\t\t<\/div>\n\t\t<\/div>\n\t\t\t\t\t<\/div>\n\t\t<\/section>\n\t\t\t\t<section class=\"elementor-section elementor-top-section elementor-element elementor-element-240d5d1 elementor-section-boxed elementor-section-height-default elementor-section-height-default\" data-id=\"240d5d1\" data-element_type=\"section\" data-e-type=\"section\" id=\"scroll\" data-settings=\"{&quot;background_background&quot;:&quot;classic&quot;}\">\n\t\t\t\t\t\t<div class=\"elementor-container elementor-column-gap-custom\">\n\t\t\t\t\t<div class=\"elementor-column elementor-col-100 elementor-top-column elementor-element elementor-element-ae965b6\" data-id=\"ae965b6\" data-element_type=\"column\" data-e-type=\"column\">\n\t\t\t<div class=\"elementor-widget-wrap elementor-element-populated\">\n\t\t\t\t\t\t<div class=\"elementor-element elementor-element-c870bc5 elementor-invisible elementor-widget elementor-widget-heading\" data-id=\"c870bc5\" data-element_type=\"widget\" data-e-type=\"widget\" data-settings=\"{&quot;_animation&quot;:&quot;fadeInUp&quot;}\" data-widget_type=\"heading.default\">\n\t\t\t\t<div class=\"elementor-widget-container\">\n\t\t\t\t\t<h2 class=\"elementor-heading-title elementor-size-default\">Radeln<\/h2>\t\t\t\t<\/div>\n\t\t\t\t<\/div>\n\t\t\t\t<div class=\"elementor-element elementor-element-39c95b6 elementor-invisible elementor-widget elementor-widget-heading\" data-id=\"39c95b6\" data-element_type=\"widget\" data-e-type=\"widget\" data-settings=\"{&quot;_animation&quot;:&quot;fadeInUp&quot;}\" data-widget_type=\"heading.default\">\n\t\t\t\t<div class=\"elementor-widget-container\">\n\t\t\t\t\t<h2 class=\"elementor-heading-title elementor-size-default\">Sie durch idyllische Landschaften<\/h2>\t\t\t\t<\/div>\n\t\t\t\t<\/div>\n\t\t\t\t<div class=\"elementor-element elementor-element-86d2da2 elementor-invisible elementor-widget elementor-widget-text-editor\" data-id=\"86d2da2\" data-element_type=\"widget\" data-e-type=\"widget\" data-settings=\"{&quot;_animation&quot;:&quot;fadeInUp&quot;}\" data-widget_type=\"text-editor.default\">\n\t\t\t\t<div class=\"elementor-widget-container\">\n\t\t\t\t\t\t\t\t\t<p class=\"p1\">Das angrenzende Naturschutzgebiet rund um das Hotel Landhaus Lellichow l\u00e4dt zum Erkunden ein. Ob zu Fu\u00df auf den zahlreichen\u00a0<b>Wanderwegen<\/b>\u00a0rund um die Kyritzer Seenkette oder mobil mit dem\u00a0<b>Fahrrad<\/b>.<br \/>Die Region Lellichow bietet viele abwechslungsreiche Routen und ist somit f\u00fcr alle vitalen Naturfreunde genau die richtige Wahl.<br \/>Information: Wir wissen die tollen Radwege und Lage unseres Hotels zu sch\u00e4tzen, weshalb Sie bei uns auch\u00a0<b>Fahrr\u00e4der<\/b>\u00a0direkt vor Ort im Hotel\u00a0<b>ausleihen<\/b>\u00a0k\u00f6nnen.<\/p><p class=\"p1\">\u00a0<\/p>\t\t\t\t\t\t\t\t<\/div>\n\t\t\t\t<\/div>\n\t\t\t\t\t<\/div>\n\t\t<\/div>\n\t\t\t\t\t<\/div>\n\t\t<\/section>\n\t\t\t\t<section class=\"elementor-section elementor-top-section elementor-element elementor-element-d72541f elementor-section-boxed elementor-section-height-default elementor-section-height-default\" data-id=\"d72541f\" data-element_type=\"section\" data-e-type=\"section\" data-settings=\"{&quot;background_background&quot;:&quot;classic&quot;}\">\n\t\t\t\t\t\t<div class=\"elementor-container elementor-column-gap-custom\">\n\t\t\t\t\t<div class=\"elementor-column elementor-col-100 elementor-top-column elementor-element elementor-element-6ac5422\" data-id=\"6ac5422\" data-element_type=\"column\" data-e-type=\"column\" data-settings=\"{&quot;background_motion_fx_devices&quot;:[&quot;desktop&quot;,&quot;tablet&quot;,&quot;mobile&quot;]}\">\n\t\t\t<div class=\"elementor-widget-wrap elementor-element-populated\">\n\t\t\t\t\t\t<div class=\"elementor-element elementor-element-e74ca68 elementor-widget elementor-widget-image\" data-id=\"e74ca68\" data-element_type=\"widget\" data-e-type=\"widget\" data-widget_type=\"image.default\">\n\t\t\t\t<div class=\"elementor-widget-container\">\n\t\t\t\t\t\t\t\t\t\t\t\t\t\t\t<img fetchpriority=\"high\" decoding=\"async\" width=\"1920\" height=\"1266\" src=\"https:\/\/landhaus-lellichow.de\/wp-content\/uploads\/2024\/08\/scooter-7396608_1920.jpg\" class=\"attachment-2048x2048 size-2048x2048 wp-image-3605\" alt=\"Silhouetten von drei Kindern, die mit Fahrrad und Roller an einem Seeufer entlangfahren.\" srcset=\"https:\/\/landhaus-lellichow.de\/wp-content\/uploads\/2024\/08\/scooter-7396608_1920.jpg 1920w, https:\/\/landhaus-lellichow.de\/wp-content\/uploads\/2024\/08\/scooter-7396608_1920-300x198.jpg 300w, https:\/\/landhaus-lellichow.de\/wp-content\/uploads\/2024\/08\/scooter-7396608_1920-1024x675.jpg 1024w, https:\/\/landhaus-lellichow.de\/wp-content\/uploads\/2024\/08\/scooter-7396608_1920-768x506.jpg 768w, https:\/\/landhaus-lellichow.de\/wp-content\/uploads\/2024\/08\/scooter-7396608_1920-1536x1013.jpg 1536w, https:\/\/landhaus-lellichow.de\/wp-content\/uploads\/2024\/08\/scooter-7396608_1920-18x12.jpg 18w\" sizes=\"(max-width: 1920px) 100vw, 1920px\" \/>\t\t\t\t\t\t\t\t\t\t\t\t\t\t\t<\/div>\n\t\t\t\t<\/div>\n\t\t\t\t\t<\/div>\n\t\t<\/div>\n\t\t\t\t\t<\/div>\n\t\t<\/section>\n\t\t\t\t<\/div>\n\t\t","protected":false},"excerpt":{"rendered":"<p>Kyritzer SeenketteFahrradtourenMehr erfahren Radeln Sie durch idyllische Landschaften Das angrenzende Naturschutzgebiet rund um das Hotel Landhaus Lellichow l\u00e4dt zum Erkunden ein. Ob zu Fu\u00df auf den zahlreichen\u00a0Wanderwegen\u00a0rund um die Kyritzer Seenkette oder mobil mit dem\u00a0Fahrrad.Die Region Lellichow bietet viele abwechslungsreiche Routen und ist somit f\u00fcr alle vitalen Naturfreunde genau die richtige Wahl.Information: Wir wissen die [&hellip;]<\/p>\n","protected":false},"author":2,"featured_media":0,"parent":0,"menu_order":0,"comment_status":"closed","ping_status":"closed","template":"elementor_header_footer","meta":{"footnotes":""},"class_list":["post-3932","page","type-page","status-publish","hentry"],"yoast_head":"<!-- This site is optimized with the Yoast SEO plugin v27.3 - https:\/\/yoast.com\/product\/yoast-seo-wordpress\/ -->\n<title>Fahrradtouren - Landhaus Lellichow<\/title>\n<meta name=\"description\" content=\"Das angrenzende Naturschutzgebiet rund um das Hotel Landhaus Lellichow l\u00e4dt zum Erkunden ein.\" \/>\n<meta name=\"robots\" content=\"index, follow, max-snippet:-1, max-image-preview:large, max-video-preview:-1\" \/>\n<link rel=\"canonical\" href=\"https:\/\/landhaus-lellichow.de\/en\/fahrradtouren\/\" \/>\n<meta property=\"og:locale\" content=\"en_GB\" \/>\n<meta property=\"og:type\" content=\"article\" \/>\n<meta property=\"og:title\" content=\"Fahrradtouren - Landhaus Lellichow\" \/>\n<meta property=\"og:description\" content=\"Das angrenzende Naturschutzgebiet rund um das Hotel Landhaus Lellichow l\u00e4dt zum Erkunden ein.\" \/>\n<meta property=\"og:url\" content=\"https:\/\/landhaus-lellichow.de\/en\/fahrradtouren\/\" \/>\n<meta property=\"og:site_name\" content=\"Landhaus Lellichow\" \/>\n<meta property=\"article:modified_time\" content=\"2025-09-03T09:24:48+00:00\" \/>\n<meta property=\"og:image\" content=\"https:\/\/landhaus-lellichow.de\/wp-content\/uploads\/2024\/08\/scooter-7396608_1920.jpg\" \/>\n<meta name=\"twitter:card\" content=\"summary_large_image\" \/>\n<meta name=\"twitter:label1\" content=\"Estimated reading time\" \/>\n\t<meta name=\"twitter:data1\" content=\"1 minute\" \/>\n<script type=\"application\/ld+json\" class=\"yoast-schema-graph\">{\"@context\":\"https:\\\/\\\/schema.org\",\"@graph\":[{\"@type\":\"WebPage\",\"@id\":\"https:\\\/\\\/landhaus-lellichow.de\\\/fahrradtouren\\\/\",\"url\":\"https:\\\/\\\/landhaus-lellichow.de\\\/fahrradtouren\\\/\",\"name\":\"Fahrradtouren - Landhaus Lellichow\",\"isPartOf\":{\"@id\":\"https:\\\/\\\/landhaus-lellichow.de\\\/#website\"},\"primaryImageOfPage\":{\"@id\":\"https:\\\/\\\/landhaus-lellichow.de\\\/fahrradtouren\\\/#primaryimage\"},\"image\":{\"@id\":\"https:\\\/\\\/landhaus-lellichow.de\\\/fahrradtouren\\\/#primaryimage\"},\"thumbnailUrl\":\"https:\\\/\\\/landhaus-lellichow.de\\\/wp-content\\\/uploads\\\/2024\\\/08\\\/scooter-7396608_1920.jpg\",\"datePublished\":\"2024-08-15T09:46:14+00:00\",\"dateModified\":\"2025-09-03T09:24:48+00:00\",\"description\":\"Das angrenzende Naturschutzgebiet rund um das Hotel Landhaus Lellichow l\u00e4dt zum Erkunden ein.\",\"breadcrumb\":{\"@id\":\"https:\\\/\\\/landhaus-lellichow.de\\\/fahrradtouren\\\/#breadcrumb\"},\"inLanguage\":\"en-GB\",\"potentialAction\":[{\"@type\":\"ReadAction\",\"target\":[\"https:\\\/\\\/landhaus-lellichow.de\\\/fahrradtouren\\\/\"]}]},{\"@type\":\"ImageObject\",\"inLanguage\":\"en-GB\",\"@id\":\"https:\\\/\\\/landhaus-lellichow.de\\\/fahrradtouren\\\/#primaryimage\",\"url\":\"https:\\\/\\\/landhaus-lellichow.de\\\/wp-content\\\/uploads\\\/2024\\\/08\\\/scooter-7396608_1920.jpg\",\"contentUrl\":\"https:\\\/\\\/landhaus-lellichow.de\\\/wp-content\\\/uploads\\\/2024\\\/08\\\/scooter-7396608_1920.jpg\"},{\"@type\":\"BreadcrumbList\",\"@id\":\"https:\\\/\\\/landhaus-lellichow.de\\\/fahrradtouren\\\/#breadcrumb\",\"itemListElement\":[{\"@type\":\"ListItem\",\"position\":1,\"name\":\"Startseite\",\"item\":\"https:\\\/\\\/landhaus-lellichow.de\\\/\"},{\"@type\":\"ListItem\",\"position\":2,\"name\":\"Fahrradtouren\"}]},{\"@type\":\"WebSite\",\"@id\":\"https:\\\/\\\/landhaus-lellichow.de\\\/#website\",\"url\":\"https:\\\/\\\/landhaus-lellichow.de\\\/\",\"name\":\"Landhaus Lellichow\",\"description\":\"Ihr Hotel im Herzen Brandenburgs.\",\"publisher\":{\"@id\":\"https:\\\/\\\/landhaus-lellichow.de\\\/#organization\"},\"potentialAction\":[{\"@type\":\"SearchAction\",\"target\":{\"@type\":\"EntryPoint\",\"urlTemplate\":\"https:\\\/\\\/landhaus-lellichow.de\\\/?s={search_term_string}\"},\"query-input\":{\"@type\":\"PropertyValueSpecification\",\"valueRequired\":true,\"valueName\":\"search_term_string\"}}],\"inLanguage\":\"en-GB\"},{\"@type\":\"Organization\",\"@id\":\"https:\\\/\\\/landhaus-lellichow.de\\\/#organization\",\"name\":\"Landhaus Lellichow\",\"url\":\"https:\\\/\\\/landhaus-lellichow.de\\\/\",\"logo\":{\"@type\":\"ImageObject\",\"inLanguage\":\"en-GB\",\"@id\":\"https:\\\/\\\/landhaus-lellichow.de\\\/#\\\/schema\\\/logo\\\/image\\\/\",\"url\":\"https:\\\/\\\/landhaus-lellichow.de\\\/wp-content\\\/uploads\\\/2021\\\/12\\\/cropped-Hotel-Landhaus_Lellichow_Logo_gross.png\",\"contentUrl\":\"https:\\\/\\\/landhaus-lellichow.de\\\/wp-content\\\/uploads\\\/2021\\\/12\\\/cropped-Hotel-Landhaus_Lellichow_Logo_gross.png\",\"width\":400,\"height\":140,\"caption\":\"Landhaus Lellichow\"},\"image\":{\"@id\":\"https:\\\/\\\/landhaus-lellichow.de\\\/#\\\/schema\\\/logo\\\/image\\\/\"}}]}<\/script>\n<!-- \/ Yoast SEO plugin. -->","yoast_head_json":{"title":"Fahrradtouren - Landhaus Lellichow","description":"Das angrenzende Naturschutzgebiet rund um das Hotel Landhaus Lellichow l\u00e4dt zum Erkunden ein.","robots":{"index":"index","follow":"follow","max-snippet":"max-snippet:-1","max-image-preview":"max-image-preview:large","max-video-preview":"max-video-preview:-1"},"canonical":"https:\/\/landhaus-lellichow.de\/en\/fahrradtouren\/","og_locale":"en_GB","og_type":"article","og_title":"Fahrradtouren - Landhaus Lellichow","og_description":"Das angrenzende Naturschutzgebiet rund um das Hotel Landhaus Lellichow l\u00e4dt zum Erkunden ein.","og_url":"https:\/\/landhaus-lellichow.de\/en\/fahrradtouren\/","og_site_name":"Landhaus Lellichow","article_modified_time":"2025-09-03T09:24:48+00:00","og_image":[{"url":"https:\/\/landhaus-lellichow.de\/wp-content\/uploads\/2024\/08\/scooter-7396608_1920.jpg","type":"","width":"","height":""}],"twitter_card":"summary_large_image","twitter_misc":{"Estimated reading time":"1 minute"},"schema":{"@context":"https:\/\/schema.org","@graph":[{"@type":"WebPage","@id":"https:\/\/landhaus-lellichow.de\/fahrradtouren\/","url":"https:\/\/landhaus-lellichow.de\/fahrradtouren\/","name":"Fahrradtouren - Landhaus Lellichow","isPartOf":{"@id":"https:\/\/landhaus-lellichow.de\/#website"},"primaryImageOfPage":{"@id":"https:\/\/landhaus-lellichow.de\/fahrradtouren\/#primaryimage"},"image":{"@id":"https:\/\/landhaus-lellichow.de\/fahrradtouren\/#primaryimage"},"thumbnailUrl":"https:\/\/landhaus-lellichow.de\/wp-content\/uploads\/2024\/08\/scooter-7396608_1920.jpg","datePublished":"2024-08-15T09:46:14+00:00","dateModified":"2025-09-03T09:24:48+00:00","description":"Das angrenzende Naturschutzgebiet rund um das Hotel Landhaus Lellichow l\u00e4dt zum Erkunden ein.","breadcrumb":{"@id":"https:\/\/landhaus-lellichow.de\/fahrradtouren\/#breadcrumb"},"inLanguage":"en-GB","potentialAction":[{"@type":"ReadAction","target":["https:\/\/landhaus-lellichow.de\/fahrradtouren\/"]}]},{"@type":"ImageObject","inLanguage":"en-GB","@id":"https:\/\/landhaus-lellichow.de\/fahrradtouren\/#primaryimage","url":"https:\/\/landhaus-lellichow.de\/wp-content\/uploads\/2024\/08\/scooter-7396608_1920.jpg","contentUrl":"https:\/\/landhaus-lellichow.de\/wp-content\/uploads\/2024\/08\/scooter-7396608_1920.jpg"},{"@type":"BreadcrumbList","@id":"https:\/\/landhaus-lellichow.de\/fahrradtouren\/#breadcrumb","itemListElement":[{"@type":"ListItem","position":1,"name":"Startseite","item":"https:\/\/landhaus-lellichow.de\/"},{"@type":"ListItem","position":2,"name":"Fahrradtouren"}]},{"@type":"WebSite","@id":"https:\/\/landhaus-lellichow.de\/#website","url":"https:\/\/landhaus-lellichow.de\/","name":"Landhaus Lellichow","description":"Ihr Hotel im Herzen Brandenburgs.","publisher":{"@id":"https:\/\/landhaus-lellichow.de\/#organization"},"potentialAction":[{"@type":"SearchAction","target":{"@type":"EntryPoint","urlTemplate":"https:\/\/landhaus-lellichow.de\/?s={search_term_string}"},"query-input":{"@type":"PropertyValueSpecification","valueRequired":true,"valueName":"search_term_string"}}],"inLanguage":"en-GB"},{"@type":"Organization","@id":"https:\/\/landhaus-lellichow.de\/#organization","name":"Landhaus Lellichow","url":"https:\/\/landhaus-lellichow.de\/","logo":{"@type":"ImageObject","inLanguage":"en-GB","@id":"https:\/\/landhaus-lellichow.de\/#\/schema\/logo\/image\/","url":"https:\/\/landhaus-lellichow.de\/wp-content\/uploads\/2021\/12\/cropped-Hotel-Landhaus_Lellichow_Logo_gross.png","contentUrl":"https:\/\/landhaus-lellichow.de\/wp-content\/uploads\/2021\/12\/cropped-Hotel-Landhaus_Lellichow_Logo_gross.png","width":400,"height":140,"caption":"Landhaus Lellichow"},"image":{"@id":"https:\/\/landhaus-lellichow.de\/#\/schema\/logo\/image\/"}}]}},"_links":{"self":[{"href":"https:\/\/landhaus-lellichow.de\/en\/wp-json\/wp\/v2\/pages\/3932","targetHints":{"allow":["GET"]}}],"collection":[{"href":"https:\/\/landhaus-lellichow.de\/en\/wp-json\/wp\/v2\/pages"}],"about":[{"href":"https:\/\/landhaus-lellichow.de\/en\/wp-json\/wp\/v2\/types\/page"}],"author":[{"embeddable":true,"href":"https:\/\/landhaus-lellichow.de\/en\/wp-json\/wp\/v2\/users\/2"}],"replies":[{"embeddable":true,"href":"https:\/\/landhaus-lellichow.de\/en\/wp-json\/wp\/v2\/comments?post=3932"}],"version-history":[{"count":28,"href":"https:\/\/landhaus-lellichow.de\/en\/wp-json\/wp\/v2\/pages\/3932\/revisions"}],"predecessor-version":[{"id":5565,"href":"https:\/\/landhaus-lellichow.de\/en\/wp-json\/wp\/v2\/pages\/3932\/revisions\/5565"}],"wp:attachment":[{"href":"https:\/\/landhaus-lellichow.de\/en\/wp-json\/wp\/v2\/media?parent=3932"}],"curies":[{"name":"wp","href":"https:\/\/api.w.org\/{rel}","templated":true}]}}