{"id":3956,"date":"2024-08-15T12:59:59","date_gmt":"2024-08-15T10:59:59","guid":{"rendered":"https:\/\/landhaus-lellichow.de\/?page_id=3956"},"modified":"2025-09-03T11:29:02","modified_gmt":"2025-09-03T09:29:02","slug":"buchen","status":"publish","type":"page","link":"https:\/\/landhaus-lellichow.de\/en\/buchen\/","title":{"rendered":"Book"},"content":{"rendered":"<div data-elementor-type=\"wp-page\" data-elementor-id=\"3956\" class=\"elementor elementor-3956\" data-elementor-post-type=\"page\">\n\t\t\t\t\t\t<section class=\"elementor-section elementor-top-section elementor-element elementor-element-2119b7b elementor-section-boxed elementor-section-height-default elementor-section-height-default\" data-id=\"2119b7b\" data-element_type=\"section\" data-e-type=\"section\">\n\t\t\t\t\t\t<div class=\"elementor-container elementor-column-gap-default\">\n\t\t\t\t\t<div class=\"elementor-column elementor-col-100 elementor-top-column elementor-element elementor-element-d20e8ef\" data-id=\"d20e8ef\" data-element_type=\"column\" data-e-type=\"column\">\n\t\t\t<div class=\"elementor-widget-wrap elementor-element-populated\">\n\t\t\t\t\t\t<div class=\"elementor-element elementor-element-7116d9f elementor-widget elementor-widget-heading\" data-id=\"7116d9f\" data-element_type=\"widget\" data-e-type=\"widget\" data-widget_type=\"heading.default\">\n\t\t\t\t<div class=\"elementor-widget-container\">\n\t\t\t\t\t<h2 class=\"elementor-heading-title elementor-size-default\">Book online<\/h2>\t\t\t\t<\/div>\n\t\t\t\t<\/div>\n\t\t\t\t<div class=\"elementor-element elementor-element-707efbe elementor-widget elementor-widget-text-editor\" data-id=\"707efbe\" data-element_type=\"widget\" data-e-type=\"widget\" data-widget_type=\"text-editor.default\">\n\t\t\t\t<div class=\"elementor-widget-container\">\n\t\t\t\t\t\t\t\t\t<p class=\"translation-block\">Book directly online at the best conditions. If you have any questions, we are always there for you by <a title=\"\u201cBook\u201d\" href=\"\/\/landhaus-lellichow.de\/en\/kontakt\/\u201d\/\" data-mailto-token=\"\u201cocknvq,kphqBjqvgn\/tkgugt0eqo\u201d\" data-mailto-vector=\"\u201c2\u201d\" target=\"\u201c_self\u201d\">mail<\/a> or by phone +49 3397670200.<\/p>\t\t\t\t\t\t\t\t<\/div>\n\t\t\t\t<\/div>\n\t\t\t\t<div class=\"elementor-element elementor-element-3769183 elementor-widget elementor-widget-spacer\" data-id=\"3769183\" data-element_type=\"widget\" data-e-type=\"widget\" data-widget_type=\"spacer.default\">\n\t\t\t\t<div class=\"elementor-widget-container\">\n\t\t\t\t\t\t\t<div class=\"elementor-spacer\">\n\t\t\t<div class=\"elementor-spacer-inner\"><\/div>\n\t\t<\/div>\n\t\t\t\t\t\t<\/div>\n\t\t\t\t<\/div>\n\t\t\t\t<div class=\"elementor-element elementor-element-fe924a8 elementor-widget elementor-widget-shortcode\" data-id=\"fe924a8\" data-element_type=\"widget\" data-e-type=\"widget\" data-widget_type=\"shortcode.default\">\n\t\t\t\t<div class=\"elementor-widget-container\">\n\t\t\t\t\t\t\t<div class=\"elementor-shortcode\"><div id=\"spiderBooking\"><\/div>\n\t\t\t\t<script>\n\t\t\t\t\twindow.onload = (event) => {\n\t\t\t\t\t\t\n\t\t\t\t\t\t  \t\tjQuery(\"#spiderBooking\").SpiderBooking4({\n\t\t\thotelId: \"02F5d7b49780038e\",channelId: \"000\",type: \"iframe\",template: \"homepage\",lang: \"de\",dateFormat: \"d\/m\/Y\",displayNbPersons:{adults:{initial:1,min:1,max:4},children:{display: false,initial:0,min:0,max:4},infants: {display: false,initial:0,min:0,max:4},},\n\t\t\t\t\t\t  \t\t});\n\t\t\t\t\t};\n\t\t\t\t<\/script>\n\t\t\t<\/div>\n\t\t\t\t\t\t<\/div>\n\t\t\t\t<\/div>\n\t\t\t\t\t<\/div>\n\t\t<\/div>\n\t\t\t\t\t<\/div>\n\t\t<\/section>\n\t\t\t\t<section class=\"elementor-section elementor-top-section elementor-element elementor-element-1945c97 elementor-section-boxed elementor-section-height-default elementor-section-height-default\" data-id=\"1945c97\" data-element_type=\"section\" data-e-type=\"section\">\n\t\t\t\t\t\t<div class=\"elementor-container elementor-column-gap-default\">\n\t\t\t\t\t<div class=\"elementor-column elementor-col-100 elementor-top-column elementor-element elementor-element-9077d29\" data-id=\"9077d29\" data-element_type=\"column\" data-e-type=\"column\">\n\t\t\t<div class=\"elementor-widget-wrap elementor-element-populated\">\n\t\t\t\t\t\t<div class=\"elementor-element elementor-element-47cd44d elementor-widget elementor-widget-heading\" data-id=\"47cd44d\" data-element_type=\"widget\" data-e-type=\"widget\" data-widget_type=\"heading.default\">\n\t\t\t\t<div class=\"elementor-widget-container\">\n\t\t\t\t\t<h2 class=\"elementor-heading-title elementor-size-default\">Frequently asked questions<\/h2>\t\t\t\t<\/div>\n\t\t\t\t<\/div>\n\t\t\t\t<div class=\"elementor-element elementor-element-3878370 elementor-widget elementor-widget-toggle\" data-id=\"3878370\" data-element_type=\"widget\" data-e-type=\"widget\" data-widget_type=\"toggle.default\">\n\t\t\t\t<div class=\"elementor-widget-container\">\n\t\t\t\t\t\t\t<div class=\"elementor-toggle\">\n\t\t\t\t\t\t\t<div class=\"elementor-toggle-item\">\n\t\t\t\t\t<div id=\"elementor-tab-title-5921\" class=\"elementor-tab-title\" data-tab=\"1\" role=\"button\" aria-controls=\"elementor-tab-content-5921\" aria-expanded=\"false\">\n\t\t\t\t\t\t\t\t\t\t\t\t<a class=\"elementor-toggle-title\" tabindex=\"0\">Until what time can I check in\/out?<\/a>\n\t\t\t\t\t<\/div>\n\n\t\t\t\t\t<div id=\"elementor-tab-content-5921\" class=\"elementor-tab-content elementor-clearfix\" data-tab=\"1\" role=\"region\" aria-labelledby=\"elementor-tab-title-5921\"><div class=\"cmsmasters_toggle_wrap current_toggle\" data-tags=\"all \"><div class=\"cmsmasters_toggle\"><div class=\"cmsmasters_toggle_inner\"><p>You can check into your room from 3pm to 6pm. Later check-ins must be announced by phone. The check-out of our guests must be completed by 11 am on the day of departure. For a late check-out please contact our reception.<\/p><\/div><\/div><\/div><\/div>\n\t\t\t\t<\/div>\n\t\t\t\t\t\t\t<div class=\"elementor-toggle-item\">\n\t\t\t\t\t<div id=\"elementor-tab-title-5922\" class=\"elementor-tab-title\" data-tab=\"2\" role=\"button\" aria-controls=\"elementor-tab-content-5922\" aria-expanded=\"false\">\n\t\t\t\t\t\t\t\t\t\t\t\t<a class=\"elementor-toggle-title\" tabindex=\"0\">Does your hotel have enough parking spaces?<\/a>\n\t\t\t\t\t<\/div>\n\n\t\t\t\t\t<div id=\"elementor-tab-content-5922\" class=\"elementor-tab-content elementor-clearfix\" data-tab=\"2\" role=\"region\" aria-labelledby=\"elementor-tab-title-5922\"><p>Yes, we have plenty of parking spaces for guests, as well as other available parking spots for seminars and events. Hotel guests park free of charge.<\/p><\/div>\n\t\t\t\t<\/div>\n\t\t\t\t\t\t\t<div class=\"elementor-toggle-item\">\n\t\t\t\t\t<div id=\"elementor-tab-title-5923\" class=\"elementor-tab-title\" data-tab=\"3\" role=\"button\" aria-controls=\"elementor-tab-content-5923\" aria-expanded=\"false\">\n\t\t\t\t\t\t\t\t\t\t\t\t<a class=\"elementor-toggle-title\" tabindex=\"0\">How can I pay for my room and additional services such as the minibar?<\/a>\n\t\t\t\t\t<\/div>\n\n\t\t\t\t\t<div id=\"elementor-tab-content-5923\" class=\"elementor-tab-content elementor-clearfix\" data-tab=\"3\" role=\"region\" aria-labelledby=\"elementor-tab-title-5923\"><p>We accept cash, EC cards and credit cards. Of course, you can also pay for your room in advance.<\/p><\/div>\n\t\t\t\t<\/div>\n\t\t\t\t\t\t\t<div class=\"elementor-toggle-item\">\n\t\t\t\t\t<div id=\"elementor-tab-title-5924\" class=\"elementor-tab-title\" data-tab=\"4\" role=\"button\" aria-controls=\"elementor-tab-content-5924\" aria-expanded=\"false\">\n\t\t\t\t\t\t\t\t\t\t\t\t<a class=\"elementor-toggle-title\" tabindex=\"0\">Does the hotel have Wi-Fi?<\/a>\n\t\t\t\t\t<\/div>\n\n\t\t\t\t\t<div id=\"elementor-tab-content-5924\" class=\"elementor-tab-content elementor-clearfix\" data-tab=\"4\" role=\"region\" aria-labelledby=\"elementor-tab-title-5924\"><p>Yes, all rooms, as well as the hotel lobby, have free Wi-Fi for hotel guests.<\/p><\/div>\n\t\t\t\t<\/div>\n\t\t\t\t\t\t\t\t<\/div>\n\t\t\t\t\t\t<\/div>\n\t\t\t\t<\/div>\n\t\t\t\t<div class=\"elementor-element elementor-element-10bdcba elementor-widget elementor-widget-spacer\" data-id=\"10bdcba\" data-element_type=\"widget\" data-e-type=\"widget\" data-widget_type=\"spacer.default\">\n\t\t\t\t<div class=\"elementor-widget-container\">\n\t\t\t\t\t\t\t<div class=\"elementor-spacer\">\n\t\t\t<div class=\"elementor-spacer-inner\"><\/div>\n\t\t<\/div>\n\t\t\t\t\t\t<\/div>\n\t\t\t\t<\/div>\n\t\t\t\t\t<\/div>\n\t\t<\/div>\n\t\t\t\t\t<\/div>\n\t\t<\/section>\n\t\t\t\t<\/div>","protected":false},"excerpt":{"rendered":"<p>Online Buchen Buchen Sie direkt online zu den besten Konditionen. Bei Fragen sind wir jederzeit per Mail oder telefonisch +49 3397670200 f\u00fcr Sie da. H\u00e4ufige Fragen Bis wie viel Uhr kann ich ein- bzw. auschecken? Sie k\u00f6nnen von 15 bis 18 Uhr in Ihr Zimmer einchecken. Sp\u00e4tere Check-Ins m\u00fcssen telefonisch angek\u00fcndigt werden. Der Check-Out unserer [&hellip;]<\/p>\n","protected":false},"author":2,"featured_media":0,"parent":0,"menu_order":0,"comment_status":"closed","ping_status":"closed","template":"elementor_header_footer","meta":{"footnotes":""},"class_list":["post-3956","page","type-page","status-publish","hentry"],"yoast_head":"<!-- This site is optimized with the Yoast SEO plugin v27.3 - https:\/\/yoast.com\/product\/yoast-seo-wordpress\/ -->\n<title>Buchen - Landhaus Lellichow<\/title>\n<meta name=\"description\" content=\"Buchen Sie direkt online zu den besten Konditionen. Bei Fragen sind wir jederzeit per Mail oder telefonisch +49 3397670200 f\u00fcr Sie da.\" \/>\n<meta name=\"robots\" content=\"index, follow, max-snippet:-1, max-image-preview:large, max-video-preview:-1\" \/>\n<link rel=\"canonical\" href=\"https:\/\/landhaus-lellichow.de\/en\/buchen\/\" \/>\n<meta property=\"og:locale\" content=\"en_GB\" \/>\n<meta property=\"og:type\" content=\"article\" \/>\n<meta property=\"og:title\" content=\"Buchen - Landhaus Lellichow\" \/>\n<meta property=\"og:description\" content=\"Buchen Sie direkt online zu den besten Konditionen. Bei Fragen sind wir jederzeit per Mail oder telefonisch +49 3397670200 f\u00fcr Sie da.\" \/>\n<meta property=\"og:url\" content=\"https:\/\/landhaus-lellichow.de\/en\/buchen\/\" \/>\n<meta property=\"og:site_name\" content=\"Landhaus Lellichow\" \/>\n<meta property=\"article:modified_time\" content=\"2025-09-03T09:29:02+00:00\" \/>\n<meta name=\"twitter:card\" content=\"summary_large_image\" \/>\n<meta name=\"twitter:label1\" content=\"Estimated reading time\" \/>\n\t<meta name=\"twitter:data1\" content=\"1 minute\" \/>\n<script type=\"application\/ld+json\" class=\"yoast-schema-graph\">{\"@context\":\"https:\\\/\\\/schema.org\",\"@graph\":[{\"@type\":\"WebPage\",\"@id\":\"https:\\\/\\\/landhaus-lellichow.de\\\/buchen\\\/\",\"url\":\"https:\\\/\\\/landhaus-lellichow.de\\\/buchen\\\/\",\"name\":\"Buchen - Landhaus Lellichow\",\"isPartOf\":{\"@id\":\"https:\\\/\\\/landhaus-lellichow.de\\\/#website\"},\"datePublished\":\"2024-08-15T10:59:59+00:00\",\"dateModified\":\"2025-09-03T09:29:02+00:00\",\"description\":\"Buchen Sie direkt online zu den besten Konditionen. Bei Fragen sind wir jederzeit per Mail oder telefonisch +49 3397670200 f\u00fcr Sie da.\",\"breadcrumb\":{\"@id\":\"https:\\\/\\\/landhaus-lellichow.de\\\/buchen\\\/#breadcrumb\"},\"inLanguage\":\"en-GB\",\"potentialAction\":[{\"@type\":\"ReadAction\",\"target\":[\"https:\\\/\\\/landhaus-lellichow.de\\\/buchen\\\/\"]}]},{\"@type\":\"BreadcrumbList\",\"@id\":\"https:\\\/\\\/landhaus-lellichow.de\\\/buchen\\\/#breadcrumb\",\"itemListElement\":[{\"@type\":\"ListItem\",\"position\":1,\"name\":\"Startseite\",\"item\":\"https:\\\/\\\/landhaus-lellichow.de\\\/\"},{\"@type\":\"ListItem\",\"position\":2,\"name\":\"Buchen\"}]},{\"@type\":\"WebSite\",\"@id\":\"https:\\\/\\\/landhaus-lellichow.de\\\/#website\",\"url\":\"https:\\\/\\\/landhaus-lellichow.de\\\/\",\"name\":\"Landhaus Lellichow\",\"description\":\"Ihr Hotel im Herzen Brandenburgs.\",\"publisher\":{\"@id\":\"https:\\\/\\\/landhaus-lellichow.de\\\/#organization\"},\"potentialAction\":[{\"@type\":\"SearchAction\",\"target\":{\"@type\":\"EntryPoint\",\"urlTemplate\":\"https:\\\/\\\/landhaus-lellichow.de\\\/?s={search_term_string}\"},\"query-input\":{\"@type\":\"PropertyValueSpecification\",\"valueRequired\":true,\"valueName\":\"search_term_string\"}}],\"inLanguage\":\"en-GB\"},{\"@type\":\"Organization\",\"@id\":\"https:\\\/\\\/landhaus-lellichow.de\\\/#organization\",\"name\":\"Landhaus Lellichow\",\"url\":\"https:\\\/\\\/landhaus-lellichow.de\\\/\",\"logo\":{\"@type\":\"ImageObject\",\"inLanguage\":\"en-GB\",\"@id\":\"https:\\\/\\\/landhaus-lellichow.de\\\/#\\\/schema\\\/logo\\\/image\\\/\",\"url\":\"https:\\\/\\\/landhaus-lellichow.de\\\/wp-content\\\/uploads\\\/2021\\\/12\\\/cropped-Hotel-Landhaus_Lellichow_Logo_gross.png\",\"contentUrl\":\"https:\\\/\\\/landhaus-lellichow.de\\\/wp-content\\\/uploads\\\/2021\\\/12\\\/cropped-Hotel-Landhaus_Lellichow_Logo_gross.png\",\"width\":400,\"height\":140,\"caption\":\"Landhaus Lellichow\"},\"image\":{\"@id\":\"https:\\\/\\\/landhaus-lellichow.de\\\/#\\\/schema\\\/logo\\\/image\\\/\"}}]}<\/script>\n<!-- \/ Yoast SEO plugin. -->","yoast_head_json":{"title":"Buchen - Landhaus Lellichow","description":"Buchen Sie direkt online zu den besten Konditionen. Bei Fragen sind wir jederzeit per Mail oder telefonisch +49 3397670200 f\u00fcr Sie da.","robots":{"index":"index","follow":"follow","max-snippet":"max-snippet:-1","max-image-preview":"max-image-preview:large","max-video-preview":"max-video-preview:-1"},"canonical":"https:\/\/landhaus-lellichow.de\/en\/buchen\/","og_locale":"en_GB","og_type":"article","og_title":"Buchen - Landhaus Lellichow","og_description":"Buchen Sie direkt online zu den besten Konditionen. Bei Fragen sind wir jederzeit per Mail oder telefonisch +49 3397670200 f\u00fcr Sie da.","og_url":"https:\/\/landhaus-lellichow.de\/en\/buchen\/","og_site_name":"Landhaus Lellichow","article_modified_time":"2025-09-03T09:29:02+00:00","twitter_card":"summary_large_image","twitter_misc":{"Estimated reading time":"1 minute"},"schema":{"@context":"https:\/\/schema.org","@graph":[{"@type":"WebPage","@id":"https:\/\/landhaus-lellichow.de\/buchen\/","url":"https:\/\/landhaus-lellichow.de\/buchen\/","name":"Buchen - Landhaus Lellichow","isPartOf":{"@id":"https:\/\/landhaus-lellichow.de\/#website"},"datePublished":"2024-08-15T10:59:59+00:00","dateModified":"2025-09-03T09:29:02+00:00","description":"Buchen Sie direkt online zu den besten Konditionen. Bei Fragen sind wir jederzeit per Mail oder telefonisch +49 3397670200 f\u00fcr Sie da.","breadcrumb":{"@id":"https:\/\/landhaus-lellichow.de\/buchen\/#breadcrumb"},"inLanguage":"en-GB","potentialAction":[{"@type":"ReadAction","target":["https:\/\/landhaus-lellichow.de\/buchen\/"]}]},{"@type":"BreadcrumbList","@id":"https:\/\/landhaus-lellichow.de\/buchen\/#breadcrumb","itemListElement":[{"@type":"ListItem","position":1,"name":"Startseite","item":"https:\/\/landhaus-lellichow.de\/"},{"@type":"ListItem","position":2,"name":"Buchen"}]},{"@type":"WebSite","@id":"https:\/\/landhaus-lellichow.de\/#website","url":"https:\/\/landhaus-lellichow.de\/","name":"Landhaus Lellichow","description":"Ihr Hotel im Herzen Brandenburgs.","publisher":{"@id":"https:\/\/landhaus-lellichow.de\/#organization"},"potentialAction":[{"@type":"SearchAction","target":{"@type":"EntryPoint","urlTemplate":"https:\/\/landhaus-lellichow.de\/?s={search_term_string}"},"query-input":{"@type":"PropertyValueSpecification","valueRequired":true,"valueName":"search_term_string"}}],"inLanguage":"en-GB"},{"@type":"Organization","@id":"https:\/\/landhaus-lellichow.de\/#organization","name":"Landhaus Lellichow","url":"https:\/\/landhaus-lellichow.de\/","logo":{"@type":"ImageObject","inLanguage":"en-GB","@id":"https:\/\/landhaus-lellichow.de\/#\/schema\/logo\/image\/","url":"https:\/\/landhaus-lellichow.de\/wp-content\/uploads\/2021\/12\/cropped-Hotel-Landhaus_Lellichow_Logo_gross.png","contentUrl":"https:\/\/landhaus-lellichow.de\/wp-content\/uploads\/2021\/12\/cropped-Hotel-Landhaus_Lellichow_Logo_gross.png","width":400,"height":140,"caption":"Landhaus Lellichow"},"image":{"@id":"https:\/\/landhaus-lellichow.de\/#\/schema\/logo\/image\/"}}]}},"_links":{"self":[{"href":"https:\/\/landhaus-lellichow.de\/en\/wp-json\/wp\/v2\/pages\/3956","targetHints":{"allow":["GET"]}}],"collection":[{"href":"https:\/\/landhaus-lellichow.de\/en\/wp-json\/wp\/v2\/pages"}],"about":[{"href":"https:\/\/landhaus-lellichow.de\/en\/wp-json\/wp\/v2\/types\/page"}],"author":[{"embeddable":true,"href":"https:\/\/landhaus-lellichow.de\/en\/wp-json\/wp\/v2\/users\/2"}],"replies":[{"embeddable":true,"href":"https:\/\/landhaus-lellichow.de\/en\/wp-json\/wp\/v2\/comments?post=3956"}],"version-history":[{"count":29,"href":"https:\/\/landhaus-lellichow.de\/en\/wp-json\/wp\/v2\/pages\/3956\/revisions"}],"predecessor-version":[{"id":5576,"href":"https:\/\/landhaus-lellichow.de\/en\/wp-json\/wp\/v2\/pages\/3956\/revisions\/5576"}],"wp:attachment":[{"href":"https:\/\/landhaus-lellichow.de\/en\/wp-json\/wp\/v2\/media?parent=3956"}],"curies":[{"name":"wp","href":"https:\/\/api.w.org\/{rel}","templated":true}]}}