{"id":4321,"date":"2024-08-22T11:44:23","date_gmt":"2024-08-22T09:44:23","guid":{"rendered":"https:\/\/landhaus-lellichow.de\/?page_id=4321"},"modified":"2025-08-28T10:08:26","modified_gmt":"2025-08-28T08:08:26","slug":"deluxe-zimmer","status":"publish","type":"page","link":"https:\/\/landhaus-lellichow.de\/en\/deluxe-zimmer\/","title":{"rendered":"Deluxe double room"},"content":{"rendered":"<div data-elementor-type=\"wp-page\" data-elementor-id=\"4321\" class=\"elementor elementor-4321\" data-elementor-post-type=\"page\">\n\t\t\t\t\t\t<section class=\"elementor-section elementor-top-section elementor-element elementor-element-fbd27fb elementor-section-full_width elementor-section-height-default elementor-section-height-default\" data-id=\"fbd27fb\" data-element_type=\"section\" data-e-type=\"section\">\n\t\t\t\t\t\t<div class=\"elementor-container elementor-column-gap-no\">\n\t\t\t\t\t<div class=\"elementor-column elementor-col-100 elementor-top-column elementor-element elementor-element-c152745\" data-id=\"c152745\" data-element_type=\"column\" data-e-type=\"column\">\n\t\t\t<div class=\"elementor-widget-wrap elementor-element-populated\">\n\t\t\t\t\t\t<div class=\"elementor-element elementor-element-b590811 elementor--h-position-center elementor--v-position-middle elementor-widget elementor-widget-slides\" data-id=\"b590811\" data-element_type=\"widget\" data-e-type=\"widget\" data-settings=\"{&quot;navigation&quot;:&quot;none&quot;,&quot;_animation&quot;:&quot;none&quot;,&quot;autoplay&quot;:&quot;yes&quot;,&quot;pause_on_hover&quot;:&quot;yes&quot;,&quot;pause_on_interaction&quot;:&quot;yes&quot;,&quot;autoplay_speed&quot;:5000,&quot;infinite&quot;:&quot;yes&quot;,&quot;transition&quot;:&quot;slide&quot;,&quot;transition_speed&quot;:500}\" data-widget_type=\"slides.default\">\n\t\t\t\t<div class=\"elementor-widget-container\">\n\t\t\t\t\t\t\t\t\t<div class=\"elementor-swiper\">\n\t\t\t\t\t<div class=\"elementor-slides-wrapper elementor-main-swiper swiper\" role=\"region\" aria-roledescription=\"carousel\" aria-label=\"Slider\" dir=\"ltr\" data-animation=\"fadeInUp\">\n\t\t\t\t<div class=\"swiper-wrapper elementor-slides\">\n\t\t\t\t\t\t\t\t\t\t<div class=\"elementor-repeater-item-e1b5d4e swiper-slide\" role=\"group\" aria-roledescription=\"slide\"><div class=\"swiper-slide-bg\" role=\"img\" aria-label=\"Ger\u00e4umiges Deluxe-Doppelzimmer mit gro\u00dfem Bett, einer gepolsterten Sitzbank am Fu\u00dfende und klassischer Einrichtung.\"><\/div><div class=\"elementor-background-overlay\"><\/div><div class=\"swiper-slide-inner\" ><div class=\"swiper-slide-contents\"><div class=\"elementor-slide-heading\">Rooms<\/div><div class=\"elementor-slide-description\">Deluxe double room<\/div><a href=\"#scroll\" target=\"_blank\" class=\"elementor-button elementor-slide-button elementor-size-sm\">Learn more<\/a><\/div><\/div><\/div>\t\t\t\t<\/div>\n\t\t\t\t\t\t\t<\/div>\n\t\t\t\t<\/div>\n\t\t\t\t\t\t\t\t<\/div>\n\t\t\t\t<\/div>\n\t\t\t\t\t<\/div>\n\t\t<\/div>\n\t\t\t\t\t<\/div>\n\t\t<\/section>\n\t\t\t\t<section class=\"elementor-section elementor-top-section elementor-element elementor-element-3d9839a elementor-section-boxed elementor-section-height-default elementor-section-height-default\" data-id=\"3d9839a\" data-element_type=\"section\" data-e-type=\"section\">\n\t\t\t\t\t\t<div class=\"elementor-container elementor-column-gap-default\">\n\t\t\t\t\t<div class=\"elementor-column elementor-col-100 elementor-top-column elementor-element elementor-element-bbbd66c\" data-id=\"bbbd66c\" data-element_type=\"column\" data-e-type=\"column\">\n\t\t\t<div class=\"elementor-widget-wrap elementor-element-populated\">\n\t\t\t\t\t\t<div class=\"elementor-element elementor-element-acfa145 elementor-widget elementor-widget-spacer\" data-id=\"acfa145\" data-element_type=\"widget\" data-e-type=\"widget\" data-widget_type=\"spacer.default\">\n\t\t\t\t<div class=\"elementor-widget-container\">\n\t\t\t\t\t\t\t<div class=\"elementor-spacer\">\n\t\t\t<div class=\"elementor-spacer-inner\"><\/div>\n\t\t<\/div>\n\t\t\t\t\t\t<\/div>\n\t\t\t\t<\/div>\n\t\t\t\t\t<\/div>\n\t\t<\/div>\n\t\t\t\t\t<\/div>\n\t\t<\/section>\n\t\t\t\t<section class=\"elementor-section elementor-top-section elementor-element elementor-element-9241001 elementor-section-boxed elementor-section-height-default elementor-section-height-default\" data-id=\"9241001\" data-element_type=\"section\" data-e-type=\"section\" id=\"scroll\">\n\t\t\t\t\t\t<div class=\"elementor-container elementor-column-gap-default\">\n\t\t\t\t\t<div class=\"elementor-column elementor-col-100 elementor-top-column elementor-element elementor-element-725d1ba\" data-id=\"725d1ba\" data-element_type=\"column\" data-e-type=\"column\">\n\t\t\t<div class=\"elementor-widget-wrap elementor-element-populated\">\n\t\t\t\t\t\t<div class=\"elementor-element elementor-element-30b733a elementor-widget elementor-widget-heading\" data-id=\"30b733a\" data-element_type=\"widget\" data-e-type=\"widget\" data-widget_type=\"heading.default\">\n\t\t\t\t<div class=\"elementor-widget-container\">\n\t\t\t\t\t<h2 class=\"elementor-heading-title elementor-size-default\">Enjoy<\/h2>\t\t\t\t<\/div>\n\t\t\t\t<\/div>\n\t\t\t\t<div class=\"elementor-element elementor-element-b0976fe elementor-widget elementor-widget-heading\" data-id=\"b0976fe\" data-element_type=\"widget\" data-e-type=\"widget\" data-widget_type=\"heading.default\">\n\t\t\t\t<div class=\"elementor-widget-container\">\n\t\t\t\t\t<h2 class=\"elementor-heading-title elementor-size-default\">stylish ambience with<br> generous equipment <\/h2>\t\t\t\t<\/div>\n\t\t\t\t<\/div>\n\t\t\t\t<div class=\"elementor-element elementor-element-3bddd17 elementor-widget elementor-widget-heading\" data-id=\"3bddd17\" data-element_type=\"widget\" data-e-type=\"widget\" data-widget_type=\"heading.default\">\n\t\t\t\t<div class=\"elementor-widget-container\">\n\t\t\t\t\t<h2 class=\"elementor-heading-title elementor-size-default\">129 \u20ac pro Nacht \/ zur Einzelnutzung: 129 \u20ac exklusive 16 \u20ac Fr\u00fchst\u00fcck vom Buffet pro Person<\/h2>\t\t\t\t<\/div>\n\t\t\t\t<\/div>\n\t\t\t\t<div class=\"elementor-element elementor-element-d8e6a4a elementor--star-style-star_unicode elementor-widget elementor-widget-star-rating\" data-id=\"d8e6a4a\" data-element_type=\"widget\" data-e-type=\"widget\" data-widget_type=\"star-rating.default\">\n\t\t\t\t<div class=\"elementor-widget-container\">\n\t\t\t\t\t\t\t<div class=\"elementor-star-rating__wrapper\">\n\t\t\t\t\t\t<div class=\"elementor-star-rating\" itemtype=\"http:\/\/schema.org\/Rating\" itemscope=\"\" itemprop=\"reviewRating\">\n\t\t\t\t<i class=\"elementor-star-full\" aria-hidden=\"true\">&#9733;<\/i><i class=\"elementor-star-full\" aria-hidden=\"true\">&#9733;<\/i><i class=\"elementor-star-full\" aria-hidden=\"true\">&#9733;<\/i><i class=\"elementor-star-full\" aria-hidden=\"true\">&#9733;<\/i><i class=\"elementor-star-full\" aria-hidden=\"true\">&#9733;<\/i>\t\t\t\t<span itemprop=\"ratingValue\" class=\"elementor-screen-only\" data-no-translation=\"\" data-trp-gettext=\"\">Rated 5 out of 5<\/span>\n\t\t\t<\/div>\n\t\t<\/div>\n\t\t\t\t\t\t<\/div>\n\t\t\t\t<\/div>\n\t\t\t\t\t<\/div>\n\t\t<\/div>\n\t\t\t\t\t<\/div>\n\t\t<\/section>\n\t\t\t\t<section class=\"elementor-section elementor-top-section elementor-element elementor-element-a29ed78 elementor-section-boxed elementor-section-height-default elementor-section-height-default\" data-id=\"a29ed78\" data-element_type=\"section\" data-e-type=\"section\">\n\t\t\t\t\t\t<div class=\"elementor-container elementor-column-gap-default\">\n\t\t\t\t\t<div class=\"elementor-column elementor-col-100 elementor-top-column elementor-element elementor-element-56f06e9\" data-id=\"56f06e9\" data-element_type=\"column\" data-e-type=\"column\">\n\t\t\t<div class=\"elementor-widget-wrap elementor-element-populated\">\n\t\t\t\t\t\t<div class=\"elementor-element elementor-element-d917b65 elementor--h-position-center elementor--v-position-middle elementor-arrows-position-inside elementor-widget elementor-widget-slides\" data-id=\"d917b65\" data-element_type=\"widget\" data-e-type=\"widget\" data-settings=\"{&quot;navigation&quot;:&quot;arrows&quot;,&quot;transition&quot;:&quot;fade&quot;,&quot;autoplay&quot;:&quot;yes&quot;,&quot;pause_on_hover&quot;:&quot;yes&quot;,&quot;pause_on_interaction&quot;:&quot;yes&quot;,&quot;autoplay_speed&quot;:5000,&quot;infinite&quot;:&quot;yes&quot;,&quot;transition_speed&quot;:500}\" data-widget_type=\"slides.default\">\n\t\t\t\t<div class=\"elementor-widget-container\">\n\t\t\t\t\t\t\t\t\t<div class=\"elementor-swiper\">\n\t\t\t\t\t<div class=\"elementor-slides-wrapper elementor-main-swiper swiper\" role=\"region\" aria-roledescription=\"carousel\" aria-label=\"Slider\" dir=\"ltr\" data-animation=\"fadeInUp\">\n\t\t\t\t<div class=\"swiper-wrapper elementor-slides\">\n\t\t\t\t\t\t\t\t\t\t<div class=\"elementor-repeater-item-a87937b swiper-slide\" role=\"group\" aria-roledescription=\"slide\"><div class=\"swiper-slide-bg\" role=\"img\" aria-label=\"Ger\u00e4umiges Deluxe-Doppelzimmer mit gro\u00dfem Bett, einer gepolsterten Sitzbank am Fu\u00dfende und klassischer Einrichtung.\"><\/div><div class=\"swiper-slide-inner\" ><div class=\"swiper-slide-contents\"><\/div><\/div><\/div><div class=\"elementor-repeater-item-ada8cb1 swiper-slide\" role=\"group\" aria-roledescription=\"slide\"><div class=\"swiper-slide-bg\" role=\"img\" aria-label=\"Sitzecke in einem Hotelzimmer mit einem Holzschreibtisch, Fernseher und bequemen Sesseln.\"><\/div><div class=\"swiper-slide-inner\" ><div class=\"swiper-slide-contents\"><\/div><\/div><\/div><div class=\"elementor-repeater-item-f2a8b33 swiper-slide\" role=\"group\" aria-roledescription=\"slide\"><div class=\"swiper-slide-bg\" role=\"img\" aria-label=\"Gem\u00fctliche Sitzecke im Hotelzimmer mit einem gebl\u00fcmten Sofa und Sessel, dekoriert mit Schaffellen.\"><\/div><div class=\"swiper-slide-inner\" ><div class=\"swiper-slide-contents\"><\/div><\/div><\/div><div class=\"elementor-repeater-item-fdc6438 swiper-slide\" role=\"group\" aria-roledescription=\"slide\"><div class=\"swiper-slide-bg\" role=\"img\" aria-label=\"Modernes Badezimmer mit ebenerdiger Dusche, Badewanne und einem Waschtisch aus Holz und Granit.\"><\/div><div class=\"swiper-slide-inner\" ><div class=\"swiper-slide-contents\"><\/div><\/div><\/div>\t\t\t\t<\/div>\n\t\t\t\t\t\t\t\t\t\t\t\t\t\t\t<div class=\"elementor-swiper-button elementor-swiper-button-prev\" role=\"button\" tabindex=\"0\" aria-label=\"Previous slide\" data-no-translation-aria-label=\"\">\n\t\t\t\t\t\t\t<i aria-hidden=\"true\" class=\"eicon-chevron-left\"><\/i>\t\t\t\t\t\t<\/div>\n\t\t\t\t\t\t<div class=\"elementor-swiper-button elementor-swiper-button-next\" role=\"button\" tabindex=\"0\" aria-label=\"Next slide\" data-no-translation-aria-label=\"\">\n\t\t\t\t\t\t\t<i aria-hidden=\"true\" class=\"eicon-chevron-right\"><\/i>\t\t\t\t\t\t<\/div>\n\t\t\t\t\t\t\t\t\t\t\t\t\t\t\t\t\t<\/div>\n\t\t\t\t<\/div>\n\t\t\t\t\t\t\t\t<\/div>\n\t\t\t\t<\/div>\n\t\t\t\t\t<\/div>\n\t\t<\/div>\n\t\t\t\t\t<\/div>\n\t\t<\/section>\n\t\t\t\t<section class=\"elementor-section elementor-top-section elementor-element elementor-element-e72564e elementor-section-boxed elementor-section-height-default elementor-section-height-default\" data-id=\"e72564e\" data-element_type=\"section\" data-e-type=\"section\">\n\t\t\t\t\t\t<div class=\"elementor-container elementor-column-gap-default\">\n\t\t\t\t\t<div class=\"elementor-column elementor-col-100 elementor-top-column elementor-element elementor-element-e6f2609\" data-id=\"e6f2609\" data-element_type=\"column\" data-e-type=\"column\">\n\t\t\t<div class=\"elementor-widget-wrap elementor-element-populated\">\n\t\t\t\t\t\t<div class=\"elementor-element elementor-element-1cabea3 elementor-widget elementor-widget-spacer\" data-id=\"1cabea3\" data-element_type=\"widget\" data-e-type=\"widget\" data-widget_type=\"spacer.default\">\n\t\t\t\t<div class=\"elementor-widget-container\">\n\t\t\t\t\t\t\t<div class=\"elementor-spacer\">\n\t\t\t<div class=\"elementor-spacer-inner\"><\/div>\n\t\t<\/div>\n\t\t\t\t\t\t<\/div>\n\t\t\t\t<\/div>\n\t\t\t\t\t<\/div>\n\t\t<\/div>\n\t\t\t\t\t<\/div>\n\t\t<\/section>\n\t\t\t\t<section class=\"elementor-section elementor-top-section elementor-element elementor-element-6b6640b elementor-section-boxed elementor-section-height-default elementor-section-height-default\" data-id=\"6b6640b\" data-element_type=\"section\" data-e-type=\"section\" data-settings=\"{&quot;background_background&quot;:&quot;classic&quot;}\">\n\t\t\t\t\t\t<div class=\"elementor-container elementor-column-gap-default\">\n\t\t\t\t\t<div class=\"elementor-column elementor-col-100 elementor-top-column elementor-element elementor-element-e6039a1\" data-id=\"e6039a1\" data-element_type=\"column\" data-e-type=\"column\">\n\t\t\t<div class=\"elementor-widget-wrap elementor-element-populated\">\n\t\t\t\t\t\t<div class=\"elementor-element elementor-element-235480c elementor-invisible elementor-widget elementor-widget-text-editor\" data-id=\"235480c\" data-element_type=\"widget\" data-e-type=\"widget\" data-settings=\"{&quot;_animation&quot;:&quot;fadeInUp&quot;}\" data-widget_type=\"text-editor.default\">\n\t\t\t\t<div class=\"elementor-widget-container\">\n\t\t\t\t\t\t\t\t\t<p class=\"translation-block\">This (28 m) deluxe room with a king-size bed (2.00 m x 2.10 m), air conditioning, bedside telephone, flat-screen TV, Smart TV, Netflix and co, radio stations, WiFi, minibar, wake-up service, room safe, desk and safe deposit box offers you a stylish ambience in country house style. A cozy seating area is particularly noteworthy. The bathroom with underfloor heating is equipped with a double washbasin, bathtub, shower, toilet, make-up mirror and hairdryer.<\/p><ul id=\"cmsmasters_icon_list_items_9tj8ppmy4\" class=\"cmsmasters_icon_list_items cmsmasters_icon_list_type_list\"><li id=\"cmsmasters_icon_list_item_ee4c771gkp\" class=\"cmsmasters_icon_list_item cmsmasters-icon-custom-restoraunt\">Restaurant, from 5-9 pm<\/li><li id=\"cmsmasters_icon_list_item_8wm6j11693\" class=\"cmsmasters_icon_list_item cmsmasters-icon-custom-minibar\">Hotel bar<\/li><li id=\"cmsmasters_icon_list_item_fb1kgm6m6f\" class=\"cmsmasters_icon_list_item cmsmasters-icon-custom-bed\">Baby crib available<\/li><li id=\"cmsmasters_icon_list_item_dg2w8oj5y\" class=\"cmsmasters_icon_list_item cmsmasters-icon-custom-reception\">16 hours reception<\/li><li id=\"cmsmasters_icon_list_item_pmndefzwsl\" class=\"cmsmasters_icon_list_item cmsmasters-icon-custom-health-club\">Bicycle rental<\/li><li id=\"cmsmasters_icon_list_item_u8dx8mxoz\" class=\"cmsmasters_icon_list_item cmsmasters-icon-custom-housekeeping\">Room service from 5-9 pm<\/li><li id=\"cmsmasters_icon_list_item_49m0z47dv8\" class=\"cmsmasters_icon_list_item cmsmasters-icon-custom-beach\">Garden area<\/li><li id=\"cmsmasters_icon_list_item_799musn9tm\" class=\"cmsmasters_icon_list_item cmsmasters-icon-custom-laundry\">Washing service<\/li><li id=\"cmsmasters_icon_list_item_3366pg4zw\" class=\"cmsmasters_icon_list_item cmsmasters-icon-custom-exchange\">Currency exchange possible<\/li><li id=\"cmsmasters_icon_list_item_q4hiv09ktd\" class=\"cmsmasters_icon_list_item cmsmasters-icon-custom-phone\">Wake up call possible<\/li><\/ul>\t\t\t\t\t\t\t\t<\/div>\n\t\t\t\t<\/div>\n\t\t\t\t\t<\/div>\n\t\t<\/div>\n\t\t\t\t\t<\/div>\n\t\t<\/section>\n\t\t\t\t<section class=\"elementor-section elementor-top-section elementor-element elementor-element-5996312 elementor-section-boxed elementor-section-height-default elementor-section-height-default\" data-id=\"5996312\" data-element_type=\"section\" data-e-type=\"section\">\n\t\t\t\t\t\t<div class=\"elementor-container elementor-column-gap-default\">\n\t\t\t\t\t<div class=\"elementor-column elementor-col-100 elementor-top-column elementor-element elementor-element-26af360\" data-id=\"26af360\" data-element_type=\"column\" data-e-type=\"column\">\n\t\t\t<div class=\"elementor-widget-wrap elementor-element-populated\">\n\t\t\t\t\t\t<div class=\"elementor-element elementor-element-5450aa5 elementor-widget elementor-widget-button\" data-id=\"5450aa5\" data-element_type=\"widget\" data-e-type=\"widget\" data-widget_type=\"button.default\">\n\t\t\t\t<div class=\"elementor-widget-container\">\n\t\t\t\t\t\t\t\t\t<div class=\"elementor-button-wrapper\">\n\t\t\t\t\t<a class=\"elementor-button elementor-button-link elementor-size-md\" href=\"https:\/\/landhaus-lellichow.de\/en\/buchen\/\">\n\t\t\t\t\t\t<span class=\"elementor-button-content-wrapper\">\n\t\t\t\t\t\t\t\t\t<span class=\"elementor-button-text\">Reserve now<\/span>\n\t\t\t\t\t<\/span>\n\t\t\t\t\t<\/a>\n\t\t\t\t<\/div>\n\t\t\t\t\t\t\t\t<\/div>\n\t\t\t\t<\/div>\n\t\t\t\t<div class=\"elementor-element elementor-element-a8fc89b elementor-widget elementor-widget-spacer\" data-id=\"a8fc89b\" data-element_type=\"widget\" data-e-type=\"widget\" data-widget_type=\"spacer.default\">\n\t\t\t\t<div class=\"elementor-widget-container\">\n\t\t\t\t\t\t\t<div class=\"elementor-spacer\">\n\t\t\t<div class=\"elementor-spacer-inner\"><\/div>\n\t\t<\/div>\n\t\t\t\t\t\t<\/div>\n\t\t\t\t<\/div>\n\t\t\t\t\t<\/div>\n\t\t<\/div>\n\t\t\t\t\t<\/div>\n\t\t<\/section>\n\t\t\t\t<section class=\"elementor-section elementor-top-section elementor-element elementor-element-02613fd elementor-section-boxed elementor-section-height-default elementor-section-height-default\" data-id=\"02613fd\" data-element_type=\"section\" data-e-type=\"section\">\n\t\t\t\t\t\t<div class=\"elementor-container elementor-column-gap-default\">\n\t\t\t\t\t<div class=\"elementor-column elementor-col-100 elementor-top-column elementor-element elementor-element-be2e1df\" data-id=\"be2e1df\" data-element_type=\"column\" data-e-type=\"column\">\n\t\t\t<div class=\"elementor-widget-wrap\">\n\t\t\t\t\t\t\t<\/div>\n\t\t<\/div>\n\t\t\t\t\t<\/div>\n\t\t<\/section>\n\t\t\t\t<\/div>","protected":false},"excerpt":{"rendered":"<p>ZimmerDeluxe DoppelzimmerMehr erfahren Genie\u00dfen Sie stilvolles Ambiente mit gro\u00dfz\u00fcgiger Ausstattung 129 \u20ac pro Nacht \/ zur Einzelnutzung: 129 \u20ac exklusive 16 \u20ac Fr\u00fchst\u00fcck vom Buffet pro Person &#9733;&#9733;&#9733;&#9733;&#9733; 5\/5 Ein stilvolles Ambiente im Landhausstil bieten Ihnen dieses (28 m2 bis 36 m2) Deluxe Zimmer mit einem King Size Bett (2,00 m x 2,10 m), Mit [&hellip;]<\/p>\n","protected":false},"author":2,"featured_media":0,"parent":0,"menu_order":0,"comment_status":"closed","ping_status":"closed","template":"elementor_header_footer","meta":{"footnotes":""},"class_list":["post-4321","page","type-page","status-publish","hentry"],"yoast_head":"<!-- This site is optimized with the Yoast SEO plugin v27.4 - https:\/\/yoast.com\/product\/yoast-seo-wordpress\/ -->\n<title>Deluxe Doppelzimmer - Landhaus Lellichow<\/title>\n<meta name=\"robots\" content=\"index, follow, max-snippet:-1, max-image-preview:large, max-video-preview:-1\" \/>\n<link rel=\"canonical\" href=\"https:\/\/landhaus-lellichow.de\/en\/deluxe-zimmer\/\" \/>\n<meta property=\"og:locale\" content=\"en_GB\" \/>\n<meta property=\"og:type\" content=\"article\" \/>\n<meta property=\"og:title\" content=\"Deluxe Doppelzimmer - Landhaus Lellichow\" \/>\n<meta property=\"og:description\" content=\"ZimmerDeluxe DoppelzimmerMehr erfahren Genie\u00dfen Sie stilvolles Ambiente mit gro\u00dfz\u00fcgiger Ausstattung 129 \u20ac pro Nacht \/ zur Einzelnutzung: 129 \u20ac exklusive 16 \u20ac Fr\u00fchst\u00fcck vom Buffet pro Person &#9733;&#9733;&#9733;&#9733;&#9733; 5\/5 Ein stilvolles Ambiente im Landhausstil bieten Ihnen dieses (28 m2 bis 36 m2) Deluxe Zimmer mit einem King Size Bett (2,00 m x 2,10 m), Mit [&hellip;]\" \/>\n<meta property=\"og:url\" content=\"https:\/\/landhaus-lellichow.de\/en\/deluxe-zimmer\/\" \/>\n<meta property=\"og:site_name\" content=\"Landhaus Lellichow\" \/>\n<meta property=\"article:modified_time\" content=\"2025-08-28T08:08:26+00:00\" \/>\n<meta name=\"twitter:card\" content=\"summary_large_image\" \/>\n<meta name=\"twitter:label1\" content=\"Estimated reading time\" \/>\n\t<meta name=\"twitter:data1\" content=\"1 minute\" \/>\n<script type=\"application\/ld+json\" class=\"yoast-schema-graph\">{\"@context\":\"https:\\\/\\\/schema.org\",\"@graph\":[{\"@type\":\"WebPage\",\"@id\":\"https:\\\/\\\/landhaus-lellichow.de\\\/deluxe-zimmer\\\/\",\"url\":\"https:\\\/\\\/landhaus-lellichow.de\\\/deluxe-zimmer\\\/\",\"name\":\"Deluxe Doppelzimmer - Landhaus Lellichow\",\"isPartOf\":{\"@id\":\"https:\\\/\\\/landhaus-lellichow.de\\\/#website\"},\"datePublished\":\"2024-08-22T09:44:23+00:00\",\"dateModified\":\"2025-08-28T08:08:26+00:00\",\"breadcrumb\":{\"@id\":\"https:\\\/\\\/landhaus-lellichow.de\\\/deluxe-zimmer\\\/#breadcrumb\"},\"inLanguage\":\"en-GB\",\"potentialAction\":[{\"@type\":\"ReadAction\",\"target\":[\"https:\\\/\\\/landhaus-lellichow.de\\\/deluxe-zimmer\\\/\"]}]},{\"@type\":\"BreadcrumbList\",\"@id\":\"https:\\\/\\\/landhaus-lellichow.de\\\/deluxe-zimmer\\\/#breadcrumb\",\"itemListElement\":[{\"@type\":\"ListItem\",\"position\":1,\"name\":\"Startseite\",\"item\":\"https:\\\/\\\/landhaus-lellichow.de\\\/\"},{\"@type\":\"ListItem\",\"position\":2,\"name\":\"Deluxe Doppelzimmer\"}]},{\"@type\":\"WebSite\",\"@id\":\"https:\\\/\\\/landhaus-lellichow.de\\\/#website\",\"url\":\"https:\\\/\\\/landhaus-lellichow.de\\\/\",\"name\":\"Landhaus Lellichow\",\"description\":\"Ihr Hotel im Herzen Brandenburgs.\",\"publisher\":{\"@id\":\"https:\\\/\\\/landhaus-lellichow.de\\\/#organization\"},\"potentialAction\":[{\"@type\":\"SearchAction\",\"target\":{\"@type\":\"EntryPoint\",\"urlTemplate\":\"https:\\\/\\\/landhaus-lellichow.de\\\/?s={search_term_string}\"},\"query-input\":{\"@type\":\"PropertyValueSpecification\",\"valueRequired\":true,\"valueName\":\"search_term_string\"}}],\"inLanguage\":\"en-GB\"},{\"@type\":\"Organization\",\"@id\":\"https:\\\/\\\/landhaus-lellichow.de\\\/#organization\",\"name\":\"Landhaus Lellichow\",\"url\":\"https:\\\/\\\/landhaus-lellichow.de\\\/\",\"logo\":{\"@type\":\"ImageObject\",\"inLanguage\":\"en-GB\",\"@id\":\"https:\\\/\\\/landhaus-lellichow.de\\\/#\\\/schema\\\/logo\\\/image\\\/\",\"url\":\"https:\\\/\\\/landhaus-lellichow.de\\\/wp-content\\\/uploads\\\/2021\\\/12\\\/cropped-Hotel-Landhaus_Lellichow_Logo_gross.png\",\"contentUrl\":\"https:\\\/\\\/landhaus-lellichow.de\\\/wp-content\\\/uploads\\\/2021\\\/12\\\/cropped-Hotel-Landhaus_Lellichow_Logo_gross.png\",\"width\":400,\"height\":140,\"caption\":\"Landhaus Lellichow\"},\"image\":{\"@id\":\"https:\\\/\\\/landhaus-lellichow.de\\\/#\\\/schema\\\/logo\\\/image\\\/\"}}]}<\/script>\n<!-- \/ Yoast SEO plugin. -->","yoast_head_json":{"title":"Deluxe Doppelzimmer - Landhaus Lellichow","robots":{"index":"index","follow":"follow","max-snippet":"max-snippet:-1","max-image-preview":"max-image-preview:large","max-video-preview":"max-video-preview:-1"},"canonical":"https:\/\/landhaus-lellichow.de\/en\/deluxe-zimmer\/","og_locale":"en_GB","og_type":"article","og_title":"Deluxe Doppelzimmer - Landhaus Lellichow","og_description":"ZimmerDeluxe DoppelzimmerMehr erfahren Genie\u00dfen Sie stilvolles Ambiente mit gro\u00dfz\u00fcgiger Ausstattung 129 \u20ac pro Nacht \/ zur Einzelnutzung: 129 \u20ac exklusive 16 \u20ac Fr\u00fchst\u00fcck vom Buffet pro Person &#9733;&#9733;&#9733;&#9733;&#9733; 5\/5 Ein stilvolles Ambiente im Landhausstil bieten Ihnen dieses (28 m2 bis 36 m2) Deluxe Zimmer mit einem King Size Bett (2,00 m x 2,10 m), Mit [&hellip;]","og_url":"https:\/\/landhaus-lellichow.de\/en\/deluxe-zimmer\/","og_site_name":"Landhaus Lellichow","article_modified_time":"2025-08-28T08:08:26+00:00","twitter_card":"summary_large_image","twitter_misc":{"Estimated reading time":"1 minute"},"schema":{"@context":"https:\/\/schema.org","@graph":[{"@type":"WebPage","@id":"https:\/\/landhaus-lellichow.de\/deluxe-zimmer\/","url":"https:\/\/landhaus-lellichow.de\/deluxe-zimmer\/","name":"Deluxe Doppelzimmer - Landhaus Lellichow","isPartOf":{"@id":"https:\/\/landhaus-lellichow.de\/#website"},"datePublished":"2024-08-22T09:44:23+00:00","dateModified":"2025-08-28T08:08:26+00:00","breadcrumb":{"@id":"https:\/\/landhaus-lellichow.de\/deluxe-zimmer\/#breadcrumb"},"inLanguage":"en-GB","potentialAction":[{"@type":"ReadAction","target":["https:\/\/landhaus-lellichow.de\/deluxe-zimmer\/"]}]},{"@type":"BreadcrumbList","@id":"https:\/\/landhaus-lellichow.de\/deluxe-zimmer\/#breadcrumb","itemListElement":[{"@type":"ListItem","position":1,"name":"Startseite","item":"https:\/\/landhaus-lellichow.de\/"},{"@type":"ListItem","position":2,"name":"Deluxe Doppelzimmer"}]},{"@type":"WebSite","@id":"https:\/\/landhaus-lellichow.de\/#website","url":"https:\/\/landhaus-lellichow.de\/","name":"Landhaus Lellichow","description":"Ihr Hotel im Herzen Brandenburgs.","publisher":{"@id":"https:\/\/landhaus-lellichow.de\/#organization"},"potentialAction":[{"@type":"SearchAction","target":{"@type":"EntryPoint","urlTemplate":"https:\/\/landhaus-lellichow.de\/?s={search_term_string}"},"query-input":{"@type":"PropertyValueSpecification","valueRequired":true,"valueName":"search_term_string"}}],"inLanguage":"en-GB"},{"@type":"Organization","@id":"https:\/\/landhaus-lellichow.de\/#organization","name":"Landhaus Lellichow","url":"https:\/\/landhaus-lellichow.de\/","logo":{"@type":"ImageObject","inLanguage":"en-GB","@id":"https:\/\/landhaus-lellichow.de\/#\/schema\/logo\/image\/","url":"https:\/\/landhaus-lellichow.de\/wp-content\/uploads\/2021\/12\/cropped-Hotel-Landhaus_Lellichow_Logo_gross.png","contentUrl":"https:\/\/landhaus-lellichow.de\/wp-content\/uploads\/2021\/12\/cropped-Hotel-Landhaus_Lellichow_Logo_gross.png","width":400,"height":140,"caption":"Landhaus Lellichow"},"image":{"@id":"https:\/\/landhaus-lellichow.de\/#\/schema\/logo\/image\/"}}]}},"_links":{"self":[{"href":"https:\/\/landhaus-lellichow.de\/en\/wp-json\/wp\/v2\/pages\/4321","targetHints":{"allow":["GET"]}}],"collection":[{"href":"https:\/\/landhaus-lellichow.de\/en\/wp-json\/wp\/v2\/pages"}],"about":[{"href":"https:\/\/landhaus-lellichow.de\/en\/wp-json\/wp\/v2\/types\/page"}],"author":[{"embeddable":true,"href":"https:\/\/landhaus-lellichow.de\/en\/wp-json\/wp\/v2\/users\/2"}],"replies":[{"embeddable":true,"href":"https:\/\/landhaus-lellichow.de\/en\/wp-json\/wp\/v2\/comments?post=4321"}],"version-history":[{"count":21,"href":"https:\/\/landhaus-lellichow.de\/en\/wp-json\/wp\/v2\/pages\/4321\/revisions"}],"predecessor-version":[{"id":5443,"href":"https:\/\/landhaus-lellichow.de\/en\/wp-json\/wp\/v2\/pages\/4321\/revisions\/5443"}],"wp:attachment":[{"href":"https:\/\/landhaus-lellichow.de\/en\/wp-json\/wp\/v2\/media?parent=4321"}],"curies":[{"name":"wp","href":"https:\/\/api.w.org\/{rel}","templated":true}]}}