{"id":4629,"date":"2024-09-02T10:34:53","date_gmt":"2024-09-02T08:34:53","guid":{"rendered":"https:\/\/landhaus-lellichow.de\/?page_id=4629"},"modified":"2025-09-03T11:25:14","modified_gmt":"2025-09-03T09:25:14","slug":"bootsverleih","status":"publish","type":"page","link":"https:\/\/landhaus-lellichow.de\/en\/bootsverleih\/","title":{"rendered":"Boat Rental"},"content":{"rendered":"\t\t<div data-elementor-type=\"wp-page\" data-elementor-id=\"4629\" class=\"elementor elementor-4629\" data-elementor-post-type=\"page\">\n\t\t\t\t\t\t<section class=\"elementor-section elementor-top-section elementor-element elementor-element-45bdb20 elementor-section-full_width elementor-section-height-default elementor-section-height-default\" data-id=\"45bdb20\" data-element_type=\"section\" data-e-type=\"section\">\n\t\t\t\t\t\t<div class=\"elementor-container elementor-column-gap-no\">\n\t\t\t\t\t<div class=\"elementor-column elementor-col-100 elementor-top-column elementor-element elementor-element-cbd2173\" data-id=\"cbd2173\" data-element_type=\"column\" data-e-type=\"column\">\n\t\t\t<div class=\"elementor-widget-wrap elementor-element-populated\">\n\t\t\t\t\t\t<div class=\"elementor-element elementor-element-96b3183 elementor--h-position-center elementor--v-position-middle elementor-widget elementor-widget-slides\" data-id=\"96b3183\" data-element_type=\"widget\" data-e-type=\"widget\" data-settings=\"{&quot;navigation&quot;:&quot;none&quot;,&quot;_animation&quot;:&quot;none&quot;,&quot;autoplay&quot;:&quot;yes&quot;,&quot;pause_on_hover&quot;:&quot;yes&quot;,&quot;pause_on_interaction&quot;:&quot;yes&quot;,&quot;autoplay_speed&quot;:5000,&quot;infinite&quot;:&quot;yes&quot;,&quot;transition&quot;:&quot;slide&quot;,&quot;transition_speed&quot;:500}\" data-widget_type=\"slides.default\">\n\t\t\t\t<div class=\"elementor-widget-container\">\n\t\t\t\t\t\t\t\t\t<div class=\"elementor-swiper\">\n\t\t\t\t\t<div class=\"elementor-slides-wrapper elementor-main-swiper swiper\" role=\"region\" aria-roledescription=\"carousel\" aria-label=\"Slider\" dir=\"ltr\" data-animation=\"fadeInUp\">\n\t\t\t\t<div class=\"swiper-wrapper elementor-slides\">\n\t\t\t\t\t\t\t\t\t\t<div class=\"elementor-repeater-item-e1b5d4e swiper-slide\" role=\"group\" aria-roledescription=\"slide\"><div class=\"swiper-slide-bg\" role=\"img\" aria-label=\"Herbstliche Abendstimmung an einem See mit mehreren kleinen Ruderbooten im Wasser und bunten Bl\u00e4ttern am Ufer.\"><\/div><div class=\"elementor-background-overlay\"><\/div><div class=\"swiper-slide-inner\" ><div class=\"swiper-slide-contents\"><div class=\"elementor-slide-heading\">Kyritzer Seenkette<\/div><div class=\"elementor-slide-description\">Bootsverleih<\/div><a href=\"#scroll\" class=\"elementor-button elementor-slide-button elementor-size-sm\">Mehr erfahren<\/a><\/div><\/div><\/div>\t\t\t\t<\/div>\n\t\t\t\t\t\t\t<\/div>\n\t\t\t\t<\/div>\n\t\t\t\t\t\t\t\t<\/div>\n\t\t\t\t<\/div>\n\t\t\t\t\t<\/div>\n\t\t<\/div>\n\t\t\t\t\t<\/div>\n\t\t<\/section>\n\t\t\t\t<section class=\"elementor-section elementor-top-section elementor-element elementor-element-d267d7d elementor-section-boxed elementor-section-height-default elementor-section-height-default\" data-id=\"d267d7d\" data-element_type=\"section\" data-e-type=\"section\" id=\"scroll\" data-settings=\"{&quot;background_background&quot;:&quot;classic&quot;}\">\n\t\t\t\t\t\t<div class=\"elementor-container elementor-column-gap-custom\">\n\t\t\t\t\t<div class=\"elementor-column elementor-col-100 elementor-top-column elementor-element elementor-element-969723d\" data-id=\"969723d\" data-element_type=\"column\" data-e-type=\"column\">\n\t\t\t<div class=\"elementor-widget-wrap elementor-element-populated\">\n\t\t\t\t\t\t<div class=\"elementor-element elementor-element-289c3cd elementor-invisible elementor-widget elementor-widget-heading\" data-id=\"289c3cd\" data-element_type=\"widget\" data-e-type=\"widget\" data-settings=\"{&quot;_animation&quot;:&quot;fadeInUp&quot;}\" data-widget_type=\"heading.default\">\n\t\t\t\t<div class=\"elementor-widget-container\">\n\t\t\t\t\t<h2 class=\"elementor-heading-title elementor-size-default\">Wasserwege <\/h2>\t\t\t\t<\/div>\n\t\t\t\t<\/div>\n\t\t\t\t<div class=\"elementor-element elementor-element-976c5e5 elementor-invisible elementor-widget elementor-widget-heading\" data-id=\"976c5e5\" data-element_type=\"widget\" data-e-type=\"widget\" data-settings=\"{&quot;_animation&quot;:&quot;fadeInUp&quot;}\" data-widget_type=\"heading.default\">\n\t\t\t\t<div class=\"elementor-widget-container\">\n\t\t\t\t\t<h2 class=\"elementor-heading-title elementor-size-default\">in der Kyritzer Seenkette\u200b<\/h2>\t\t\t\t<\/div>\n\t\t\t\t<\/div>\n\t\t\t\t<div class=\"elementor-element elementor-element-6658d7b elementor-invisible elementor-widget elementor-widget-text-editor\" data-id=\"6658d7b\" data-element_type=\"widget\" data-e-type=\"widget\" data-settings=\"{&quot;_animation&quot;:&quot;fadeInUp&quot;}\" data-widget_type=\"text-editor.default\">\n\t\t\t\t<div class=\"elementor-widget-container\">\n\t\t\t\t\t\t\t\t\t<p class=\"whitespace-pre-wrap break-words\">Unser Hotel bietet Ihnen die perfekte Gelegenheit, die malerischen Gew\u00e4sser der Region auf eine besondere Art zu erkunden. In unmittelbarer N\u00e4he finden Sie erstklassige Bootsverleiher, die Ihnen eine Vielzahl an M\u00f6glichkeiten er\u00f6ffnen.<\/p><p class=\"whitespace-pre-wrap break-words\">Nur wenige Gehminuten entfernt k\u00f6nnen Sie Kanus, Kajaks oder Ruderboote mieten, um den Obersee und die umliegenden Gew\u00e4sser zu entdecken.\u00a0<\/p><p class=\"whitespace-pre-wrap break-words\">Unser freundliches Personal ber\u00e4t Sie gerne zu den besten Routen und Aktivit\u00e4ten.<\/p>\t\t\t\t\t\t\t\t<\/div>\n\t\t\t\t<\/div>\n\t\t\t\t\t<\/div>\n\t\t<\/div>\n\t\t\t\t\t<\/div>\n\t\t<\/section>\n\t\t\t\t<section class=\"elementor-section elementor-top-section elementor-element elementor-element-82d4999 elementor-section-boxed elementor-section-height-default elementor-section-height-default\" data-id=\"82d4999\" data-element_type=\"section\" data-e-type=\"section\" data-settings=\"{&quot;background_background&quot;:&quot;classic&quot;}\">\n\t\t\t\t\t\t<div class=\"elementor-container elementor-column-gap-custom\">\n\t\t\t\t\t<div class=\"elementor-column elementor-col-100 elementor-top-column elementor-element elementor-element-508643f\" data-id=\"508643f\" data-element_type=\"column\" data-e-type=\"column\" data-settings=\"{&quot;background_background&quot;:&quot;classic&quot;,&quot;background_motion_fx_motion_fx_scrolling&quot;:&quot;yes&quot;,&quot;background_motion_fx_translateY_effect&quot;:&quot;yes&quot;,&quot;background_motion_fx_translateY_affectedRange&quot;:{&quot;unit&quot;:&quot;%&quot;,&quot;size&quot;:&quot;&quot;,&quot;sizes&quot;:{&quot;start&quot;:31,&quot;end&quot;:100}},&quot;background_motion_fx_translateY_speed&quot;:{&quot;unit&quot;:&quot;px&quot;,&quot;size&quot;:4,&quot;sizes&quot;:[]},&quot;background_motion_fx_devices&quot;:[&quot;desktop&quot;,&quot;tablet&quot;,&quot;mobile&quot;]}\">\n\t\t\t<div class=\"elementor-widget-wrap elementor-element-populated\">\n\t\t\t\t\t\t<div class=\"elementor-element elementor-element-54a6a2d elementor-widget elementor-widget-image\" data-id=\"54a6a2d\" data-element_type=\"widget\" data-e-type=\"widget\" data-widget_type=\"image.default\">\n\t\t\t\t<div class=\"elementor-widget-container\">\n\t\t\t\t\t\t\t\t\t\t\t\t\t\t\t<img fetchpriority=\"high\" decoding=\"async\" width=\"2048\" height=\"1536\" src=\"https:\/\/landhaus-lellichow.de\/wp-content\/uploads\/2024\/09\/Kyritzer-Untersee-Blick-vom-Bootsverleih-zur-Insel-2048x1536.jpg\" class=\"attachment-2048x2048 size-2048x2048 wp-image-4736\" alt=\"Bootsverleih an einem See mit bunten Tretbooten, die an einem Holzsteg angelegt haben.\" srcset=\"https:\/\/landhaus-lellichow.de\/wp-content\/uploads\/2024\/09\/Kyritzer-Untersee-Blick-vom-Bootsverleih-zur-Insel-2048x1536.jpg 2048w, https:\/\/landhaus-lellichow.de\/wp-content\/uploads\/2024\/09\/Kyritzer-Untersee-Blick-vom-Bootsverleih-zur-Insel-300x225.jpg 300w, https:\/\/landhaus-lellichow.de\/wp-content\/uploads\/2024\/09\/Kyritzer-Untersee-Blick-vom-Bootsverleih-zur-Insel-1024x768.jpg 1024w, https:\/\/landhaus-lellichow.de\/wp-content\/uploads\/2024\/09\/Kyritzer-Untersee-Blick-vom-Bootsverleih-zur-Insel-768x576.jpg 768w, https:\/\/landhaus-lellichow.de\/wp-content\/uploads\/2024\/09\/Kyritzer-Untersee-Blick-vom-Bootsverleih-zur-Insel-1536x1152.jpg 1536w, https:\/\/landhaus-lellichow.de\/wp-content\/uploads\/2024\/09\/Kyritzer-Untersee-Blick-vom-Bootsverleih-zur-Insel-16x12.jpg 16w\" sizes=\"(max-width: 2048px) 100vw, 2048px\" \/>\t\t\t\t\t\t\t\t\t\t\t\t\t\t\t<\/div>\n\t\t\t\t<\/div>\n\t\t\t\t\t<\/div>\n\t\t<\/div>\n\t\t\t\t\t<\/div>\n\t\t<\/section>\n\t\t\t\t<\/div>\n\t\t","protected":false},"excerpt":{"rendered":"<p>Kyritzer SeenketteBootsverleihMehr erfahren Wasserwege in der Kyritzer Seenkette\u200b Unser Hotel bietet Ihnen die perfekte Gelegenheit, die malerischen Gew\u00e4sser der Region auf eine besondere Art zu erkunden. In unmittelbarer N\u00e4he finden Sie erstklassige Bootsverleiher, die Ihnen eine Vielzahl an M\u00f6glichkeiten er\u00f6ffnen. Nur wenige Gehminuten entfernt k\u00f6nnen Sie Kanus, Kajaks oder Ruderboote mieten, um den Obersee und [&hellip;]<\/p>\n","protected":false},"author":2,"featured_media":0,"parent":0,"menu_order":0,"comment_status":"closed","ping_status":"closed","template":"elementor_header_footer","meta":{"footnotes":""},"class_list":["post-4629","page","type-page","status-publish","hentry"],"yoast_head":"<!-- This site is optimized with the Yoast SEO plugin v27.3 - https:\/\/yoast.com\/product\/yoast-seo-wordpress\/ -->\n<title>Bootsverleih - Landhaus Lellichow<\/title>\n<meta name=\"description\" content=\"Unser Hotel bietet Ihnen die perfekte Gelegenheit, die malerischen Gew\u00e4sser der Region auf eine besondere Art zu erkunden.\" \/>\n<meta name=\"robots\" content=\"index, follow, max-snippet:-1, max-image-preview:large, max-video-preview:-1\" \/>\n<link rel=\"canonical\" href=\"https:\/\/landhaus-lellichow.de\/en\/bootsverleih\/\" \/>\n<meta property=\"og:locale\" content=\"en_GB\" \/>\n<meta property=\"og:type\" content=\"article\" \/>\n<meta property=\"og:title\" content=\"Bootsverleih - Landhaus Lellichow\" \/>\n<meta property=\"og:description\" content=\"Unser Hotel bietet Ihnen die perfekte Gelegenheit, die malerischen Gew\u00e4sser der Region auf eine besondere Art zu erkunden.\" \/>\n<meta property=\"og:url\" content=\"https:\/\/landhaus-lellichow.de\/en\/bootsverleih\/\" \/>\n<meta property=\"og:site_name\" content=\"Landhaus Lellichow\" \/>\n<meta property=\"article:modified_time\" content=\"2025-09-03T09:25:14+00:00\" \/>\n<meta property=\"og:image\" content=\"https:\/\/landhaus-lellichow.de\/wp-content\/uploads\/2024\/09\/Kyritzer-Untersee-Blick-vom-Bootsverleih-zur-Insel-2048x1536.jpg\" \/>\n<meta name=\"twitter:card\" content=\"summary_large_image\" \/>\n<meta name=\"twitter:label1\" content=\"Estimated reading time\" \/>\n\t<meta name=\"twitter:data1\" content=\"1 minute\" \/>\n<script type=\"application\/ld+json\" class=\"yoast-schema-graph\">{\"@context\":\"https:\\\/\\\/schema.org\",\"@graph\":[{\"@type\":\"WebPage\",\"@id\":\"https:\\\/\\\/landhaus-lellichow.de\\\/bootsverleih\\\/\",\"url\":\"https:\\\/\\\/landhaus-lellichow.de\\\/bootsverleih\\\/\",\"name\":\"Bootsverleih - Landhaus Lellichow\",\"isPartOf\":{\"@id\":\"https:\\\/\\\/landhaus-lellichow.de\\\/#website\"},\"primaryImageOfPage\":{\"@id\":\"https:\\\/\\\/landhaus-lellichow.de\\\/bootsverleih\\\/#primaryimage\"},\"image\":{\"@id\":\"https:\\\/\\\/landhaus-lellichow.de\\\/bootsverleih\\\/#primaryimage\"},\"thumbnailUrl\":\"https:\\\/\\\/landhaus-lellichow.de\\\/wp-content\\\/uploads\\\/2024\\\/09\\\/Kyritzer-Untersee-Blick-vom-Bootsverleih-zur-Insel-2048x1536.jpg\",\"datePublished\":\"2024-09-02T08:34:53+00:00\",\"dateModified\":\"2025-09-03T09:25:14+00:00\",\"description\":\"Unser Hotel bietet Ihnen die perfekte Gelegenheit, die malerischen Gew\u00e4sser der Region auf eine besondere Art zu erkunden.\",\"breadcrumb\":{\"@id\":\"https:\\\/\\\/landhaus-lellichow.de\\\/bootsverleih\\\/#breadcrumb\"},\"inLanguage\":\"en-GB\",\"potentialAction\":[{\"@type\":\"ReadAction\",\"target\":[\"https:\\\/\\\/landhaus-lellichow.de\\\/bootsverleih\\\/\"]}]},{\"@type\":\"ImageObject\",\"inLanguage\":\"en-GB\",\"@id\":\"https:\\\/\\\/landhaus-lellichow.de\\\/bootsverleih\\\/#primaryimage\",\"url\":\"https:\\\/\\\/landhaus-lellichow.de\\\/wp-content\\\/uploads\\\/2024\\\/09\\\/Kyritzer-Untersee-Blick-vom-Bootsverleih-zur-Insel-2048x1536.jpg\",\"contentUrl\":\"https:\\\/\\\/landhaus-lellichow.de\\\/wp-content\\\/uploads\\\/2024\\\/09\\\/Kyritzer-Untersee-Blick-vom-Bootsverleih-zur-Insel-2048x1536.jpg\"},{\"@type\":\"BreadcrumbList\",\"@id\":\"https:\\\/\\\/landhaus-lellichow.de\\\/bootsverleih\\\/#breadcrumb\",\"itemListElement\":[{\"@type\":\"ListItem\",\"position\":1,\"name\":\"Startseite\",\"item\":\"https:\\\/\\\/landhaus-lellichow.de\\\/\"},{\"@type\":\"ListItem\",\"position\":2,\"name\":\"Bootsverleih\"}]},{\"@type\":\"WebSite\",\"@id\":\"https:\\\/\\\/landhaus-lellichow.de\\\/#website\",\"url\":\"https:\\\/\\\/landhaus-lellichow.de\\\/\",\"name\":\"Landhaus Lellichow\",\"description\":\"Ihr Hotel im Herzen Brandenburgs.\",\"publisher\":{\"@id\":\"https:\\\/\\\/landhaus-lellichow.de\\\/#organization\"},\"potentialAction\":[{\"@type\":\"SearchAction\",\"target\":{\"@type\":\"EntryPoint\",\"urlTemplate\":\"https:\\\/\\\/landhaus-lellichow.de\\\/?s={search_term_string}\"},\"query-input\":{\"@type\":\"PropertyValueSpecification\",\"valueRequired\":true,\"valueName\":\"search_term_string\"}}],\"inLanguage\":\"en-GB\"},{\"@type\":\"Organization\",\"@id\":\"https:\\\/\\\/landhaus-lellichow.de\\\/#organization\",\"name\":\"Landhaus Lellichow\",\"url\":\"https:\\\/\\\/landhaus-lellichow.de\\\/\",\"logo\":{\"@type\":\"ImageObject\",\"inLanguage\":\"en-GB\",\"@id\":\"https:\\\/\\\/landhaus-lellichow.de\\\/#\\\/schema\\\/logo\\\/image\\\/\",\"url\":\"https:\\\/\\\/landhaus-lellichow.de\\\/wp-content\\\/uploads\\\/2021\\\/12\\\/cropped-Hotel-Landhaus_Lellichow_Logo_gross.png\",\"contentUrl\":\"https:\\\/\\\/landhaus-lellichow.de\\\/wp-content\\\/uploads\\\/2021\\\/12\\\/cropped-Hotel-Landhaus_Lellichow_Logo_gross.png\",\"width\":400,\"height\":140,\"caption\":\"Landhaus Lellichow\"},\"image\":{\"@id\":\"https:\\\/\\\/landhaus-lellichow.de\\\/#\\\/schema\\\/logo\\\/image\\\/\"}}]}<\/script>\n<!-- \/ Yoast SEO plugin. -->","yoast_head_json":{"title":"Bootsverleih - Landhaus Lellichow","description":"Unser Hotel bietet Ihnen die perfekte Gelegenheit, die malerischen Gew\u00e4sser der Region auf eine besondere Art zu erkunden.","robots":{"index":"index","follow":"follow","max-snippet":"max-snippet:-1","max-image-preview":"max-image-preview:large","max-video-preview":"max-video-preview:-1"},"canonical":"https:\/\/landhaus-lellichow.de\/en\/bootsverleih\/","og_locale":"en_GB","og_type":"article","og_title":"Bootsverleih - Landhaus Lellichow","og_description":"Unser Hotel bietet Ihnen die perfekte Gelegenheit, die malerischen Gew\u00e4sser der Region auf eine besondere Art zu erkunden.","og_url":"https:\/\/landhaus-lellichow.de\/en\/bootsverleih\/","og_site_name":"Landhaus Lellichow","article_modified_time":"2025-09-03T09:25:14+00:00","og_image":[{"url":"https:\/\/landhaus-lellichow.de\/wp-content\/uploads\/2024\/09\/Kyritzer-Untersee-Blick-vom-Bootsverleih-zur-Insel-2048x1536.jpg","type":"","width":"","height":""}],"twitter_card":"summary_large_image","twitter_misc":{"Estimated reading time":"1 minute"},"schema":{"@context":"https:\/\/schema.org","@graph":[{"@type":"WebPage","@id":"https:\/\/landhaus-lellichow.de\/bootsverleih\/","url":"https:\/\/landhaus-lellichow.de\/bootsverleih\/","name":"Bootsverleih - Landhaus Lellichow","isPartOf":{"@id":"https:\/\/landhaus-lellichow.de\/#website"},"primaryImageOfPage":{"@id":"https:\/\/landhaus-lellichow.de\/bootsverleih\/#primaryimage"},"image":{"@id":"https:\/\/landhaus-lellichow.de\/bootsverleih\/#primaryimage"},"thumbnailUrl":"https:\/\/landhaus-lellichow.de\/wp-content\/uploads\/2024\/09\/Kyritzer-Untersee-Blick-vom-Bootsverleih-zur-Insel-2048x1536.jpg","datePublished":"2024-09-02T08:34:53+00:00","dateModified":"2025-09-03T09:25:14+00:00","description":"Unser Hotel bietet Ihnen die perfekte Gelegenheit, die malerischen Gew\u00e4sser der Region auf eine besondere Art zu erkunden.","breadcrumb":{"@id":"https:\/\/landhaus-lellichow.de\/bootsverleih\/#breadcrumb"},"inLanguage":"en-GB","potentialAction":[{"@type":"ReadAction","target":["https:\/\/landhaus-lellichow.de\/bootsverleih\/"]}]},{"@type":"ImageObject","inLanguage":"en-GB","@id":"https:\/\/landhaus-lellichow.de\/bootsverleih\/#primaryimage","url":"https:\/\/landhaus-lellichow.de\/wp-content\/uploads\/2024\/09\/Kyritzer-Untersee-Blick-vom-Bootsverleih-zur-Insel-2048x1536.jpg","contentUrl":"https:\/\/landhaus-lellichow.de\/wp-content\/uploads\/2024\/09\/Kyritzer-Untersee-Blick-vom-Bootsverleih-zur-Insel-2048x1536.jpg"},{"@type":"BreadcrumbList","@id":"https:\/\/landhaus-lellichow.de\/bootsverleih\/#breadcrumb","itemListElement":[{"@type":"ListItem","position":1,"name":"Startseite","item":"https:\/\/landhaus-lellichow.de\/"},{"@type":"ListItem","position":2,"name":"Bootsverleih"}]},{"@type":"WebSite","@id":"https:\/\/landhaus-lellichow.de\/#website","url":"https:\/\/landhaus-lellichow.de\/","name":"Landhaus Lellichow","description":"Ihr Hotel im Herzen Brandenburgs.","publisher":{"@id":"https:\/\/landhaus-lellichow.de\/#organization"},"potentialAction":[{"@type":"SearchAction","target":{"@type":"EntryPoint","urlTemplate":"https:\/\/landhaus-lellichow.de\/?s={search_term_string}"},"query-input":{"@type":"PropertyValueSpecification","valueRequired":true,"valueName":"search_term_string"}}],"inLanguage":"en-GB"},{"@type":"Organization","@id":"https:\/\/landhaus-lellichow.de\/#organization","name":"Landhaus Lellichow","url":"https:\/\/landhaus-lellichow.de\/","logo":{"@type":"ImageObject","inLanguage":"en-GB","@id":"https:\/\/landhaus-lellichow.de\/#\/schema\/logo\/image\/","url":"https:\/\/landhaus-lellichow.de\/wp-content\/uploads\/2021\/12\/cropped-Hotel-Landhaus_Lellichow_Logo_gross.png","contentUrl":"https:\/\/landhaus-lellichow.de\/wp-content\/uploads\/2021\/12\/cropped-Hotel-Landhaus_Lellichow_Logo_gross.png","width":400,"height":140,"caption":"Landhaus Lellichow"},"image":{"@id":"https:\/\/landhaus-lellichow.de\/#\/schema\/logo\/image\/"}}]}},"_links":{"self":[{"href":"https:\/\/landhaus-lellichow.de\/en\/wp-json\/wp\/v2\/pages\/4629","targetHints":{"allow":["GET"]}}],"collection":[{"href":"https:\/\/landhaus-lellichow.de\/en\/wp-json\/wp\/v2\/pages"}],"about":[{"href":"https:\/\/landhaus-lellichow.de\/en\/wp-json\/wp\/v2\/types\/page"}],"author":[{"embeddable":true,"href":"https:\/\/landhaus-lellichow.de\/en\/wp-json\/wp\/v2\/users\/2"}],"replies":[{"embeddable":true,"href":"https:\/\/landhaus-lellichow.de\/en\/wp-json\/wp\/v2\/comments?post=4629"}],"version-history":[{"count":20,"href":"https:\/\/landhaus-lellichow.de\/en\/wp-json\/wp\/v2\/pages\/4629\/revisions"}],"predecessor-version":[{"id":5553,"href":"https:\/\/landhaus-lellichow.de\/en\/wp-json\/wp\/v2\/pages\/4629\/revisions\/5553"}],"wp:attachment":[{"href":"https:\/\/landhaus-lellichow.de\/en\/wp-json\/wp\/v2\/media?parent=4629"}],"curies":[{"name":"wp","href":"https:\/\/api.w.org\/{rel}","templated":true}]}}