{"id":4940,"date":"2024-09-12T10:48:24","date_gmt":"2024-09-12T08:48:24","guid":{"rendered":"https:\/\/landhaus-lellichow.de\/?page_id=4940"},"modified":"2024-11-04T08:52:06","modified_gmt":"2024-11-04T07:52:06","slug":"auszeit-zu-zweit","status":"publish","type":"page","link":"https:\/\/landhaus-lellichow.de\/en\/auszeit-zu-zweit\/","title":{"rendered":"Auszeit zu zweit"},"content":{"rendered":"\t\t<div data-elementor-type=\"wp-page\" data-elementor-id=\"4940\" class=\"elementor elementor-4940\" data-elementor-post-type=\"page\">\n\t\t\t\t\t\t<section class=\"elementor-section elementor-top-section elementor-element elementor-element-1d1619f elementor-section-full_width elementor-section-height-default elementor-section-height-default\" data-id=\"1d1619f\" data-element_type=\"section\" data-e-type=\"section\">\n\t\t\t\t\t\t<div class=\"elementor-container elementor-column-gap-no\">\n\t\t\t\t\t<div class=\"elementor-column elementor-col-100 elementor-top-column elementor-element elementor-element-7d4e782\" data-id=\"7d4e782\" data-element_type=\"column\" data-e-type=\"column\">\n\t\t\t<div class=\"elementor-widget-wrap elementor-element-populated\">\n\t\t\t\t\t\t<div class=\"elementor-element elementor-element-4445324 elementor--h-position-center elementor--v-position-middle elementor-widget elementor-widget-slides\" data-id=\"4445324\" data-element_type=\"widget\" data-e-type=\"widget\" data-settings=\"{&quot;navigation&quot;:&quot;none&quot;,&quot;_animation&quot;:&quot;none&quot;,&quot;autoplay&quot;:&quot;yes&quot;,&quot;pause_on_hover&quot;:&quot;yes&quot;,&quot;pause_on_interaction&quot;:&quot;yes&quot;,&quot;autoplay_speed&quot;:5000,&quot;infinite&quot;:&quot;yes&quot;,&quot;transition&quot;:&quot;slide&quot;,&quot;transition_speed&quot;:500}\" data-widget_type=\"slides.default\">\n\t\t\t\t<div class=\"elementor-widget-container\">\n\t\t\t\t\t\t\t\t\t<div class=\"elementor-swiper\">\n\t\t\t\t\t<div class=\"elementor-slides-wrapper elementor-main-swiper swiper\" role=\"region\" aria-roledescription=\"carousel\" aria-label=\"Slider\" dir=\"ltr\" data-animation=\"fadeInUp\">\n\t\t\t\t<div class=\"swiper-wrapper elementor-slides\">\n\t\t\t\t\t\t\t\t\t\t<div class=\"elementor-repeater-item-e1b5d4e swiper-slide\" role=\"group\" aria-roledescription=\"slide\"><div class=\"swiper-slide-bg\" role=\"img\" aria-label=\"Ger\u00e4umiges Deluxe-Doppelzimmer mit gro\u00dfem Bett, einer gepolsterten Sitzbank am Fu\u00dfende und klassischer Einrichtung.\"><\/div><div class=\"elementor-background-overlay\"><\/div><div class=\"swiper-slide-inner\" ><div class=\"swiper-slide-contents\"><div class=\"elementor-slide-heading\">Romantische Zweisamkeit<\/div><div class=\"elementor-slide-description\">Kleine Auszeit zu zweit<\/div><a href=\"#scroll\" class=\"elementor-button elementor-slide-button elementor-size-sm\">Mehr erfahren<\/a><\/div><\/div><\/div>\t\t\t\t<\/div>\n\t\t\t\t\t\t\t<\/div>\n\t\t\t\t<\/div>\n\t\t\t\t\t\t\t\t<\/div>\n\t\t\t\t<\/div>\n\t\t\t\t\t<\/div>\n\t\t<\/div>\n\t\t\t\t\t<\/div>\n\t\t<\/section>\n\t\t\t\t<section class=\"elementor-section elementor-top-section elementor-element elementor-element-61d73f2 elementor-section-boxed elementor-section-height-default elementor-section-height-default\" data-id=\"61d73f2\" data-element_type=\"section\" data-e-type=\"section\" id=\"scroll\" data-settings=\"{&quot;background_background&quot;:&quot;classic&quot;}\">\n\t\t\t\t\t\t<div class=\"elementor-container elementor-column-gap-custom\">\n\t\t\t\t\t<div class=\"elementor-column elementor-col-100 elementor-top-column elementor-element elementor-element-18321d9\" data-id=\"18321d9\" data-element_type=\"column\" data-e-type=\"column\">\n\t\t\t<div class=\"elementor-widget-wrap elementor-element-populated\">\n\t\t\t\t\t\t<div class=\"elementor-element elementor-element-9e5df3c elementor-invisible elementor-widget elementor-widget-heading\" data-id=\"9e5df3c\" data-element_type=\"widget\" data-e-type=\"widget\" data-settings=\"{&quot;_animation&quot;:&quot;fadeInUp&quot;}\" data-widget_type=\"heading.default\">\n\t\t\t\t<div class=\"elementor-widget-container\">\n\t\t\t\t\t<h2 class=\"elementor-heading-title elementor-size-default\">Kleine Auszeit zu zweit<\/h2>\t\t\t\t<\/div>\n\t\t\t\t<\/div>\n\t\t\t\t<div class=\"elementor-element elementor-element-eeaad0d elementor-invisible elementor-widget elementor-widget-text-editor\" data-id=\"eeaad0d\" data-element_type=\"widget\" data-e-type=\"widget\" data-settings=\"{&quot;_animation&quot;:&quot;fadeInUp&quot;}\" data-widget_type=\"text-editor.default\">\n\t\t\t\t<div class=\"elementor-widget-container\">\n\t\t\t\t\t\t\t\t\t<p>Genie\u00dfen Sie zwei N\u00e4chte im Deluxe Doppelzimmer mit Verw\u00f6hnprogramm. Zum Preis von 399 Euro f\u00fcr zwei Personen erwartet Sie ein Rundum-Wohlf\u00fchlpaket: von der Begr\u00fc\u00dfung mit Drink und Obstkorb \u00fcber ein 3-G\u00e4nge-Men\u00fc und reichhaltige Fr\u00fchst\u00fccksbuffets bis hin zur Entspannung in der Kristalltherme Bad Wilsnack. Ideal f\u00fcr eine kurze, aber luxuri\u00f6se Auszeit vom Alltag.<\/p><p><strong>Was ist alles dabei?<\/strong><\/p><div class=\"font-claude-message  pr-4  md:pr-9  relative  leading-[1.65rem]  [&amp;_pre&gt;div]:bg-bg-300  [&amp;_pre]:-mr-4  md:[&amp;_pre]:-mr-9\"><div class=\"grid-col-1 grid gap-2.5 [&amp;_&gt;_*]:min-w-0\"><ul class=\"-mt-1 list-disc space-y-2 pl-8\"><li class=\"whitespace-normal break-words\">Begr\u00fc\u00dfungsdrink<\/li><li class=\"whitespace-normal break-words\">Obstkorb auf dem Zimmer<\/li><li class=\"whitespace-normal break-words\">2 \u00dcbernachtungen im Deluxe Doppelzimmer mit Badewanne<\/li><li class=\"whitespace-normal break-words\">2 Badem\u00e4ntel<\/li><li class=\"whitespace-normal break-words\">1 x 3 G\u00e4nge Men\u00fc f\u00fcr 2 Personen<\/li><li class=\"whitespace-normal break-words\">2 x reichhaltiges Fr\u00fchst\u00fccksbuffet<\/li><li class=\"whitespace-normal break-words\">Tageskarte f\u00fcr die Kristalltherme in Bad Wilsnack mit Saunanutzung<\/li><\/ul><p>\u00a0<\/p><\/div><\/div><div><p class=\"p1\" style=\"margin: 0px; font-variant-numeric: normal; font-variant-east-asian: normal; font-variant-alternates: normal; font-size-adjust: none; font-kerning: auto; font-optical-sizing: auto; font-feature-settings: normal; font-variation-settings: normal; font-variant-position: normal; font-stretch: normal; font-size: 14.5px; line-height: normal; font-family: Helvetica; color: #000000;\"><b>Preis f\u00fcr 2 Personen ab 399\u20ac<\/b><\/p><\/div>\t\t\t\t\t\t\t\t<\/div>\n\t\t\t\t<\/div>\n\t\t\t\t<div class=\"elementor-element elementor-element-007c06e elementor-align-center elementor-widget elementor-widget-button\" data-id=\"007c06e\" data-element_type=\"widget\" data-e-type=\"widget\" data-widget_type=\"button.default\">\n\t\t\t\t<div class=\"elementor-widget-container\">\n\t\t\t\t\t\t\t\t\t<div class=\"elementor-button-wrapper\">\n\t\t\t\t\t<a class=\"elementor-button elementor-button-link elementor-size-sm\" href=\"https:\/\/reservations.hotel-spider.com\/02F5d7b49780038e\/package\/02F67278771745e7\">\n\t\t\t\t\t\t<span class=\"elementor-button-content-wrapper\">\n\t\t\t\t\t\t\t\t\t<span class=\"elementor-button-text\">Buchen<\/span>\n\t\t\t\t\t<\/span>\n\t\t\t\t\t<\/a>\n\t\t\t\t<\/div>\n\t\t\t\t\t\t\t\t<\/div>\n\t\t\t\t<\/div>\n\t\t\t\t\t<\/div>\n\t\t<\/div>\n\t\t\t\t\t<\/div>\n\t\t<\/section>\n\t\t\t\t<\/div>\n\t\t","protected":false},"excerpt":{"rendered":"<p>Romantische ZweisamkeitKleine Auszeit zu zweitMehr erfahren Kleine Auszeit zu zweit Genie\u00dfen Sie zwei N\u00e4chte im Deluxe Doppelzimmer mit Verw\u00f6hnprogramm. Zum Preis von 399 Euro f\u00fcr zwei Personen erwartet Sie ein Rundum-Wohlf\u00fchlpaket: von der Begr\u00fc\u00dfung mit Drink und Obstkorb \u00fcber ein 3-G\u00e4nge-Men\u00fc und reichhaltige Fr\u00fchst\u00fccksbuffets bis hin zur Entspannung in der Kristalltherme Bad Wilsnack. Ideal f\u00fcr [&hellip;]<\/p>\n","protected":false},"author":2,"featured_media":0,"parent":0,"menu_order":0,"comment_status":"closed","ping_status":"closed","template":"elementor_header_footer","meta":{"footnotes":""},"class_list":["post-4940","page","type-page","status-publish","hentry"],"yoast_head":"<!-- This site is optimized with the Yoast SEO plugin v27.3 - https:\/\/yoast.com\/product\/yoast-seo-wordpress\/ -->\n<title>Auszeit zu zweit - Landhaus Lellichow<\/title>\n<meta name=\"robots\" content=\"index, follow, max-snippet:-1, max-image-preview:large, max-video-preview:-1\" \/>\n<link rel=\"canonical\" href=\"https:\/\/landhaus-lellichow.de\/en\/auszeit-zu-zweit\/\" \/>\n<meta property=\"og:locale\" content=\"en_GB\" \/>\n<meta property=\"og:type\" content=\"article\" \/>\n<meta property=\"og:title\" content=\"Auszeit zu zweit - Landhaus Lellichow\" \/>\n<meta property=\"og:description\" content=\"Romantische ZweisamkeitKleine Auszeit zu zweitMehr erfahren Kleine Auszeit zu zweit Genie\u00dfen Sie zwei N\u00e4chte im Deluxe Doppelzimmer mit Verw\u00f6hnprogramm. Zum Preis von 399 Euro f\u00fcr zwei Personen erwartet Sie ein Rundum-Wohlf\u00fchlpaket: von der Begr\u00fc\u00dfung mit Drink und Obstkorb \u00fcber ein 3-G\u00e4nge-Men\u00fc und reichhaltige Fr\u00fchst\u00fccksbuffets bis hin zur Entspannung in der Kristalltherme Bad Wilsnack. Ideal f\u00fcr [&hellip;]\" \/>\n<meta property=\"og:url\" content=\"https:\/\/landhaus-lellichow.de\/en\/auszeit-zu-zweit\/\" \/>\n<meta property=\"og:site_name\" content=\"Landhaus Lellichow\" \/>\n<meta property=\"article:modified_time\" content=\"2024-11-04T07:52:06+00:00\" \/>\n<meta name=\"twitter:card\" content=\"summary_large_image\" \/>\n<meta name=\"twitter:label1\" content=\"Estimated reading time\" \/>\n\t<meta name=\"twitter:data1\" content=\"1 minute\" \/>\n<script type=\"application\/ld+json\" class=\"yoast-schema-graph\">{\"@context\":\"https:\\\/\\\/schema.org\",\"@graph\":[{\"@type\":\"WebPage\",\"@id\":\"https:\\\/\\\/landhaus-lellichow.de\\\/auszeit-zu-zweit\\\/\",\"url\":\"https:\\\/\\\/landhaus-lellichow.de\\\/auszeit-zu-zweit\\\/\",\"name\":\"Auszeit zu zweit - Landhaus Lellichow\",\"isPartOf\":{\"@id\":\"https:\\\/\\\/landhaus-lellichow.de\\\/#website\"},\"datePublished\":\"2024-09-12T08:48:24+00:00\",\"dateModified\":\"2024-11-04T07:52:06+00:00\",\"breadcrumb\":{\"@id\":\"https:\\\/\\\/landhaus-lellichow.de\\\/auszeit-zu-zweit\\\/#breadcrumb\"},\"inLanguage\":\"en-GB\",\"potentialAction\":[{\"@type\":\"ReadAction\",\"target\":[\"https:\\\/\\\/landhaus-lellichow.de\\\/auszeit-zu-zweit\\\/\"]}]},{\"@type\":\"BreadcrumbList\",\"@id\":\"https:\\\/\\\/landhaus-lellichow.de\\\/auszeit-zu-zweit\\\/#breadcrumb\",\"itemListElement\":[{\"@type\":\"ListItem\",\"position\":1,\"name\":\"Startseite\",\"item\":\"https:\\\/\\\/landhaus-lellichow.de\\\/\"},{\"@type\":\"ListItem\",\"position\":2,\"name\":\"Auszeit zu zweit\"}]},{\"@type\":\"WebSite\",\"@id\":\"https:\\\/\\\/landhaus-lellichow.de\\\/#website\",\"url\":\"https:\\\/\\\/landhaus-lellichow.de\\\/\",\"name\":\"Landhaus Lellichow\",\"description\":\"Ihr Hotel im Herzen Brandenburgs.\",\"publisher\":{\"@id\":\"https:\\\/\\\/landhaus-lellichow.de\\\/#organization\"},\"potentialAction\":[{\"@type\":\"SearchAction\",\"target\":{\"@type\":\"EntryPoint\",\"urlTemplate\":\"https:\\\/\\\/landhaus-lellichow.de\\\/?s={search_term_string}\"},\"query-input\":{\"@type\":\"PropertyValueSpecification\",\"valueRequired\":true,\"valueName\":\"search_term_string\"}}],\"inLanguage\":\"en-GB\"},{\"@type\":\"Organization\",\"@id\":\"https:\\\/\\\/landhaus-lellichow.de\\\/#organization\",\"name\":\"Landhaus Lellichow\",\"url\":\"https:\\\/\\\/landhaus-lellichow.de\\\/\",\"logo\":{\"@type\":\"ImageObject\",\"inLanguage\":\"en-GB\",\"@id\":\"https:\\\/\\\/landhaus-lellichow.de\\\/#\\\/schema\\\/logo\\\/image\\\/\",\"url\":\"https:\\\/\\\/landhaus-lellichow.de\\\/wp-content\\\/uploads\\\/2021\\\/12\\\/cropped-Hotel-Landhaus_Lellichow_Logo_gross.png\",\"contentUrl\":\"https:\\\/\\\/landhaus-lellichow.de\\\/wp-content\\\/uploads\\\/2021\\\/12\\\/cropped-Hotel-Landhaus_Lellichow_Logo_gross.png\",\"width\":400,\"height\":140,\"caption\":\"Landhaus Lellichow\"},\"image\":{\"@id\":\"https:\\\/\\\/landhaus-lellichow.de\\\/#\\\/schema\\\/logo\\\/image\\\/\"}}]}<\/script>\n<!-- \/ Yoast SEO plugin. -->","yoast_head_json":{"title":"Auszeit zu zweit - Landhaus Lellichow","robots":{"index":"index","follow":"follow","max-snippet":"max-snippet:-1","max-image-preview":"max-image-preview:large","max-video-preview":"max-video-preview:-1"},"canonical":"https:\/\/landhaus-lellichow.de\/en\/auszeit-zu-zweit\/","og_locale":"en_GB","og_type":"article","og_title":"Auszeit zu zweit - Landhaus Lellichow","og_description":"Romantische ZweisamkeitKleine Auszeit zu zweitMehr erfahren Kleine Auszeit zu zweit Genie\u00dfen Sie zwei N\u00e4chte im Deluxe Doppelzimmer mit Verw\u00f6hnprogramm. Zum Preis von 399 Euro f\u00fcr zwei Personen erwartet Sie ein Rundum-Wohlf\u00fchlpaket: von der Begr\u00fc\u00dfung mit Drink und Obstkorb \u00fcber ein 3-G\u00e4nge-Men\u00fc und reichhaltige Fr\u00fchst\u00fccksbuffets bis hin zur Entspannung in der Kristalltherme Bad Wilsnack. Ideal f\u00fcr [&hellip;]","og_url":"https:\/\/landhaus-lellichow.de\/en\/auszeit-zu-zweit\/","og_site_name":"Landhaus Lellichow","article_modified_time":"2024-11-04T07:52:06+00:00","twitter_card":"summary_large_image","twitter_misc":{"Estimated reading time":"1 minute"},"schema":{"@context":"https:\/\/schema.org","@graph":[{"@type":"WebPage","@id":"https:\/\/landhaus-lellichow.de\/auszeit-zu-zweit\/","url":"https:\/\/landhaus-lellichow.de\/auszeit-zu-zweit\/","name":"Auszeit zu zweit - Landhaus Lellichow","isPartOf":{"@id":"https:\/\/landhaus-lellichow.de\/#website"},"datePublished":"2024-09-12T08:48:24+00:00","dateModified":"2024-11-04T07:52:06+00:00","breadcrumb":{"@id":"https:\/\/landhaus-lellichow.de\/auszeit-zu-zweit\/#breadcrumb"},"inLanguage":"en-GB","potentialAction":[{"@type":"ReadAction","target":["https:\/\/landhaus-lellichow.de\/auszeit-zu-zweit\/"]}]},{"@type":"BreadcrumbList","@id":"https:\/\/landhaus-lellichow.de\/auszeit-zu-zweit\/#breadcrumb","itemListElement":[{"@type":"ListItem","position":1,"name":"Startseite","item":"https:\/\/landhaus-lellichow.de\/"},{"@type":"ListItem","position":2,"name":"Auszeit zu zweit"}]},{"@type":"WebSite","@id":"https:\/\/landhaus-lellichow.de\/#website","url":"https:\/\/landhaus-lellichow.de\/","name":"Landhaus Lellichow","description":"Ihr Hotel im Herzen Brandenburgs.","publisher":{"@id":"https:\/\/landhaus-lellichow.de\/#organization"},"potentialAction":[{"@type":"SearchAction","target":{"@type":"EntryPoint","urlTemplate":"https:\/\/landhaus-lellichow.de\/?s={search_term_string}"},"query-input":{"@type":"PropertyValueSpecification","valueRequired":true,"valueName":"search_term_string"}}],"inLanguage":"en-GB"},{"@type":"Organization","@id":"https:\/\/landhaus-lellichow.de\/#organization","name":"Landhaus Lellichow","url":"https:\/\/landhaus-lellichow.de\/","logo":{"@type":"ImageObject","inLanguage":"en-GB","@id":"https:\/\/landhaus-lellichow.de\/#\/schema\/logo\/image\/","url":"https:\/\/landhaus-lellichow.de\/wp-content\/uploads\/2021\/12\/cropped-Hotel-Landhaus_Lellichow_Logo_gross.png","contentUrl":"https:\/\/landhaus-lellichow.de\/wp-content\/uploads\/2021\/12\/cropped-Hotel-Landhaus_Lellichow_Logo_gross.png","width":400,"height":140,"caption":"Landhaus Lellichow"},"image":{"@id":"https:\/\/landhaus-lellichow.de\/#\/schema\/logo\/image\/"}}]}},"_links":{"self":[{"href":"https:\/\/landhaus-lellichow.de\/en\/wp-json\/wp\/v2\/pages\/4940","targetHints":{"allow":["GET"]}}],"collection":[{"href":"https:\/\/landhaus-lellichow.de\/en\/wp-json\/wp\/v2\/pages"}],"about":[{"href":"https:\/\/landhaus-lellichow.de\/en\/wp-json\/wp\/v2\/types\/page"}],"author":[{"embeddable":true,"href":"https:\/\/landhaus-lellichow.de\/en\/wp-json\/wp\/v2\/users\/2"}],"replies":[{"embeddable":true,"href":"https:\/\/landhaus-lellichow.de\/en\/wp-json\/wp\/v2\/comments?post=4940"}],"version-history":[{"count":23,"href":"https:\/\/landhaus-lellichow.de\/en\/wp-json\/wp\/v2\/pages\/4940\/revisions"}],"predecessor-version":[{"id":5077,"href":"https:\/\/landhaus-lellichow.de\/en\/wp-json\/wp\/v2\/pages\/4940\/revisions\/5077"}],"wp:attachment":[{"href":"https:\/\/landhaus-lellichow.de\/en\/wp-json\/wp\/v2\/media?parent=4940"}],"curies":[{"name":"wp","href":"https:\/\/api.w.org\/{rel}","templated":true}]}}