{"id":5249,"date":"2025-03-13T11:32:58","date_gmt":"2025-03-13T10:32:58","guid":{"rendered":"https:\/\/landhaus-lellichow.de\/?page_id=5249"},"modified":"2025-04-03T12:13:20","modified_gmt":"2025-04-03T10:13:20","slug":"osterzauber-im-landhaus-lellichow","status":"publish","type":"page","link":"https:\/\/landhaus-lellichow.de\/en\/osterzauber-im-landhaus-lellichow\/","title":{"rendered":"Osterzauber im Landhaus Lellichow"},"content":{"rendered":"<div data-elementor-type=\"wp-page\" data-elementor-id=\"5249\" class=\"elementor elementor-5249\" data-elementor-post-type=\"page\">\n\t\t\t\t\t\t<section class=\"elementor-section elementor-top-section elementor-element elementor-element-0e906c0 elementor-section-full_width elementor-section-height-default elementor-section-height-default\" data-id=\"0e906c0\" data-element_type=\"section\" data-e-type=\"section\" data-settings=\"{&quot;background_background&quot;:&quot;classic&quot;}\">\n\t\t\t\t\t\t<div class=\"elementor-container elementor-column-gap-no\">\n\t\t\t\t\t<div class=\"elementor-column elementor-col-100 elementor-top-column elementor-element elementor-element-b834f47\" data-id=\"b834f47\" data-element_type=\"column\" data-e-type=\"column\">\n\t\t\t<div class=\"elementor-widget-wrap elementor-element-populated\">\n\t\t\t\t\t\t<div class=\"elementor-element elementor-element-ee90f8b elementor--h-position-center elementor--v-position-middle elementor-widget elementor-widget-slides\" data-id=\"ee90f8b\" data-element_type=\"widget\" data-e-type=\"widget\" data-settings=\"{&quot;navigation&quot;:&quot;none&quot;,&quot;_animation&quot;:&quot;none&quot;,&quot;autoplay&quot;:&quot;yes&quot;,&quot;pause_on_hover&quot;:&quot;yes&quot;,&quot;pause_on_interaction&quot;:&quot;yes&quot;,&quot;autoplay_speed&quot;:5000,&quot;infinite&quot;:&quot;yes&quot;,&quot;transition&quot;:&quot;slide&quot;,&quot;transition_speed&quot;:500}\" data-widget_type=\"slides.default\">\n\t\t\t\t<div class=\"elementor-widget-container\">\n\t\t\t\t\t\t\t\t\t<div class=\"elementor-swiper\">\n\t\t\t\t\t<div class=\"elementor-slides-wrapper elementor-main-swiper swiper\" role=\"region\" aria-roledescription=\"carousel\" aria-label=\"Slider\" dir=\"ltr\" data-animation=\"fadeInUp\">\n\t\t\t\t<div class=\"swiper-wrapper elementor-slides\">\n\t\t\t\t\t\t\t\t\t\t<div class=\"elementor-repeater-item-e1b5d4e swiper-slide\" role=\"group\" aria-roledescription=\"slide\"><div class=\"swiper-slide-bg\" role=\"img\" aria-label=\"Eine Person h\u00e4lt einen geflochtenen Osterkorb voller bunter, gestreifter Ostereier und Bl\u00fcten, mit dem Logo des Hotel Landhaus Lellichow.\"><\/div><div class=\"elementor-background-overlay\"><\/div><div class=\"swiper-slide-inner\" ><div class=\"swiper-slide-contents\"><div class=\"elementor-slide-heading\">Genie\u00dfen Sie die Feiertage mit entspannter Atmosph\u00e4re & kulinarischen Highlights<\/div><div class=\"elementor-slide-description\">Osterzauber im Landhaus<\/div><a href=\"#scroll\" class=\"elementor-button elementor-slide-button elementor-size-sm\">Learn more<\/a><\/div><\/div><\/div>\t\t\t\t<\/div>\n\t\t\t\t\t\t\t<\/div>\n\t\t\t\t<\/div>\n\t\t\t\t\t\t\t\t<\/div>\n\t\t\t\t<\/div>\n\t\t\t\t\t<\/div>\n\t\t<\/div>\n\t\t\t\t\t<\/div>\n\t\t<\/section>\n\t\t\t\t<section class=\"elementor-section elementor-top-section elementor-element elementor-element-41a4cca elementor-section-boxed elementor-section-height-default elementor-section-height-default\" data-id=\"41a4cca\" data-element_type=\"section\" data-e-type=\"section\" id=\"scroll\" data-settings=\"{&quot;background_background&quot;:&quot;classic&quot;}\">\n\t\t\t\t\t\t<div class=\"elementor-container elementor-column-gap-custom\">\n\t\t\t\t\t<div class=\"elementor-column elementor-col-100 elementor-top-column elementor-element elementor-element-366e031\" data-id=\"366e031\" data-element_type=\"column\" data-e-type=\"column\">\n\t\t\t<div class=\"elementor-widget-wrap elementor-element-populated\">\n\t\t\t\t\t\t<div class=\"elementor-element elementor-element-43384e6 elementor-invisible elementor-widget elementor-widget-heading\" data-id=\"43384e6\" data-element_type=\"widget\" data-e-type=\"widget\" data-settings=\"{&quot;_animation&quot;:&quot;fadeInUp&quot;}\" data-widget_type=\"heading.default\">\n\t\t\t\t<div class=\"elementor-widget-container\">\n\t\t\t\t\t<h2 class=\"elementor-heading-title elementor-size-default\">Osterzauber im Landhaus Lellichow<\/h2>\t\t\t\t<\/div>\n\t\t\t\t<\/div>\n\t\t\t\t<div class=\"elementor-element elementor-element-ca88037 elementor-invisible elementor-widget elementor-widget-text-editor\" data-id=\"ca88037\" data-element_type=\"widget\" data-e-type=\"widget\" data-settings=\"{&quot;_animation&quot;:&quot;fadeInUp&quot;}\" data-widget_type=\"text-editor.default\">\n\t\t\t\t<div class=\"elementor-widget-container\">\n\t\t\t\t\t\t\t\t\t<p class=\"p1\">Erleben Sie ein verl\u00e4ngertes Osterwochenende voller Genuss, Natur und Erholung! Unser exklusives Oster-Arrangement bietet Ihnen drei N\u00e4chte im gem\u00fctlichen Ambiente unseres Landhauses \u2013 inklusive kulinarischer H\u00f6hepunkte und aktiver Erlebnisse.<\/p>\n<p class=\"p1\"><b>Ihr Oster-Arrangement beinhaltet:<\/b><\/p>\n<ul>\n<li class=\"p1\">Begr\u00fc\u00dfungsdrink &#8222;Hoppel Cocktail&#8220; zur Einstimmung auf Ihr entspanntes Osterwochenende<\/li>\n<li class=\"p1\">3 \u00dcbernachtungen im gem\u00fctlichen Doppelzimmer inkl. reichhaltigem Fr\u00fchst\u00fccksbuffet<\/li>\n<li class=\"p1\">Osterdinner am Samstagabend \u2013 festliches 3-G\u00e4nge-Men\u00fc<\/li>\n<li class=\"p1\">Osterbrunch am Sonntag \u2013 k\u00f6stliches Buffet mit saisonalen Spezialit\u00e4ten<\/li>\n<li class=\"p1\">E-Bike-Nutzung f\u00fcr eine Fr\u00fchlings-Tour durch die wundersch\u00f6ne Umgebung<\/li>\n<\/ul><div><br><\/div>\n<div>\n<p class=\"p1\"><b>Erleben Sie Ostern entspannt &amp; genussvoll \u2013 jetzt buchen!<\/b><\/p>\n<p class=\"p1\" style=\"margin: 0px; font-variant-numeric: normal; font-variant-east-asian: normal; font-variant-alternates: normal; font-size-adjust: none; font-kerning: auto; font-optical-sizing: auto; font-feature-settings: normal; font-variation-settings: normal; font-variant-position: normal; font-stretch: normal; font-size: 14.5px; line-height: normal; font-family: Helvetica; color: #000000;\"><b>&nbsp;<\/b><\/p>\n<p class=\"p1\"><b>Preis f\u00fcr 2 Personen: ab 499,00 Euro<\/b><\/p>\n<p class=\"p1\"><b><br><\/b><\/p>\n<p class=\"p1\"><b>Wir freuen uns darauf, Ihnen ein unvergessliches Osterwochenende zu bereiten und Sie in unserem Landhaus willkommen zu hei\u00dfen!<\/b><\/p>\n<p class=\"p1\" style=\"margin: 0px; font-variant-numeric: normal; font-variant-east-asian: normal; font-variant-alternates: normal; font-size-adjust: none; font-kerning: auto; font-optical-sizing: auto; font-feature-settings: normal; font-variation-settings: normal; font-variant-position: normal; font-stretch: normal; font-size: 14.5px; line-height: normal; font-family: Helvetica; color: #000000;\"><b>&nbsp;<\/b><\/p>\n<\/div>\t\t\t\t\t\t\t\t<\/div>\n\t\t\t\t<\/div>\n\t\t\t\t<div class=\"elementor-element elementor-element-9971b82 elementor-align-center elementor-widget elementor-widget-button\" data-id=\"9971b82\" data-element_type=\"widget\" data-e-type=\"widget\" data-widget_type=\"button.default\">\n\t\t\t\t<div class=\"elementor-widget-container\">\n\t\t\t\t\t\t\t\t\t<div class=\"elementor-button-wrapper\">\n\t\t\t\t\t<a class=\"elementor-button elementor-button-link elementor-size-sm\" href=\"https:\/\/reservations.hotel-spider.com\/02F5d7b49780038e\/package\/02F67c48cc5cce3e\">\n\t\t\t\t\t\t<span class=\"elementor-button-content-wrapper\">\n\t\t\t\t\t\t\t\t\t<span class=\"elementor-button-text\">Book now<\/span>\n\t\t\t\t\t<\/span>\n\t\t\t\t\t<\/a>\n\t\t\t\t<\/div>\n\t\t\t\t\t\t\t\t<\/div>\n\t\t\t\t<\/div>\n\t\t\t\t\t<\/div>\n\t\t<\/div>\n\t\t\t\t\t<\/div>\n\t\t<\/section>\n\t\t\t\t<\/div>","protected":false},"excerpt":{"rendered":"<p>Genie\u00dfen Sie die Feiertage mit entspannter Atmosph\u00e4re &#038; kulinarischen HighlightsOsterzauber im LandhausMehr erfahren Osterzauber im Landhaus Lellichow Erleben Sie ein verl\u00e4ngertes Osterwochenende voller Genuss, Natur und Erholung! Unser exklusives Oster-Arrangement bietet Ihnen drei N\u00e4chte im gem\u00fctlichen Ambiente unseres Landhauses \u2013 inklusive kulinarischer H\u00f6hepunkte und aktiver Erlebnisse. Ihr Oster-Arrangement beinhaltet: Begr\u00fc\u00dfungsdrink &#8222;Hoppel Cocktail&#8220; zur Einstimmung auf [&hellip;]<\/p>\n","protected":false},"author":2,"featured_media":0,"parent":0,"menu_order":0,"comment_status":"closed","ping_status":"closed","template":"elementor_header_footer","meta":{"footnotes":""},"class_list":["post-5249","page","type-page","status-publish","hentry"],"yoast_head":"<!-- This site is optimized with the Yoast SEO plugin v27.3 - https:\/\/yoast.com\/product\/yoast-seo-wordpress\/ -->\n<title>Osterzauber im Landhaus Lellichow - Landhaus Lellichow<\/title>\n<meta name=\"robots\" content=\"index, follow, max-snippet:-1, max-image-preview:large, max-video-preview:-1\" \/>\n<link rel=\"canonical\" href=\"https:\/\/landhaus-lellichow.de\/en\/osterzauber-im-landhaus-lellichow\/\" \/>\n<meta property=\"og:locale\" content=\"en_GB\" \/>\n<meta property=\"og:type\" content=\"article\" \/>\n<meta property=\"og:title\" content=\"Osterzauber im Landhaus Lellichow - Landhaus Lellichow\" \/>\n<meta property=\"og:description\" content=\"Genie\u00dfen Sie die Feiertage mit entspannter Atmosph\u00e4re &#038; kulinarischen HighlightsOsterzauber im LandhausMehr erfahren Osterzauber im Landhaus Lellichow Erleben Sie ein verl\u00e4ngertes Osterwochenende voller Genuss, Natur und Erholung! Unser exklusives Oster-Arrangement bietet Ihnen drei N\u00e4chte im gem\u00fctlichen Ambiente unseres Landhauses \u2013 inklusive kulinarischer H\u00f6hepunkte und aktiver Erlebnisse. Ihr Oster-Arrangement beinhaltet: Begr\u00fc\u00dfungsdrink &#8222;Hoppel Cocktail&#8220; zur Einstimmung auf [&hellip;]\" \/>\n<meta property=\"og:url\" content=\"https:\/\/landhaus-lellichow.de\/en\/osterzauber-im-landhaus-lellichow\/\" \/>\n<meta property=\"og:site_name\" content=\"Landhaus Lellichow\" \/>\n<meta property=\"article:modified_time\" content=\"2025-04-03T10:13:20+00:00\" \/>\n<meta name=\"twitter:card\" content=\"summary_large_image\" \/>\n<meta name=\"twitter:label1\" content=\"Estimated reading time\" \/>\n\t<meta name=\"twitter:data1\" content=\"1 minute\" \/>\n<script type=\"application\/ld+json\" class=\"yoast-schema-graph\">{\"@context\":\"https:\\\/\\\/schema.org\",\"@graph\":[{\"@type\":\"WebPage\",\"@id\":\"https:\\\/\\\/landhaus-lellichow.de\\\/osterzauber-im-landhaus-lellichow\\\/\",\"url\":\"https:\\\/\\\/landhaus-lellichow.de\\\/osterzauber-im-landhaus-lellichow\\\/\",\"name\":\"Osterzauber im Landhaus Lellichow - Landhaus Lellichow\",\"isPartOf\":{\"@id\":\"https:\\\/\\\/landhaus-lellichow.de\\\/#website\"},\"datePublished\":\"2025-03-13T10:32:58+00:00\",\"dateModified\":\"2025-04-03T10:13:20+00:00\",\"breadcrumb\":{\"@id\":\"https:\\\/\\\/landhaus-lellichow.de\\\/osterzauber-im-landhaus-lellichow\\\/#breadcrumb\"},\"inLanguage\":\"en-GB\",\"potentialAction\":[{\"@type\":\"ReadAction\",\"target\":[\"https:\\\/\\\/landhaus-lellichow.de\\\/osterzauber-im-landhaus-lellichow\\\/\"]}]},{\"@type\":\"BreadcrumbList\",\"@id\":\"https:\\\/\\\/landhaus-lellichow.de\\\/osterzauber-im-landhaus-lellichow\\\/#breadcrumb\",\"itemListElement\":[{\"@type\":\"ListItem\",\"position\":1,\"name\":\"Startseite\",\"item\":\"https:\\\/\\\/landhaus-lellichow.de\\\/\"},{\"@type\":\"ListItem\",\"position\":2,\"name\":\"Osterzauber im Landhaus Lellichow\"}]},{\"@type\":\"WebSite\",\"@id\":\"https:\\\/\\\/landhaus-lellichow.de\\\/#website\",\"url\":\"https:\\\/\\\/landhaus-lellichow.de\\\/\",\"name\":\"Landhaus Lellichow\",\"description\":\"Ihr Hotel im Herzen Brandenburgs.\",\"publisher\":{\"@id\":\"https:\\\/\\\/landhaus-lellichow.de\\\/#organization\"},\"potentialAction\":[{\"@type\":\"SearchAction\",\"target\":{\"@type\":\"EntryPoint\",\"urlTemplate\":\"https:\\\/\\\/landhaus-lellichow.de\\\/?s={search_term_string}\"},\"query-input\":{\"@type\":\"PropertyValueSpecification\",\"valueRequired\":true,\"valueName\":\"search_term_string\"}}],\"inLanguage\":\"en-GB\"},{\"@type\":\"Organization\",\"@id\":\"https:\\\/\\\/landhaus-lellichow.de\\\/#organization\",\"name\":\"Landhaus Lellichow\",\"url\":\"https:\\\/\\\/landhaus-lellichow.de\\\/\",\"logo\":{\"@type\":\"ImageObject\",\"inLanguage\":\"en-GB\",\"@id\":\"https:\\\/\\\/landhaus-lellichow.de\\\/#\\\/schema\\\/logo\\\/image\\\/\",\"url\":\"https:\\\/\\\/landhaus-lellichow.de\\\/wp-content\\\/uploads\\\/2021\\\/12\\\/cropped-Hotel-Landhaus_Lellichow_Logo_gross.png\",\"contentUrl\":\"https:\\\/\\\/landhaus-lellichow.de\\\/wp-content\\\/uploads\\\/2021\\\/12\\\/cropped-Hotel-Landhaus_Lellichow_Logo_gross.png\",\"width\":400,\"height\":140,\"caption\":\"Landhaus Lellichow\"},\"image\":{\"@id\":\"https:\\\/\\\/landhaus-lellichow.de\\\/#\\\/schema\\\/logo\\\/image\\\/\"}}]}<\/script>\n<!-- \/ Yoast SEO plugin. -->","yoast_head_json":{"title":"Osterzauber im Landhaus Lellichow - Landhaus Lellichow","robots":{"index":"index","follow":"follow","max-snippet":"max-snippet:-1","max-image-preview":"max-image-preview:large","max-video-preview":"max-video-preview:-1"},"canonical":"https:\/\/landhaus-lellichow.de\/en\/osterzauber-im-landhaus-lellichow\/","og_locale":"en_GB","og_type":"article","og_title":"Osterzauber im Landhaus Lellichow - Landhaus Lellichow","og_description":"Genie\u00dfen Sie die Feiertage mit entspannter Atmosph\u00e4re &#038; kulinarischen HighlightsOsterzauber im LandhausMehr erfahren Osterzauber im Landhaus Lellichow Erleben Sie ein verl\u00e4ngertes Osterwochenende voller Genuss, Natur und Erholung! Unser exklusives Oster-Arrangement bietet Ihnen drei N\u00e4chte im gem\u00fctlichen Ambiente unseres Landhauses \u2013 inklusive kulinarischer H\u00f6hepunkte und aktiver Erlebnisse. Ihr Oster-Arrangement beinhaltet: Begr\u00fc\u00dfungsdrink &#8222;Hoppel Cocktail&#8220; zur Einstimmung auf [&hellip;]","og_url":"https:\/\/landhaus-lellichow.de\/en\/osterzauber-im-landhaus-lellichow\/","og_site_name":"Landhaus Lellichow","article_modified_time":"2025-04-03T10:13:20+00:00","twitter_card":"summary_large_image","twitter_misc":{"Estimated reading time":"1 minute"},"schema":{"@context":"https:\/\/schema.org","@graph":[{"@type":"WebPage","@id":"https:\/\/landhaus-lellichow.de\/osterzauber-im-landhaus-lellichow\/","url":"https:\/\/landhaus-lellichow.de\/osterzauber-im-landhaus-lellichow\/","name":"Osterzauber im Landhaus Lellichow - Landhaus Lellichow","isPartOf":{"@id":"https:\/\/landhaus-lellichow.de\/#website"},"datePublished":"2025-03-13T10:32:58+00:00","dateModified":"2025-04-03T10:13:20+00:00","breadcrumb":{"@id":"https:\/\/landhaus-lellichow.de\/osterzauber-im-landhaus-lellichow\/#breadcrumb"},"inLanguage":"en-GB","potentialAction":[{"@type":"ReadAction","target":["https:\/\/landhaus-lellichow.de\/osterzauber-im-landhaus-lellichow\/"]}]},{"@type":"BreadcrumbList","@id":"https:\/\/landhaus-lellichow.de\/osterzauber-im-landhaus-lellichow\/#breadcrumb","itemListElement":[{"@type":"ListItem","position":1,"name":"Startseite","item":"https:\/\/landhaus-lellichow.de\/"},{"@type":"ListItem","position":2,"name":"Osterzauber im Landhaus Lellichow"}]},{"@type":"WebSite","@id":"https:\/\/landhaus-lellichow.de\/#website","url":"https:\/\/landhaus-lellichow.de\/","name":"Landhaus Lellichow","description":"Ihr Hotel im Herzen Brandenburgs.","publisher":{"@id":"https:\/\/landhaus-lellichow.de\/#organization"},"potentialAction":[{"@type":"SearchAction","target":{"@type":"EntryPoint","urlTemplate":"https:\/\/landhaus-lellichow.de\/?s={search_term_string}"},"query-input":{"@type":"PropertyValueSpecification","valueRequired":true,"valueName":"search_term_string"}}],"inLanguage":"en-GB"},{"@type":"Organization","@id":"https:\/\/landhaus-lellichow.de\/#organization","name":"Landhaus Lellichow","url":"https:\/\/landhaus-lellichow.de\/","logo":{"@type":"ImageObject","inLanguage":"en-GB","@id":"https:\/\/landhaus-lellichow.de\/#\/schema\/logo\/image\/","url":"https:\/\/landhaus-lellichow.de\/wp-content\/uploads\/2021\/12\/cropped-Hotel-Landhaus_Lellichow_Logo_gross.png","contentUrl":"https:\/\/landhaus-lellichow.de\/wp-content\/uploads\/2021\/12\/cropped-Hotel-Landhaus_Lellichow_Logo_gross.png","width":400,"height":140,"caption":"Landhaus Lellichow"},"image":{"@id":"https:\/\/landhaus-lellichow.de\/#\/schema\/logo\/image\/"}}]}},"_links":{"self":[{"href":"https:\/\/landhaus-lellichow.de\/en\/wp-json\/wp\/v2\/pages\/5249","targetHints":{"allow":["GET"]}}],"collection":[{"href":"https:\/\/landhaus-lellichow.de\/en\/wp-json\/wp\/v2\/pages"}],"about":[{"href":"https:\/\/landhaus-lellichow.de\/en\/wp-json\/wp\/v2\/types\/page"}],"author":[{"embeddable":true,"href":"https:\/\/landhaus-lellichow.de\/en\/wp-json\/wp\/v2\/users\/2"}],"replies":[{"embeddable":true,"href":"https:\/\/landhaus-lellichow.de\/en\/wp-json\/wp\/v2\/comments?post=5249"}],"version-history":[{"count":13,"href":"https:\/\/landhaus-lellichow.de\/en\/wp-json\/wp\/v2\/pages\/5249\/revisions"}],"predecessor-version":[{"id":5270,"href":"https:\/\/landhaus-lellichow.de\/en\/wp-json\/wp\/v2\/pages\/5249\/revisions\/5270"}],"wp:attachment":[{"href":"https:\/\/landhaus-lellichow.de\/en\/wp-json\/wp\/v2\/media?parent=5249"}],"curies":[{"name":"wp","href":"https:\/\/api.w.org\/{rel}","templated":true}]}}